{"id":1117,"date":"2025-04-13T16:00:11","date_gmt":"2025-04-13T13:00:11","guid":{"rendered":"https:\/\/mywhieda.com\/?post_type=product&#038;p=1117"},"modified":"2025-12-27T23:58:03","modified_gmt":"2025-12-27T20:58:03","slug":"nabor-vse-dlya-zhenskogo-zdorovya-2-2-2-2","status":"publish","type":"product","link":"https:\/\/mywhieda.com\/pt\/product\/nabor-vse-dlya-zhenskogo-zdorovya-2-2-2-2\/","title":{"rendered":"Defina tudo para a sa\u00fade da mulher"},"content":{"rendered":"<p><span style=\"font-weight: 400;\">Sua sa\u00fade \u00e9 a chave para a beleza e a energia: por que \u00e9 importante cuidar da sa\u00fade da mulher<\/span><\/p>\n<p><span style=\"font-weight: 400;\">N\u00f3s, mulheres, estamos acostumadas a ser fortes, multitarefas e n\u00e3o reclamar de fadiga. Mas e se fadiga constante, problemas de mem\u00f3ria e concentra\u00e7\u00e3o, resfriados frequentes, dores nas articula\u00e7\u00f5es ou problemas digestivos n\u00e3o forem apenas ninharias &#171;femininas&#187;, mas sinais de um desequil\u00edbrio no corpo?<\/span><\/p>\n<p><span style=\"font-weight: 400;\">A medicina ocidental tradicionalmente se concentra no tratamento dos sintomas, mas a medicina chinesa oferece uma abordagem diferente. Ele se esfor\u00e7a para restaurar a harmonia e o equil\u00edbrio do corpo, porque a doen\u00e7a n\u00e3o \u00e9 um inimigo, mas um sinal da necessidade de cuidar de si mesmo.<\/span><\/p>\n<p>&nbsp;<\/p>\n<p><b>Quais sintomas podem indicar problemas com a sa\u00fade da mulher?<\/b><\/p>\n<p>&nbsp;<\/p>\n<ul>\n<li style=\"font-weight: 400;\" aria-level=\"1\"><span style=\"font-weight: 400;\">Fadiga constante: S\u00edndrome da fadiga cr\u00f4nica, falta de energia mesmo ap\u00f3s descanso suficiente.<\/span><\/li>\n<li style=\"font-weight: 400;\" aria-level=\"1\"><span style=\"font-weight: 400;\">Mem\u00f3ria e concentra\u00e7\u00e3o prejudicadas: dificuldade em lembrar informa\u00e7\u00f5es, distra\u00e7\u00e3o.<\/span><\/li>\n<li style=\"font-weight: 400;\" aria-level=\"1\"><span style=\"font-weight: 400;\">Faringite cr\u00f4nica: voz mais profunda, garganta seca, cordas vocais fracas, linfonodos cervicais aumentados.<\/span><\/li>\n<li style=\"font-weight: 400;\" aria-level=\"1\"><span style=\"font-weight: 400;\">Dores musculares e articulares: dor cr\u00f4nica, rigidez de movimento.<\/span><\/li>\n<li style=\"font-weight: 400;\" aria-level=\"1\"><span style=\"font-weight: 400;\">Dores de cabe\u00e7a: dores de cabe\u00e7a frequentes, enxaquecas.<\/span><\/li>\n<li style=\"font-weight: 400;\" aria-level=\"1\"><span style=\"font-weight: 400;\">Sono inquieto: Problemas para adormecer, acordar com frequ\u00eancia, fadiga ap\u00f3s o sono.<\/span><\/li>\n<li style=\"font-weight: 400;\" aria-level=\"1\"><span style=\"font-weight: 400;\">Desconforto durante a atividade f\u00edsica: fadiga, falta de ar.<\/span><\/li>\n<li style=\"font-weight: 400;\" aria-level=\"1\"><span style=\"font-weight: 400;\">Zumbido: ru\u00eddo constante ou intermitente, zumbido nos ouvidos.<\/span><\/li>\n<li style=\"font-weight: 400;\" aria-level=\"1\"><span style=\"font-weight: 400;\">Nariz escorrendo constantemente: rinite cr\u00f4nica, congest\u00e3o nasal.<\/span><\/li>\n<li style=\"font-weight: 400;\" aria-level=\"1\"><span style=\"font-weight: 400;\">Problemas de press\u00e3o arterial: hipertens\u00e3o, hipotens\u00e3o.<\/span><\/li>\n<li style=\"font-weight: 400;\" aria-level=\"1\"><span style=\"font-weight: 400;\">Dor durante a menstrua\u00e7\u00e3o: dor intensa, c\u00f3licas, ciclo irregular.<\/span><\/li>\n<li style=\"font-weight: 400;\" aria-level=\"1\"><span style=\"font-weight: 400;\">Problemas ginecol\u00f3gicos: processos inflamat\u00f3rios, desequil\u00edbrio hormonal.<\/span><\/li>\n<li style=\"font-weight: 400;\" aria-level=\"1\"><span style=\"font-weight: 400;\">Resfriados frequentes: imunidade fraca, ARVI frequente.<\/span><\/li>\n<li style=\"font-weight: 400;\" aria-level=\"1\"><span style=\"font-weight: 400;\">Imunidade fraca: aumento da suscetibilidade a infec\u00e7\u00f5es.<\/span><\/li>\n<li style=\"font-weight: 400;\" aria-level=\"1\"><span style=\"font-weight: 400;\">Flatul\u00eancia: flatul\u00eancia, desconforto abdominal.<\/span><\/li>\n<li style=\"font-weight: 400;\" aria-level=\"1\"><span style=\"font-weight: 400;\">Problemas digestivos: constipa\u00e7\u00e3o, diarr\u00e9ia, azia.<\/span><\/li>\n<li style=\"font-weight: 400;\" aria-level=\"1\"><span style=\"font-weight: 400;\">Problemas estomacais: gastrite, \u00falceras.<\/span><\/li>\n<\/ul>\n<p>&nbsp;<\/p>\n<p><b>Lembre-se de que todo sintoma \u00e9 um sinal de que algo est\u00e1 errado no corpo e precisa ser corrigido.<\/b><\/p>\n<p>&nbsp;<\/p>\n<p><span style=\"font-weight: 400;\">Em vez de &#171;tratar doen\u00e7as&#187;, a medicina chinesa se esfor\u00e7a para curar, prevenir e manter a sa\u00fade. Ajuda a restaurar a harmonia no corpo e torn\u00e1-lo jovem, bonito e cheio de energia novamente.<\/span><\/p>\n<p><span style=\"font-weight: 400;\">\u00c9 por isso que recomendamos prestar aten\u00e7\u00e3o \u00e0 sele\u00e7\u00e3o de produtos <\/span><b>WHIEDA <\/b><span style=\"font-weight: 400;\">para a sa\u00fade da mulher. Nele voc\u00ea encontrar\u00e1 tudo o que precisa para fortalecer o sistema imunol\u00f3gico, melhorar o funcionamento do trato gastrointestinal, apoiar o sistema reprodutor feminino e restaurar a harmonia no corpo.<\/span><\/p>\n<p><span style=\"font-weight: 400;\">Cuide-se hoje para poder aproveitar a vida amanh\u00e3!<\/span><\/p>\n<p>&nbsp;<\/p>\n<p><b>Almofadas de \u00e2nion Anion+<\/b><\/p>\n<p>&nbsp;<\/p>\n<p><span style=\"font-weight: 400;\">As almofadas ani\u00f4nicas <\/span><b>Anion+<\/b><span style=\"font-weight: 400;\"> n\u00e3o s\u00f3 trazem conforto para as mulheres, mas tamb\u00e9m previnem o desenvolvimento de v\u00e1rias doen\u00e7as ginecol\u00f3gicas!<\/span><\/p>\n<p><span style=\"font-weight: 400;\">Os espa\u00e7adores de \u00e2nions usam um processador magn\u00e9tico de \u00e2nions especial, cuja tecnologia recebeu at\u00e9 tr\u00eas patentes. Cont\u00e9m fibras de bambu.<\/span><\/p>\n<p><span style=\"font-weight: 400;\">O fluido menstrual feminino cont\u00e9m grandes quantidades de bact\u00e9rias anaer\u00f3bicas. Os \u00e2nions absorvem bact\u00e9rias anaer\u00f3bicas formando oxig\u00eanio livre, eliminando assim as condi\u00e7\u00f5es de sua vida e reprodu\u00e7\u00e3o.<\/span><\/p>\n<p><span style=\"font-weight: 400;\">O processador de \u00e2nions magn\u00e9ticos ajuda a restaurar o equil\u00edbrio biomagn\u00e9tico no corpo, melhora a circula\u00e7\u00e3o sangu\u00ednea, alivia a inflama\u00e7\u00e3o e a dor, fortalece a imunidade e tamb\u00e9m tem um efeito positivo nas c\u00e9lulas nervosas, melhorando o estado emocional da mulher em seus dias cr\u00edticos.<\/span><\/p>\n<p><span style=\"font-weight: 400;\">As fibras de bambu t\u00eam propriedades como aliviar a inflama\u00e7\u00e3o, remover o excesso de umidade e eliminar odores desagrad\u00e1veis.<\/span><\/p>\n<p><span style=\"font-weight: 400;\">Ao contr\u00e1rio de outras veda\u00e7\u00f5es, as veda\u00e7\u00f5es ani\u00f4nicas n\u00e3o apenas ret\u00eam \u00e1gua, mas tamb\u00e9m permitem a passagem do ar, evitando assim a propaga\u00e7\u00e3o de bact\u00e9rias patog\u00eanicas.<\/span><\/p>\n<p><span style=\"font-weight: 400;\">A subst\u00e2ncia contida no revestimento do espa\u00e7ador de \u00e2nions foi patenteada para a inven\u00e7\u00e3o. \u00c9 ecologicamente correto e n\u00e3o polui o meio ambiente, pois se decomp\u00f5e completamente em 1-2 anos.<\/span><\/p>\n<p><span style=\"font-weight: 400;\">O corrimento menstrual de uma mulher come\u00e7a a produzir bact\u00e9rias nocivas dentro de 18 minutos ap\u00f3s o corrimento. Bem, n\u00e3o podemos trocar as almofadas a cada 18 minutos. E se a foca n\u00e3o permitir a passagem do ar, pode haver um grande ac\u00famulo dessas bact\u00e9rias nocivas, que acabam levando a v\u00e1rias doen\u00e7as at\u00e9 a infertilidade.<\/span><\/p>\n<p><span style=\"font-weight: 400;\">As almofadas ani\u00f4nicas proporcionam 12 horas de uso cont\u00ednuo, sem propaga\u00e7\u00e3o de bact\u00e9rias.<\/span><\/p>\n<p><span style=\"font-weight: 400;\">As almofadas de \u00e2nion + \u00e2nion tamb\u00e9m cont\u00eam um processador magn\u00e9tico com \u00edons de prata que cont\u00e9m fibras de bambu. A superf\u00edcie macia da almofada est\u00e1 em contato pr\u00f3ximo com os \u00f3rg\u00e3os genitais femininos, forma uma camada protetora, tem um efeito curativo nos \u00f3rg\u00e3os reprodutivos e destr\u00f3i bact\u00e9rias patog\u00eanicas.<\/span><\/p>\n<h3><\/h3>\n<p><b>Gel antibacteriano<\/b><\/p>\n<p>&nbsp;<\/p>\n<p><span style=\"font-weight: 400;\">O gel antibacteriano consiste em extratos naturais de plantas com efeitos antibacterianos e componentes bioativos naturais. Al\u00e9m de ter efeito desinfetante e espermicida, tamb\u00e9m proporciona cuidados preventivos e prote\u00e7\u00e3o. O Laborat\u00f3rio Microbiol\u00f3gico de Xangai realizou testes especiais que comprovaram cientificamente que o gel antibacteriano destr\u00f3i 99,53% do v\u00edrus da imunodefici\u00eancia humana (HIV 1). O gel tem uma composi\u00e7\u00e3o \u00fanica em uma base natural e vegetal. Gra\u00e7as \u00e0 sua forma c\u00f3nica pr\u00e1tica, o gel \u00e9 f\u00e1cil e descomplicado de usar e tem um efeito direto.<\/span><\/p>\n<p><span style=\"font-weight: 400;\">O gel antibacteriano \u00e9:<\/span><\/p>\n<ol>\n<li style=\"font-weight: 400;\" aria-level=\"1\"><span style=\"font-weight: 400;\">Preven\u00e7\u00e3o e tratamento de doen\u00e7as como vaginose bacteriana, colpite f\u00fangica, vaginite por Trichomonas, eros\u00e3o cervical, colpite relacionada \u00e0 idade, anexite e v\u00e1rias outras doen\u00e7as inflamat\u00f3rias dos \u00f3rg\u00e3os p\u00e9lvicos; eficaz em cloasma, miomas uterinos, p\u00f3lipos e cistos de v\u00e1rias localiza\u00e7\u00f5es.<\/span><\/li>\n<li style=\"font-weight: 400;\" aria-level=\"1\"><span style=\"font-weight: 400;\">Coceira vaginal e genital.<\/span><\/li>\n<li style=\"font-weight: 400;\" aria-level=\"1\"><span style=\"font-weight: 400;\">Hidrata\u00e7\u00e3o, nutri\u00e7\u00e3o e restaura\u00e7\u00e3o do ambiente natural, cuidado integral para a sa\u00fade \u00edntima da mulher.<\/span><\/li>\n<li style=\"font-weight: 400;\" aria-level=\"1\"><span style=\"font-weight: 400;\">Contracep\u00e7\u00e3o segura.<\/span><\/li>\n<\/ol>\n<p>&nbsp;<\/p>\n<p><b>Spray rejuvenescedor com efeito lifting<\/b><\/p>\n<p>&nbsp;<\/p>\n<p><span style=\"font-weight: 400;\">O tema do rejuvenescimento, mais cedo ou mais tarde, surge na frente de todas as mulheres. A gama de produtos antienvelhecimento \u00e9 muito ampla, portanto, escolher a op\u00e7\u00e3o de tratamento certa n\u00e3o \u00e9 f\u00e1cil. Se voc\u00ea escolher o <\/span><b>YOUTHFULNESS FREEZE SPRAY<\/b><span style=\"font-weight: 400;\">, com certeza ficar\u00e1 satisfeito. O rem\u00e9dio moderno n\u00e3o \u00e9 pior que o lend\u00e1rio Botox, mas ao mesmo tempo n\u00e3o agride a pele e n\u00e3o causa deteriora\u00e7\u00e3o severa ap\u00f3s o t\u00e9rmino do tratamento. Em poucas semanas, as rugas desaparecem e a pele fica mais firme e el\u00e1stica. A alta efici\u00eancia a um pre\u00e7o acess\u00edvel distingue o novo produto de seus an\u00e1logos, que provavelmente n\u00e3o dar\u00e3o resultados igualmente bons.<\/span><\/p>\n<p><span style=\"font-weight: 400;\">O desejo de muitas mulheres \u00e9 restaurar a elasticidade e hidratar a pele, mas nem sempre os cremes ajudam a alcan\u00e7ar o efeito desejado. Existe uma maneira mais eficaz \u2013 use o spray de creme antienvelhecimento YOUTHFULNESS FREEZE SPRAY. Acelera o crescimento atrav\u00e9s da secre\u00e7\u00e3o de col\u00e1geno e elastina.<\/span><\/p>\n<h3><\/h3>\n<p><b>Ativador de c\u00e9lulas<\/b><\/p>\n<p>&nbsp;<\/p>\n<p><span style=\"font-weight: 400;\">Ativa c\u00e9lulas dormentes, restaura c\u00e9lulas danificadas, destr\u00f3i radicais livres, estimula a autocura do corpo, aumenta o t\u00f4nus geral, previne o aparecimento de doen\u00e7as e limpa rapidamente os meridianos e a linfa. Lida bem com erup\u00e7\u00f5es cut\u00e2neas, papilomas e psor\u00edase, previne o aparecimento de rugas, prolonga a juventude, ativa o crescimento de novos cabelos, devolve pigmentos aos cabelos e ajuda a eliminar o incha\u00e7o. Um tratamento com o ativador que dura meia hora tem o mesmo efeito que 10 tratamentos de acupuntura, 20 tratamentos com ventosas ou 30 sess\u00f5es de massagem manual.<\/span><\/p>\n<h3><\/h3>\n<p><b>Massageador de bioenergia MAGIC FOHERB<\/b><\/p>\n<p>&nbsp;<\/p>\n<p><span style=\"font-weight: 400;\">Gra\u00e7as a isso, voc\u00ea pode facilmente realizar procedimentos preventivos e terap\u00eauticos em casa sem ir a uma cl\u00ednica: acupuntura, massagem terap\u00eautica, massagem ventosa, massagem gua sha (massagem com raspador \u00f3sseo; um m\u00e9todo de influenciar pontos biologicamente ativos na medicina tradicional chinesa). e outros procedimentos. O massageador tamb\u00e9m pode ser usado em cosm\u00e9ticos, para emagrecer e combater a celulite.<\/span><\/p>\n<h3><\/h3>\n<p><b>Sauna &#171;Ba-Gua&#187;<\/b><\/p>\n<p>&nbsp;<\/p>\n<p><span style=\"font-weight: 400;\">Uma sauna ajuda n\u00e3o s\u00f3 a relaxar, mas tamb\u00e9m a melhorar a sa\u00fade, melhorar o metabolismo, perder peso e aliviar a dor. Mas nem todo mundo tem a oportunidade de ir \u00e0 sauna regularmente. \u00c9 por isso que chamamos a aten\u00e7\u00e3o para a sauna exclusiva &#171;Ba-Gua&#187;, que tamb\u00e9m pode ser usada em casa.<\/span><\/p>\n<p><span style=\"font-weight: 400;\">Esta \u00e9 uma mini-sauna que utiliza tecnologias especiais, bem como as propriedades f\u00edsicas de pedras como turmalina e jade negro. Com a ajuda de pedras curativas e um design de tecido especial, nossa sauna cria um microclima \u00fanico que tem um efeito terap\u00eautico em todo o corpo: melhora a microcircula\u00e7\u00e3o sangu\u00ednea e os processos metab\u00f3licos, remove toxinas e res\u00edduos, melhora a condi\u00e7\u00e3o da pele, combate a inflama\u00e7\u00e3o e a dor, alivia a fadiga e ajuda a relaxar.<\/span><\/p>\n<h3><\/h3>\n<p><b>Palmilhas corretivas<\/b><\/p>\n<p>&nbsp;<\/p>\n<p><span style=\"font-weight: 400;\">Os p\u00e9s s\u00e3o o segundo cora\u00e7\u00e3o. O processo de circula\u00e7\u00e3o sangu\u00ednea por todo o corpo est\u00e1 intimamente relacionado aos p\u00e9s, desde ficar em p\u00e9 at\u00e9 andar \u2013 da\u00ed a for\u00e7a e a velocidade da circula\u00e7\u00e3o sangu\u00ednea. Se os p\u00e9s n\u00e3o estiverem saud\u00e1veis, os vasos sangu\u00edneos neles n\u00e3o servir\u00e3o ao seu prop\u00f3sito, o sangue pode se acumular nas extremidades inferiores e os problemas de sa\u00fade s\u00e3o inevit\u00e1veis<\/span><\/p>\n<p><span style=\"font-weight: 400;\">Almofadas corretivas significam a sa\u00fade do esqueleto e de todo o corpo. Devido \u00e0 gravidade, dist\u00farbios metab\u00f3licos, cargas de for\u00e7a, press\u00e3o e peculiaridades ocupacionais, a coluna vertebral \u00e9 curvatura, resultando em uma curvatura de todo o esqueleto. 80% dos problemas de sa\u00fade est\u00e3o de alguma forma relacionados \u00e0 curvatura esquel\u00e9tica. Por um lado, o esqueleto sustenta todo o corpo e, por outro lado, a medula espinhal \u00e9 a base do sistema nervoso central. Se a curvatura esquel\u00e9tica leva a nervos comprimidos, o suprimento de impulso do c\u00e9rebro para os \u00f3rg\u00e3os \u00e9 bloqueado, as fun\u00e7\u00f5es corporais e as fun\u00e7\u00f5es celulares s\u00e3o perturbadas e surgem v\u00e1rias dificuldades.<\/span><\/p>\n<p><span style=\"font-weight: 400;\">As palmilhas ajudam a melhorar a postura, garantem uma distribui\u00e7\u00e3o uniforme da press\u00e3o no p\u00e9, massageiam a zona reflexa do p\u00e9, corrigem os p\u00e9s chatos e fortalecem a forma correta do p\u00e9<\/span><\/p>\n<h3><\/h3>\n<p><b>\u00d3culos de alta tecnologia<\/b><\/p>\n<p>&nbsp;<\/p>\n<p><span style=\"font-weight: 400;\">O mundo est\u00e1 se desenvolvendo rapidamente, novas coisas da moda est\u00e3o aparecendo no mercado. No entanto, acreditamos que um item n\u00e3o deve estar apenas na moda, mas tamb\u00e9m ser bom para o corpo. Os \u00f3culos de computador de alta tecnologia protegem voc\u00ea da radia\u00e7\u00e3o emitida pelo monitor do computador.<\/span><\/p>\n<p><span style=\"font-weight: 400;\">Os \u00f3culos de alta tecnologia oferecem prote\u00e7\u00e3o contra radia\u00e7\u00e3o, al\u00edvio da fadiga ocular, tecnologia avan\u00e7ada para trabalhar em um computador e proteger, fortalecer e otimizar sua vis\u00e3o.<\/span><\/p>\n<h3><\/h3>\n<p><b>Estoladas de Energia (Palantin)<\/b><\/p>\n<p>&nbsp;<\/p>\n<p><span style=\"font-weight: 400;\">O germ\u00e2nio org\u00e2nico na estola tem a fun\u00e7\u00e3o de radia\u00e7\u00e3o infravermelha e libera\u00e7\u00e3o de \u00e2nions.<\/span><\/p>\n<ul>\n<li style=\"font-weight: 400;\" aria-level=\"1\"><span style=\"font-weight: 400;\">Ajuda a melhorar a circula\u00e7\u00e3o sangu\u00ednea e a microcircula\u00e7\u00e3o.<\/span><\/li>\n<li style=\"font-weight: 400;\" aria-level=\"1\"><span style=\"font-weight: 400;\">Ajuda a eliminar o desconforto e aliviar a fadiga no pesco\u00e7o e cintura escapular.<\/span><\/li>\n<li style=\"font-weight: 400;\" aria-level=\"1\"><span style=\"font-weight: 400;\">Retarda o envelhecimento da pele e melhora os indicadores de sa\u00fade.<\/span><\/li>\n<li style=\"font-weight: 400;\" aria-level=\"1\"><span style=\"font-weight: 400;\">Conforto e cuidados com a pele: Uma t\u00e9cnica \u00fanica de tecelagem feita de materiais macios, leves e finos permite reter o calor, proporcionar conforto e respirabilidade e dar \u00e0 pele uma sensa\u00e7\u00e3o de cuidado delicado.<\/span><\/li>\n<\/ul>\n<h3><\/h3>\n<p><b>Kit Completo de Restaura\u00e7\u00e3o Corporal<\/b><\/p>\n<p>&nbsp;<\/p>\n<p><span style=\"font-weight: 400;\">Um princ\u00edpio importante da medicina chinesa: a doen\u00e7a n\u00e3o \u00e9 um inimigo a ser combatido. A doen\u00e7a \u00e9 um sinal de um desequil\u00edbrio no corpo. Na medicina chinesa, n\u00e3o existe o conceito de &#171;doen\u00e7a \u2013 dose de um medicamento&#187;. Em vez disso, o foco est\u00e1 no bem-estar, preven\u00e7\u00e3o e manuten\u00e7\u00e3o da sa\u00fade.<\/span><\/p>\n<p><span style=\"font-weight: 400;\">Imagine que voc\u00ea tem um jardim de inf\u00e2ncia. Se n\u00e3o houver \u00e1gua suficiente, as plantas murcham. Para que voltem a florescer, \u00e9 necess\u00e1rio n\u00e3o s\u00f3 reg\u00e1-los, mas tamb\u00e9m criar condi\u00e7\u00f5es favor\u00e1veis: solo, luz, calor. O mesmo vale para o nosso corpo: para restaurar a sa\u00fade, voc\u00ea precisa n\u00e3o apenas tratar o sintoma, mas tamb\u00e9m restaurar o equil\u00edbrio do yin e yang, limpar o corpo e fornecer energia vital.<\/span><\/p>\n<p><span style=\"font-weight: 400;\">A Medicina Chinesa oferece uma abordagem abrangente:<\/span><\/p>\n<ul>\n<li aria-level=\"1\"><b>Regula\u00e7\u00e3o: <\/b><span style=\"font-weight: 400;\">Em primeiro lugar, tentamos restaurar a harmonia no corpo.<\/span><\/li>\n<\/ul>\n<ul>\n<li aria-level=\"1\"><b>Limpeza: <\/b><span style=\"font-weight: 400;\">O pr\u00f3ximo passo \u00e9 limpar o corpo de res\u00edduos e toxinas.<\/span><\/li>\n<\/ul>\n<ul>\n<li aria-level=\"1\"><b>Recupera\u00e7\u00e3o: <\/b><span style=\"font-weight: 400;\">Na \u00faltima fase, restauramos a energia nutrindo o corpo e fortalecendo suas defesas.<\/span><\/li>\n<\/ul>\n<p>&nbsp;<\/p>\n<p><b>Nossos especialistas em medicina chinesa prepararam para voc\u00ea um complexo para a restaura\u00e7\u00e3o completa do seu corpo com produtos whieda.<\/b><\/p>\n","protected":false},"featured_media":274,"template":"","categories":[6,7],"class_list":["post-1117","product","type-product","status-publish","has-post-thumbnail","hentry","categories-vse-tovary","categories-nabory"],"acf":[],"_links":{"self":[{"href":"https:\/\/mywhieda.com\/pt\/wp-json\/wp\/v2\/product\/1117","targetHints":{"allow":["GET"]}}],"collection":[{"href":"https:\/\/mywhieda.com\/pt\/wp-json\/wp\/v2\/product"}],"about":[{"href":"https:\/\/mywhieda.com\/pt\/wp-json\/wp\/v2\/types\/product"}],"wp:featuredmedia":[{"embeddable":true,"href":"https:\/\/mywhieda.com\/pt\/wp-json\/wp\/v2\/media\/274"}],"wp:attachment":[{"href":"https:\/\/mywhieda.com\/pt\/wp-json\/wp\/v2\/media?parent=1117"}],"wp:term":[{"taxonomy":"categories","embeddable":true,"href":"https:\/\/mywhieda.com\/pt\/wp-json\/wp\/v2\/categories?post=1117"}],"curies":[{"name":"wp","href":"https:\/\/api.w.org\/{rel}","templated":true}]}}