{"id":1121,"date":"2025-04-13T16:09:00","date_gmt":"2025-04-13T13:09:00","guid":{"rendered":"https:\/\/mywhieda.com\/?post_type=product&#038;p=1121"},"modified":"2025-04-13T16:13:01","modified_gmt":"2025-04-13T13:13:01","slug":"dlya-muzhchin-zanyatyh-tyazhelym-fizicheskim-trudom-2-2-2-2","status":"publish","type":"product","link":"https:\/\/mywhieda.com\/pt\/product\/dlya-muzhchin-zanyatyh-tyazhelym-fizicheskim-trudom-2-2-2-2\/","title":{"rendered":"Para homens que fazem trabalho f\u00edsico pesado"},"content":{"rendered":"<p><span style=\"font-weight: 400;\">For\u00e7a e sa\u00fade: como manter a for\u00e7a por muitos anos<\/span><\/p>\n<p><span style=\"font-weight: 400;\">O trabalho dos homens n\u00e3o \u00e9 apenas trabalho, \u00e9 um teste de for\u00e7a, resist\u00eancia e vontade. Voc\u00eas, carregadores, motoristas, trabalhadores da constru\u00e7\u00e3o civil que fazem trabalho f\u00edsico &#8212; voc\u00eas s\u00e3o os portadores da funda\u00e7\u00e3o sobre a qual o mundo se sustenta! Mas \u00e9 importante pensar na sua pr\u00f3pria sa\u00fade para manter a for\u00e7a e a energia por muitos anos.<\/span><\/p>\n<p>&nbsp;<\/p>\n<p><b>Que problemas podem surgir de trabalho f\u00edsico pesado?<\/b><\/p>\n<p>&nbsp;<\/p>\n<ul>\n<li style=\"font-weight: 400;\" aria-level=\"1\"><b>Problemas na coluna: <\/b><span style=\"font-weight: 400;\">dores nas costas, h\u00e9rnias, osteocondrose \u2013 todas essas s\u00e3o consequ\u00eancias do trabalho \u00e1rduo e da postura incorreta.<\/span><\/li>\n<li style=\"font-weight: 400;\" aria-level=\"1\"><b>Problemas nas articula\u00e7\u00f5es: <\/b><span style=\"font-weight: 400;\">Osteoartrite, artrite, dor nos joelhos e ombros s\u00e3o fatores inevit\u00e1veis que acompanham a atividade f\u00edsica.<\/span><\/li>\n<li style=\"font-weight: 400;\" aria-level=\"1\"><b>Doen\u00e7as cardiovasculares: <\/b><span style=\"font-weight: 400;\">press\u00e3o alta, doen\u00e7a arterial coronariana \u2013 tudo isso pode ser causado por dieta irregular, estresse e falta de descanso.<\/span><\/li>\n<li style=\"font-weight: 400;\" aria-level=\"1\"><b>Problemas digestivos: <\/b><span style=\"font-weight: 400;\">gastrite, \u00falceras, pris\u00e3o de ventre \u2013 consequ\u00eancias de uma m\u00e1 alimenta\u00e7\u00e3o e de uma rotina di\u00e1ria irregular.<\/span><\/li>\n<li style=\"font-weight: 400;\" aria-level=\"1\"><b>Fadiga e diminui\u00e7\u00e3o da energia: <\/b><span style=\"font-weight: 400;\">A falta de descanso, m\u00e1 alimenta\u00e7\u00e3o e exerc\u00edcio constante podem levar \u00e0 fadiga e redu\u00e7\u00e3o do desempenho.<\/span><\/li>\n<li style=\"font-weight: 400;\" aria-level=\"1\"><b>Problemas de pele: <\/b><span style=\"font-weight: 400;\">erup\u00e7\u00e3o cut\u00e2nea, dermatite, queimaduras \u2013 consequ\u00eancias de trabalhar ao ar livre ou em condi\u00e7\u00f5es desfavor\u00e1veis.<\/span><\/li>\n<\/ul>\n<p><span style=\"font-weight: 400;\">A medicina ocidental muitas vezes oferece apenas tratamento sintom\u00e1tico sem abordar as causas profundas da doen\u00e7a. A medicina chinesa, no entanto, baseia-se em um princ\u00edpio diferente: as doen\u00e7as n\u00e3o s\u00e3o um inimigo a ser combatido, mas um sinal de um desequil\u00edbrio no corpo.<\/span><\/p>\n<p><span style=\"font-weight: 400;\">Preparamos para voc\u00eas, queridos funcion\u00e1rios, uma sele\u00e7\u00e3o de produtos WHIEDA que ajudam a melhorar a sa\u00fade e restaurar a harmonia no corpo.<\/span><\/p>\n<p><span style=\"font-weight: 400;\">Cuide-se hoje para preservar sua for\u00e7a e energia por muitos anos!<\/span><\/p>\n<p>&nbsp;<\/p>\n<p><b>Ativador de c\u00e9lulas<\/b><\/p>\n<p>&nbsp;<\/p>\n<p><span style=\"font-weight: 400;\">Ativa c\u00e9lulas dormentes, restaura c\u00e9lulas danificadas, destr\u00f3i radicais livres, estimula a autocura do corpo, aumenta o t\u00f4nus geral, previne o aparecimento de doen\u00e7as e limpa rapidamente os meridianos e a linfa. Lida bem com erup\u00e7\u00f5es cut\u00e2neas, papilomas, psor\u00edase e queimaduras, prolonga a juventude, ajuda a eliminar o incha\u00e7o, alivia a dor e melhora o funcionamento dos \u00f3rg\u00e3os internos. Um tratamento com o ativador que dura meia hora tem o mesmo efeito que 10 tratamentos de acupuntura, 20 tratamentos com ventosas ou 30 sess\u00f5es de massagem manual.<\/span><\/p>\n<p>&nbsp;<\/p>\n<p><b>Massageador de bioenergia MAGIC FOHERB<\/b><\/p>\n<p>&nbsp;<\/p>\n<p><span style=\"font-weight: 400;\">Gra\u00e7as a isso, voc\u00ea pode facilmente realizar procedimentos preventivos e terap\u00eauticos em casa sem ir a uma cl\u00ednica: acupuntura, massagem terap\u00eautica, massagem ventosa, massagem gua sha (massagem com raspador \u00f3sseo; um m\u00e9todo de influenciar pontos biologicamente ativos na medicina tradicional chinesa) e outros procedimentos.<\/span><\/p>\n<ul>\n<li style=\"font-weight: 400;\" aria-level=\"1\"><span style=\"font-weight: 400;\">Em primeiro lugar, o massageador \u00e9 recomendado:<\/span><\/li>\n<li style=\"font-weight: 400;\" aria-level=\"1\"><span style=\"font-weight: 400;\">Pessoas com dist\u00farbios musculoesquel\u00e9ticos<\/span><\/li>\n<li style=\"font-weight: 400;\" aria-level=\"1\"><span style=\"font-weight: 400;\">(coluna cervical, articula\u00e7\u00f5es dos ombros, etc.);<\/span><\/li>\n<li style=\"font-weight: 400;\" aria-level=\"1\"><span style=\"font-weight: 400;\">Quando os discos r\u00edgidos s\u00e3o movidos;<\/span><\/li>\n<li style=\"font-weight: 400;\" aria-level=\"1\"><span style=\"font-weight: 400;\">Na artrite reumat\u00f3ide;<\/span><\/li>\n<li style=\"font-weight: 400;\" aria-level=\"1\"><span style=\"font-weight: 400;\">Com necrose;<\/span><\/li>\n<li style=\"font-weight: 400;\" aria-level=\"1\"><span style=\"font-weight: 400;\">Na luta contra a obesidade e celulite;<\/span><\/li>\n<li style=\"font-weight: 400;\" aria-level=\"1\"><span style=\"font-weight: 400;\">Para drenagem linf\u00e1tica e aperto<\/span><\/li>\n<li style=\"font-weight: 400;\" aria-level=\"1\"><span style=\"font-weight: 400;\">Procedimento;<\/span><\/li>\n<li style=\"font-weight: 400;\" aria-level=\"1\"><span style=\"font-weight: 400;\">Para recupera\u00e7\u00e3o ap\u00f3s les\u00f5es e atividade f\u00edsica<\/span><\/li>\n<\/ul>\n<p>&nbsp;<\/p>\n<p><b>Sauna &#171;Ba-Gua&#187;<\/b><\/p>\n<p>&nbsp;<\/p>\n<p><span style=\"font-weight: 400;\">Uma sauna ajuda n\u00e3o s\u00f3 a relaxar, mas tamb\u00e9m a melhorar a sa\u00fade, melhorar o metabolismo, perder peso e aliviar a dor. Mas nem todo mundo tem a oportunidade de ir \u00e0 sauna regularmente. \u00c9 por isso que chamamos a aten\u00e7\u00e3o para a sauna exclusiva &#171;Ba-Gua&#187;, que tamb\u00e9m pode ser usada em casa.<\/span><\/p>\n<p><span style=\"font-weight: 400;\">Esta \u00e9 uma mini-sauna que utiliza tecnologias especiais, bem como as propriedades f\u00edsicas de pedras como turmalina e jade negro. Com a ajuda de pedras curativas e um design de tecido especial, nossa sauna cria um microclima \u00fanico que tem um efeito terap\u00eautico em todo o corpo: melhora a microcircula\u00e7\u00e3o sangu\u00ednea e os processos metab\u00f3licos, remove toxinas e res\u00edduos, melhora a condi\u00e7\u00e3o da pele, combate a inflama\u00e7\u00e3o e a dor, alivia a fadiga e ajuda a relaxar.<\/span><\/p>\n<p>&nbsp;<\/p>\n<p><b>Palmilhas corretivas<\/b><\/p>\n<p>&nbsp;<\/p>\n<p><span style=\"font-weight: 400;\">Os p\u00e9s s\u00e3o o segundo cora\u00e7\u00e3o. O processo de circula\u00e7\u00e3o sangu\u00ednea por todo o corpo est\u00e1 intimamente relacionado aos p\u00e9s, desde ficar em p\u00e9 at\u00e9 andar \u2013 da\u00ed a for\u00e7a e a velocidade da circula\u00e7\u00e3o sangu\u00ednea. Se os p\u00e9s n\u00e3o estiverem saud\u00e1veis, os vasos sangu\u00edneos neles n\u00e3o servir\u00e3o ao seu prop\u00f3sito, o sangue pode se acumular nas extremidades inferiores e os problemas de sa\u00fade s\u00e3o inevit\u00e1veis<\/span><\/p>\n<p><span style=\"font-weight: 400;\">Almofadas corretivas significam a sa\u00fade do esqueleto e de todo o corpo. Devido \u00e0 gravidade, dist\u00farbios metab\u00f3licos, cargas de for\u00e7a, press\u00e3o e peculiaridades ocupacionais, a coluna vertebral \u00e9 curvatura, resultando em uma curvatura de todo o esqueleto. 80% dos problemas de sa\u00fade est\u00e3o de alguma forma relacionados \u00e0 curvatura esquel\u00e9tica. Por um lado, o esqueleto sustenta todo o corpo e, por outro lado, a medula espinhal \u00e9 a base do sistema nervoso central. Se a curvatura esquel\u00e9tica leva a nervos comprimidos, o suprimento de impulso do c\u00e9rebro para os \u00f3rg\u00e3os \u00e9 bloqueado, as fun\u00e7\u00f5es corporais e as fun\u00e7\u00f5es celulares s\u00e3o perturbadas e surgem v\u00e1rias dificuldades.<\/span><\/p>\n<p><span style=\"font-weight: 400;\">As palmilhas ajudam a melhorar a postura, garantem uma distribui\u00e7\u00e3o uniforme da press\u00e3o no p\u00e9, massageiam a zona reflexa do p\u00e9, corrigem os p\u00e9s chatos e fortalecem a forma correta do p\u00e9<\/span><\/p>\n<p>&nbsp;<\/p>\n<p><b>\u00d3culos de alta tecnologia<\/b><\/p>\n<p>&nbsp;<\/p>\n<p><span style=\"font-weight: 400;\">\u00d3culos de alta tecnologia protegem voc\u00ea da radia\u00e7\u00e3o de um monitor de computador ou TV<\/span><\/p>\n<p><span style=\"font-weight: 400;\">Os \u00f3culos de alta tecnologia protegem voc\u00ea da radia\u00e7\u00e3o, aliviam a fadiga ocular e protegem, fortalecem e otimizam sua vis\u00e3o. Recomendamos para pessoas que passam muito tempo lendo livros e na frente de um monitor de computador, bem como pessoas que sofrem de aumento da fadiga e olhos secos, pessoas com mais de 40 anos de idade (come\u00e7a o processo de envelhecimento do corpo), pessoas que sofrem de xeroftalmia, pessoas com aumento da fadiga ocular, pessoas com opacidade v\u00edtrea, ambliopia, presbiopia, miopia, fibrila\u00e7\u00e3o ocular, catarata, glaucoma (a oxigena\u00e7\u00e3o adequada melhora a microcircula\u00e7\u00e3o), Pessoas que t\u00eam problemas com a microcircula\u00e7\u00e3o no sangue e s\u00e3o for\u00e7adas a usar \u00f3culos escuros (a energia qu\u00e2ntica ativa o trabalho das c\u00e9lulas, aumenta sua fun\u00e7\u00e3o oxidativa).<\/span><\/p>\n<p><span style=\"font-weight: 400;\">A estrutura \u00e9 feita de comp\u00f3sitos de grafeno PA6\/G. O grafeno tamb\u00e9m tem a propriedade de emitir \u00edons negativos (\u00e2nions). A estrutura libera entre 1000 e 2200 \u00e2nions por cent\u00edmetro c\u00fabico. A energia dos \u00e2nions ativa as c\u00e9lulas na \u00e1rea dos olhos e a circula\u00e7\u00e3o sangu\u00ednea \u00e9 estimulada.<\/span><\/p>\n<p>&nbsp;<\/p>\n<p><b>Estoladas de Energia (Palantin)<\/b><\/p>\n<p>&nbsp;<\/p>\n<p><span style=\"font-weight: 400;\">O germ\u00e2nio org\u00e2nico na estola tem a fun\u00e7\u00e3o de radia\u00e7\u00e3o infravermelha e libera\u00e7\u00e3o de \u00e2nions.<\/span><\/p>\n<ul>\n<li style=\"font-weight: 400;\" aria-level=\"1\"><span style=\"font-weight: 400;\">Ajuda a melhorar a circula\u00e7\u00e3o sangu\u00ednea e a microcircula\u00e7\u00e3o.<\/span><\/li>\n<li style=\"font-weight: 400;\" aria-level=\"1\"><span style=\"font-weight: 400;\">Ajuda a eliminar o desconforto e aliviar a fadiga no pesco\u00e7o e cintura escapular.<\/span><\/li>\n<li style=\"font-weight: 400;\" aria-level=\"1\"><span style=\"font-weight: 400;\">Retarda o envelhecimento da pele e melhora os indicadores de sa\u00fade.<\/span><\/li>\n<li style=\"font-weight: 400;\" aria-level=\"1\"><span style=\"font-weight: 400;\">Conforto e cuidados com a pele: Uma t\u00e9cnica \u00fanica de tecelagem feita de materiais macios, leves e finos permite reter o calor, proporcionar conforto e respirabilidade e dar \u00e0 pele uma sensa\u00e7\u00e3o de cuidado delicado.<\/span><\/li>\n<\/ul>\n<h3><\/h3>\n<p><b>Kit Completo de Restaura\u00e7\u00e3o Corporal<\/b><\/p>\n<p>&nbsp;<\/p>\n<p><span style=\"font-weight: 400;\">Um princ\u00edpio importante da medicina chinesa: a doen\u00e7a n\u00e3o \u00e9 um inimigo a ser combatido. A doen\u00e7a \u00e9 um sinal de um desequil\u00edbrio no corpo. Na medicina chinesa, n\u00e3o existe o conceito de &#171;doen\u00e7a \u2013 dose de um medicamento&#187;. Em vez disso, o foco est\u00e1 no bem-estar, preven\u00e7\u00e3o e manuten\u00e7\u00e3o da sa\u00fade.<\/span><\/p>\n<p><span style=\"font-weight: 400;\">Imagine que voc\u00ea tem um jardim de inf\u00e2ncia. Se n\u00e3o houver \u00e1gua suficiente, as plantas murcham. Para que voltem a florescer, \u00e9 necess\u00e1rio n\u00e3o s\u00f3 reg\u00e1-los, mas tamb\u00e9m criar condi\u00e7\u00f5es favor\u00e1veis: solo, luz, calor. O mesmo vale para o nosso corpo: para restaurar a sa\u00fade, voc\u00ea precisa n\u00e3o apenas tratar o sintoma, mas tamb\u00e9m restaurar o equil\u00edbrio do yin e yang, limpar o corpo e fornecer energia vital.<\/span><\/p>\n<p>&nbsp;<\/p>\n<p><b>A Medicina Chinesa oferece uma abordagem abrangente:<\/b><\/p>\n<p><b>Regula\u00e7\u00e3o: <\/b><span style=\"font-weight: 400;\">Em primeiro lugar, tentamos restaurar a harmonia no corpo.<\/span><\/p>\n<p><b>Limpeza: <\/b><span style=\"font-weight: 400;\">O pr\u00f3ximo passo \u00e9 limpar o corpo de res\u00edduos e toxinas.<\/span><\/p>\n<p><b>Recupera\u00e7\u00e3o: <\/b><span style=\"font-weight: 400;\">Na \u00faltima fase, restauramos a energia nutrindo o corpo e fortalecendo suas defesas.<\/span><\/p>\n<p><b>Nossos especialistas em medicina chinesa prepararam para voc\u00ea um complexo para a restaura\u00e7\u00e3o completa do seu corpo com produtos whieda.<\/b><\/p>\n","protected":false},"featured_media":293,"template":"","categories":[6,7],"class_list":["post-1121","product","type-product","status-publish","has-post-thumbnail","hentry","categories-vse-tovary","categories-nabory"],"acf":[],"_links":{"self":[{"href":"https:\/\/mywhieda.com\/pt\/wp-json\/wp\/v2\/product\/1121","targetHints":{"allow":["GET"]}}],"collection":[{"href":"https:\/\/mywhieda.com\/pt\/wp-json\/wp\/v2\/product"}],"about":[{"href":"https:\/\/mywhieda.com\/pt\/wp-json\/wp\/v2\/types\/product"}],"wp:featuredmedia":[{"embeddable":true,"href":"https:\/\/mywhieda.com\/pt\/wp-json\/wp\/v2\/media\/293"}],"wp:attachment":[{"href":"https:\/\/mywhieda.com\/pt\/wp-json\/wp\/v2\/media?parent=1121"}],"wp:term":[{"taxonomy":"categories","embeddable":true,"href":"https:\/\/mywhieda.com\/pt\/wp-json\/wp\/v2\/categories?post=1121"}],"curies":[{"name":"wp","href":"https:\/\/api.w.org\/{rel}","templated":true}]}}