{"id":1123,"date":"2025-04-13T16:13:53","date_gmt":"2025-04-13T13:13:53","guid":{"rendered":"https:\/\/mywhieda.com\/?post_type=product&#038;p=1123"},"modified":"2026-03-11T17:58:01","modified_gmt":"2026-03-11T14:58:01","slug":"ventun-2-2-2-2","status":"publish","type":"product","link":"https:\/\/mywhieda.com\/pt\/product\/ventun-2-2-2-2\/","title":{"rendered":"Wentong"},"content":{"rendered":"<h3><b>O resultado do uso do dispositivo Wentong<\/b><span style=\"font-weight: 400;\">\u00a0<\/span><\/h3>\n<p>&nbsp;<\/p>\n<p><span style=\"font-weight: 400;\">De acordo com a medicina tradicional chinesa, o dispositivo Wentong usa t\u00e9cnicas de tonifica\u00e7\u00e3o de aquecimento que elimina o frio e a umidade do corpo, limpam os meridianos e melhoram a circula\u00e7\u00e3o sangu\u00ednea.<\/span><\/p>\n<p><b>1) Radia\u00e7\u00e3o t\u00e9rmica<\/b><span style=\"font-weight: 400;\">\u00a0<\/span><\/p>\n<p><span style=\"font-weight: 400;\">O gerador de ondas de energia de alta tecnologia embutido gera calor de baixo para cima, de dentro para fora, que permeia todo o corpo. As ondas de energia t\u00e9rmica estimulam os pontos de acupuntura nas solas dos p\u00e9s e aceleram o movimento do sangue e das c\u00e9lulas do corpo, resultando em aumento da energia t\u00e9rmica no corpo.<\/span><\/p>\n<p><b>2) Fita de aquecimento<\/b><span style=\"font-weight: 400;\">\u00a0<\/span><\/p>\n<p><span style=\"font-weight: 400;\">Com a ajuda da radia\u00e7\u00e3o infravermelha de longo espectro, atua nos tecidos profundos do corpo, aquece suave e continuamente os m\u00fasculos, melhora a circula\u00e7\u00e3o sangu\u00ednea e alivia a fadiga muscular.<\/span><\/p>\n<p><b>3) Terapia LED<\/b><span style=\"font-weight: 400;\">\u00a0<\/span><\/p>\n<p><span style=\"font-weight: 400;\">Ao usar comprimentos de onda espec\u00edficos de luz vermelha (633 nm) e luz azul (415 nm), o dispositivo Ventun tem um efeito antiinflamat\u00f3rio e antibacteriano, elimina o incha\u00e7o e acelera a cicatriza\u00e7\u00e3o de feridas. Usar luz vermelha e azul ao mesmo tempo \u00e9 aceit\u00e1vel.<\/span><\/p>\n<p><b>4) Plasma<\/b><\/p>\n<p><span style=\"font-weight: 400;\">Cria um ambiente com alta concentra\u00e7\u00e3o de \u00edons positivos e negativos para purificar o ar das bact\u00e9rias. Torna o ar limpo, fresco e agrad\u00e1vel.<\/span><\/p>\n","protected":false},"featured_media":316,"template":"","categories":[6,29],"class_list":["post-1123","product","type-product","status-publish","has-post-thumbnail","hentry","categories-vse-tovary","categories-pribory"],"acf":[],"_links":{"self":[{"href":"https:\/\/mywhieda.com\/pt\/wp-json\/wp\/v2\/product\/1123","targetHints":{"allow":["GET"]}}],"collection":[{"href":"https:\/\/mywhieda.com\/pt\/wp-json\/wp\/v2\/product"}],"about":[{"href":"https:\/\/mywhieda.com\/pt\/wp-json\/wp\/v2\/types\/product"}],"wp:featuredmedia":[{"embeddable":true,"href":"https:\/\/mywhieda.com\/pt\/wp-json\/wp\/v2\/media\/316"}],"wp:attachment":[{"href":"https:\/\/mywhieda.com\/pt\/wp-json\/wp\/v2\/media?parent=1123"}],"wp:term":[{"taxonomy":"categories","embeddable":true,"href":"https:\/\/mywhieda.com\/pt\/wp-json\/wp\/v2\/categories?post=1123"}],"curies":[{"name":"wp","href":"https:\/\/api.w.org\/{rel}","templated":true}]}}