{"id":1125,"date":"2025-04-13T16:18:30","date_gmt":"2025-04-13T13:18:30","guid":{"rendered":"https:\/\/mywhieda.com\/?post_type=product&#038;p=1125"},"modified":"2025-09-13T17:57:36","modified_gmt":"2025-09-13T14:57:36","slug":"pasta-cinfen-4-2-3","status":"publish","type":"product","link":"https:\/\/mywhieda.com\/pt\/product\/pasta-cinfen-4-2-3\/","title":{"rendered":"Pasta Qingfeng"},"content":{"rendered":"<p><b>O que \u00e9 Qingfeng Paste?<\/b><\/p>\n<p><span style=\"font-weight: 400;\">\u00a0<\/span><\/p>\n<p><span style=\"font-weight: 400;\">O consultor internacional da Whieda Society para um estilo de vida saud\u00e1vel, Professor de Medicina Tradicional Chinesa Zhang Daning, desenvolveu a receita da pasta Qingfeng com base em muitos anos de experi\u00eancia cl\u00ednica e na aplica\u00e7\u00e3o eficaz do m\u00e9todo exclusivo de &#171;fortalecer os rins e melhorar a circula\u00e7\u00e3o sangu\u00ednea&#187;. \u00c9 feito de ingredientes selecionados de acordo com uma antiga tecnologia da medicina chinesa.<\/span><\/p>\n<p>&nbsp;<\/p>\n<p><span style=\"font-weight: 400;\">Todos os ingredientes passam por 8 etapas tradicionais: sele\u00e7\u00e3o, prepara\u00e7\u00e3o, limpeza, macera\u00e7\u00e3o, torrefa\u00e7\u00e3o, extra\u00e7\u00e3o, filtra\u00e7\u00e3o e coleta \u2013 dando-lhes um sabor suave e um aroma rico e cremoso.<\/span><\/p>\n<p><span style=\"font-weight: 400;\">\u00a0<\/span><\/p>\n<p><b>Para que serve a pasta Qingfeng?<\/b><\/p>\n<p>&nbsp;<\/p>\n<p><span style=\"font-weight: 400;\">No mundo moderno, todos enfrentamos as consequ\u00eancias de h\u00e1bitos pouco saud\u00e1veis, como dist\u00farbios do sono, indigest\u00e3o ap\u00f3s refei\u00e7\u00f5es suntuosas, falta de exerc\u00edcios, consumo excessivo de \u00e1lcool ou tabagismo, etc. Todos esses h\u00e1bitos afetam gradualmente nossa sa\u00fade, o que acaba levando a uma redu\u00e7\u00e3o da qualidade de vida ou a s\u00e9rios problemas de sa\u00fade. A Pasta Qingfeng \u00e9 um produto de alta qualidade que combina propriedades nutricionais e preventivas que ajudam a restaurar a vitalidade e apoiar a sa\u00fade f\u00edsica e mental.<\/span><\/p>\n<p>&nbsp;<\/p>\n<p><span style=\"font-weight: 400;\">Resultados do uso da pasta Qingfeng:<\/span><\/p>\n<p>&nbsp;<\/p>\n<ol>\n<li style=\"font-weight: 400;\" aria-level=\"1\"><span style=\"font-weight: 400;\">Apoia o funcionamento do sistema cardiovascular;<\/span><\/li>\n<li style=\"font-weight: 400;\" aria-level=\"1\"><span style=\"font-weight: 400;\">Protege o f\u00edgado e o ba\u00e7o;<\/span><\/li>\n<li style=\"font-weight: 400;\" aria-level=\"1\"><span style=\"font-weight: 400;\">Reduz a press\u00e3o arterial;<\/span><\/li>\n<li style=\"font-weight: 400;\" aria-level=\"1\"><span style=\"font-weight: 400;\">Contribui para a redu\u00e7\u00e3o dos n\u00edveis de l\u00edpidos no sangue;<\/span><\/li>\n<li style=\"font-weight: 400;\" aria-level=\"1\"><span style=\"font-weight: 400;\">Melhora o funcionamento do est\u00f4mago e sua secre\u00e7\u00e3o;<\/span><\/li>\n<li style=\"font-weight: 400;\" aria-level=\"1\"><span style=\"font-weight: 400;\">Promove a circula\u00e7\u00e3o sangu\u00ednea;<\/span><\/li>\n<li style=\"font-weight: 400;\" aria-level=\"1\"><span style=\"font-weight: 400;\">Tem efeito diur\u00e9tico e reduz o incha\u00e7o;<\/span><\/li>\n<li style=\"font-weight: 400;\" aria-level=\"1\"><span style=\"font-weight: 400;\">Possui efeito antioxidante;<\/span><\/li>\n<li style=\"font-weight: 400;\" aria-level=\"1\"><span style=\"font-weight: 400;\">Alivia os sintomas de gota e outras doen\u00e7as<\/span><\/li>\n<\/ol>\n<p>&nbsp;<\/p>\n<p><span style=\"font-weight: 400;\">Indica\u00e7\u00f5es de uso:<\/span><\/p>\n<p>&nbsp;<\/p>\n<ul>\n<li style=\"font-weight: 400;\" aria-level=\"1\"><span style=\"font-weight: 400;\">Tabagismo e consumo de \u00e1lcool<\/span><\/li>\n<li style=\"font-weight: 400;\" aria-level=\"1\"><span style=\"font-weight: 400;\">Dieta pouco saud\u00e1vel<\/span><\/li>\n<li style=\"font-weight: 400;\" aria-level=\"1\"><span style=\"font-weight: 400;\">Obesidade<\/span><\/li>\n<li style=\"font-weight: 400;\" aria-level=\"1\"><span style=\"font-weight: 400;\">Estresse e tens\u00e3o<\/span><\/li>\n<li style=\"font-weight: 400;\" aria-level=\"1\"><span style=\"font-weight: 400;\">Idade M\u00e9dia e Idosos<\/span><\/li>\n<li style=\"font-weight: 400;\" aria-level=\"1\"><span style=\"font-weight: 400;\">Doen\u00e7as heredit\u00e1rias<\/span><\/li>\n<li style=\"font-weight: 400;\" aria-level=\"1\"><span style=\"font-weight: 400;\">Doen\u00e7as cr\u00f4nicas<\/span><\/li>\n<li style=\"font-weight: 400;\" aria-level=\"1\"><span style=\"font-weight: 400;\">Desconforto nas articula\u00e7\u00f5es<\/span><\/li>\n<li style=\"font-weight: 400;\" aria-level=\"1\"><span style=\"font-weight: 400;\">Falta de atividade f\u00edsica<\/span><\/li>\n<li style=\"font-weight: 400;\" aria-level=\"1\"><span style=\"font-weight: 400;\">Gota<\/span><\/li>\n<\/ul>\n<p>&nbsp;<\/p>\n","protected":false},"featured_media":814,"template":"","categories":[6,32],"class_list":["post-1125","product","type-product","status-publish","has-post-thumbnail","hentry","categories-vse-tovary","categories-dieticheskie-dobavki"],"acf":[],"_links":{"self":[{"href":"https:\/\/mywhieda.com\/pt\/wp-json\/wp\/v2\/product\/1125","targetHints":{"allow":["GET"]}}],"collection":[{"href":"https:\/\/mywhieda.com\/pt\/wp-json\/wp\/v2\/product"}],"about":[{"href":"https:\/\/mywhieda.com\/pt\/wp-json\/wp\/v2\/types\/product"}],"wp:featuredmedia":[{"embeddable":true,"href":"https:\/\/mywhieda.com\/pt\/wp-json\/wp\/v2\/media\/814"}],"wp:attachment":[{"href":"https:\/\/mywhieda.com\/pt\/wp-json\/wp\/v2\/media?parent=1125"}],"wp:term":[{"taxonomy":"categories","embeddable":true,"href":"https:\/\/mywhieda.com\/pt\/wp-json\/wp\/v2\/categories?post=1125"}],"curies":[{"name":"wp","href":"https:\/\/api.w.org\/{rel}","templated":true}]}}