{"id":1249,"date":"2025-08-28T18:01:44","date_gmt":"2025-08-28T15:01:44","guid":{"rendered":"https:\/\/mywhieda.com\/?post_type=product&#038;p=1249"},"modified":"2025-08-29T21:13:11","modified_gmt":"2025-08-29T18:13:11","slug":"kapsuly-zhelezo-kalciy-cink-selen-6","status":"publish","type":"product","link":"https:\/\/mywhieda.com\/pt\/product\/kapsuly-zhelezo-kalciy-cink-selen-6\/","title":{"rendered":"C\u00e1psulas de C\u00e1lcio, Ferro, Zinco e Sel\u00eanio"},"content":{"rendered":"<p><span style=\"font-weight: 400;\">Essas c\u00e1psulas s\u00e3o produzidas a partir de algas marinhas cruas naturalmente ricas em c\u00e1lcio e s\u00e3o adicionalmente enriquecidas com ferro porfir\u00ednico, gluconato de zinco, levedura enriquecida com sel\u00eanio, gluconato de ferro e outros minerais ben\u00e9ficos. Elas fornecem ao organismo quatro minerais essenciais.<\/span><\/p>\n<p>&nbsp;<\/p>\n<p><b>O papel dos minerais no corpo humano:<\/b><\/p>\n<ul>\n<li style=\"font-weight: 400;\" aria-level=\"1\"><b>C\u00e1lcio<\/b><span style=\"font-weight: 400;\"> \u2013 componente vital dos ossos e dentes; crescimento, desenvolvimento, fun\u00e7\u00f5es fisiol\u00f3gicas e desempenho do sistema imunol\u00f3gico s\u00e3o imposs\u00edveis sem c\u00e1lcio.<\/span><\/li>\n<li style=\"font-weight: 400;\" aria-level=\"1\"><b>Ferro<\/b><span style=\"font-weight: 400;\"> \u2013 parte essencial da hemoglobina e respons\u00e1vel pelo bom funcionamento do sistema hematopoi\u00e9tico. O ferro porfir\u00ednico aumenta a capacidade de transporte de oxig\u00eanio da hemoglobina em 25%.<\/span><\/li>\n<li style=\"font-weight: 400;\" aria-level=\"1\"><b>Zinco<\/b><span style=\"font-weight: 400;\"> \u2013 desempenha papel fundamental no desenvolvimento das c\u00e9lulas cerebrais, apoia a imunidade geral, aumenta o apetite e melhora a percep\u00e7\u00e3o do paladar.<\/span><\/li>\n<li style=\"font-weight: 400;\" aria-level=\"1\"><b>Sel\u00eanio<\/b><span style=\"font-weight: 400;\"> \u2013 fortalece o sistema imunol\u00f3gico, retarda processos de envelhecimento causados pela oxida\u00e7\u00e3o e inibe o crescimento de tumores.<\/span><\/li>\n<\/ul>\n<p>&nbsp;<\/p>\n<p><b>Defici\u00eancias minerais no organismo:<\/b><\/p>\n<ul>\n<li style=\"font-weight: 400;\" aria-level=\"1\"><b>Defici\u00eancia de c\u00e1lcio:<\/b><span style=\"font-weight: 400;\"> dores nas articula\u00e7\u00f5es, dores nas costas, fraqueza nas pernas, osteoporose, perda de dentes, tonturas, ins\u00f4nia, queda de cabelo, crescimento retardado, dorm\u00eancia nos membros, raquitismo, entre outros.<\/span><\/li>\n<li style=\"font-weight: 400;\" aria-level=\"1\"><b>Defici\u00eancia de ferro:<\/b><span style=\"font-weight: 400;\"> fadiga, pele amarelada, palidez, anemia, falta de apetite, extremidades frias, crescimento retardado, baixa imunidade etc.<\/span><\/li>\n<li style=\"font-weight: 400;\" aria-level=\"1\"><b>Defici\u00eancia de zinco:<\/b><span style=\"font-weight: 400;\"> mem\u00f3ria fraca, falta de aten\u00e7\u00e3o, atraso no desenvolvimento, pele opaca, c\u00e1ries, perda de apetite, baixa resist\u00eancia a doen\u00e7as etc.<\/span><\/li>\n<li style=\"font-weight: 400;\" aria-level=\"1\"><b>Defici\u00eancia de sel\u00eanio:<\/b><span style=\"font-weight: 400;\"> imunidade enfraquecida, queda de cabelo, unhas fr\u00e1geis, problemas de pele, dist\u00farbios neurol\u00f3gicos, problemas reprodutivos, doen\u00e7as cardiovasculares, hipertens\u00e3o, diabetes, tumores etc.<\/span><\/li>\n<\/ul>\n<p>&nbsp;<\/p>\n<p><b>A necessidade de ingest\u00e3o adicional de minerais:<\/b><b><br \/>\n<\/b><span style=\"font-weight: 400;\"> C\u00e1lcio, ferro, zinco e sel\u00eanio s\u00e3o minerais essenciais para o corpo humano. Muitos problemas de sa\u00fade est\u00e3o relacionados ao desequil\u00edbrio desses elementos. Embora cada um atue de forma independente, eles s\u00e3o inter-relacionados \u2014 a defici\u00eancia de um pode desencadear uma rea\u00e7\u00e3o em cadeia de problemas de sa\u00fade.<\/span><span style=\"font-weight: 400;\"><br \/>\n<\/span><span style=\"font-weight: 400;\"> Pesquisas mostraram que muitas pessoas apresentam defici\u00eancia simult\u00e2nea de c\u00e1lcio, ferro, zinco e sel\u00eanio. Nessas situa\u00e7\u00f5es, suplementar apenas um deles n\u00e3o resulta em melhora significativa da sa\u00fade.<\/span><\/p>\n<p>&nbsp;<\/p>\n<p><b>Aplica\u00e7\u00e3o das C\u00e1psulas de C\u00e1lcio, Ferro, Zinco e Sel\u00eanio:<\/b><b><br \/>\n<\/b><span style=\"font-weight: 400;\"> Estudos farmacocin\u00e9ticos confirmaram que esses quatro elementos \u2014 c\u00e1lcio, ferro, zinco e sel\u00eanio \u2014 podem ser absorvidos simultaneamente pelo organismo humano. Eles n\u00e3o competem entre si; pelo contr\u00e1rio, promovem a absor\u00e7\u00e3o m\u00fatua!<\/span><\/p>\n<ul>\n<li style=\"font-weight: 400;\" aria-level=\"1\"><span style=\"font-weight: 400;\">Tomar ferro, zinco e sel\u00eanio junto com c\u00e1lcio ajuda a fortalecer ossos e imunidade, aumentar a resist\u00eancia a infec\u00e7\u00f5es e apoiar o metabolismo.<\/span><\/li>\n<li style=\"font-weight: 400;\" aria-level=\"1\"><span style=\"font-weight: 400;\">Tomar c\u00e1lcio, zinco e sel\u00eanio junto com ferro auxilia no tratamento da anemia, aumenta a capacidade de transporte de oxig\u00eanio da hemoglobina, melhora a fun\u00e7\u00e3o cognitiva, estabiliza o humor e apoia a capacidade mental, f\u00edsica e de trabalho em pacientes an\u00eamicos.<\/span><\/li>\n<li style=\"font-weight: 400;\" aria-level=\"1\"><span style=\"font-weight: 400;\">Tomar c\u00e1lcio, ferro e sel\u00eanio junto com zinco melhora o apetite, a absor\u00e7\u00e3o de c\u00e1lcio, a circula\u00e7\u00e3o e a sa\u00fade geral.<\/span><\/li>\n<\/ul>\n<p><span style=\"font-weight: 400;\">Tomar c\u00e1lcio, ferro e zinco junto com sel\u00eanio fortalece o sistema imunol\u00f3gico e os ossos, melhora a absor\u00e7\u00e3o de nutrientes, a mem\u00f3ria e o sono.<\/span><span style=\"font-weight: 400;\"><br \/>\n<\/span><\/p>\n","protected":false},"featured_media":321,"template":"","categories":[6,32],"class_list":["post-1249","product","type-product","status-publish","has-post-thumbnail","hentry","categories-vse-tovary","categories-dieticheskie-dobavki"],"acf":[],"_links":{"self":[{"href":"https:\/\/mywhieda.com\/pt\/wp-json\/wp\/v2\/product\/1249","targetHints":{"allow":["GET"]}}],"collection":[{"href":"https:\/\/mywhieda.com\/pt\/wp-json\/wp\/v2\/product"}],"about":[{"href":"https:\/\/mywhieda.com\/pt\/wp-json\/wp\/v2\/types\/product"}],"wp:featuredmedia":[{"embeddable":true,"href":"https:\/\/mywhieda.com\/pt\/wp-json\/wp\/v2\/media\/321"}],"wp:attachment":[{"href":"https:\/\/mywhieda.com\/pt\/wp-json\/wp\/v2\/media?parent=1249"}],"wp:term":[{"taxonomy":"categories","embeddable":true,"href":"https:\/\/mywhieda.com\/pt\/wp-json\/wp\/v2\/categories?post=1249"}],"curies":[{"name":"wp","href":"https:\/\/api.w.org\/{rel}","templated":true}]}}