{"id":1371,"date":"2025-12-02T14:30:44","date_gmt":"2025-12-02T11:30:44","guid":{"rendered":"https:\/\/mywhieda.com\/?post_type=product&#038;p=1371"},"modified":"2025-12-02T14:30:44","modified_gmt":"2025-12-02T11:30:44","slug":"omolazhivayushchiy-sprey-s-lifting-effektom-3-8","status":"publish","type":"product","link":"https:\/\/mywhieda.com\/pt\/product\/omolazhivayushchiy-sprey-s-lifting-effektom-3-8\/","title":{"rendered":"M\u00e1scara com Efeito Lifting FUNDESEE"},"content":{"rendered":"<p><span style=\"font-weight: 400;\">A m\u00e1scara com efeito lifting FUNDESEE \u00e9 um cuidado di\u00e1rio premium para o rosto, proporcionando um tratamento lifting completo e apoiando a juventude da pele. A m\u00e1scara cont\u00e9m uma alta concentra\u00e7\u00e3o de mol\u00e9culas de \u00e1gua, hidratando e nutrindo a pele de forma eficaz. A seda hidrolisada promove a produ\u00e7\u00e3o de col\u00e1geno e ajuda a melhorar a firmeza e elasticidade da pele.<\/span><span style=\"font-weight: 400;\"><br \/>\n<\/span><span style=\"font-weight: 400;\"> Adequada para pele propensa a ressecamento, sensa\u00e7\u00e3o de repuxamento, descama\u00e7\u00e3o, sensibilidade aumentada, tom opaco, al\u00e9m de reduzir a apar\u00eancia de rugas e manter a pele lisa e fresca.<\/span><\/p>\n<p>&nbsp;<\/p>\n<h3><b>Quatro componentes principais<\/b><\/h3>\n<p><b>Sericina<\/b><b><br \/>\n<\/b><span style=\"font-weight: 400;\"> Prote\u00edna contendo 18 tipos de amino\u00e1cidos. Ajuda a limpar a pele e a manter o equil\u00edbrio hidrolip\u00eddico da epiderme. A sericina proveniente da seda hidrolisada contribui para um tom uniforme e suavidade da pele.<\/span><\/p>\n<p><b>Fibro\u00edna<\/b><b><br \/>\n<\/b><span style=\"font-weight: 400;\"> Fibra natural derivada da seda. Ajuda a manter o n\u00edvel ideal de hidrata\u00e7\u00e3o, deixando a pele mais lisa, macia e el\u00e1stica, proporcionando um brilho saud\u00e1vel.<\/span><\/p>\n<p><b>Quitosana<\/b><b><br \/>\n<\/b><span style=\"font-weight: 400;\"> Polissacar\u00eddeo com alta capacidade de adsor\u00e7\u00e3o. Ajuda a limpar a pele de impurezas e res\u00edduos de cosm\u00e9ticos, proporcionando sensa\u00e7\u00e3o de limpeza e frescor.<\/span><\/p>\n<p><b>Hialuronato de s\u00f3dio<\/b><b><br \/>\n<\/b><span style=\"font-weight: 400;\"> Forma de \u00e1cido hialur\u00f4nico que hidrata a pele, tornando-a mais lisa e firme.<\/span><\/p>\n<p>&nbsp;<\/p>\n<p><b>Efeitos da m\u00e1scara rejuvenescedora com efeito lifting FUNDESEE:<\/b><b><br \/>\n<\/b><span style=\"font-weight: 400;\"> \u2022 Hidrata a pele<\/span><span style=\"font-weight: 400;\"><br \/>\n<\/span><span style=\"font-weight: 400;\"> \u2022 Limpa e refresca<\/span><span style=\"font-weight: 400;\"><br \/>\n<\/span><span style=\"font-weight: 400;\"> \u2022 Possui propriedades antioxidantes<\/span><span style=\"font-weight: 400;\"><br \/>\n<\/span><span style=\"font-weight: 400;\"> \u2022 Ajuda a reduzir o incha\u00e7o e olheiras<\/span><span style=\"font-weight: 400;\"><br \/>\n<\/span><span style=\"font-weight: 400;\"> \u2022 Cria efeito lifting<\/span><span style=\"font-weight: 400;\"><br \/>\n<\/span><span style=\"font-weight: 400;\"> \u2022 Torna a pele mais lisa e firme<\/span><\/p>\n<p><strong>Na embalagem \u2014 10 m\u00e1scaras.<\/strong><\/p>\n","protected":false},"featured_media":1347,"template":"","categories":[6,33],"class_list":["post-1371","product","type-product","status-publish","has-post-thumbnail","hentry","categories-vse-tovary","categories-kosmetika"],"acf":[],"_links":{"self":[{"href":"https:\/\/mywhieda.com\/pt\/wp-json\/wp\/v2\/product\/1371","targetHints":{"allow":["GET"]}}],"collection":[{"href":"https:\/\/mywhieda.com\/pt\/wp-json\/wp\/v2\/product"}],"about":[{"href":"https:\/\/mywhieda.com\/pt\/wp-json\/wp\/v2\/types\/product"}],"wp:featuredmedia":[{"embeddable":true,"href":"https:\/\/mywhieda.com\/pt\/wp-json\/wp\/v2\/media\/1347"}],"wp:attachment":[{"href":"https:\/\/mywhieda.com\/pt\/wp-json\/wp\/v2\/media?parent=1371"}],"wp:term":[{"taxonomy":"categories","embeddable":true,"href":"https:\/\/mywhieda.com\/pt\/wp-json\/wp\/v2\/categories?post=1371"}],"curies":[{"name":"wp","href":"https:\/\/api.w.org\/{rel}","templated":true}]}}