{"id":1160,"date":"2025-05-24T18:34:00","date_gmt":"2025-05-24T15:34:00","guid":{"rendered":"https:\/\/mywhieda.com\/?post_type=product&#038;p=1160"},"modified":"2026-04-08T17:44:40","modified_gmt":"2026-04-08T14:44:40","slug":"saunata-ba-gua-2-2-2","status":"publish","type":"product","link":"https:\/\/mywhieda.com\/tr\/product\/saunata-ba-gua-2-2-2\/","title":{"rendered":"Ba Gua Saunas\u0131"},"content":{"rendered":"<p><span style=\"font-weight: 400;\">Sauna sadece rahatlamaya yard\u0131mc\u0131 olmakla kalmaz, ayn\u0131 zamanda sa\u011fl\u0131\u011f\u0131 g\u00fc\u00e7lendirir, metabolizmay\u0131 iyile\u015ftirir, kilo kayb\u0131n\u0131 destekler ve a\u011fr\u0131lar\u0131 hafifletir. Ancak herkes d\u00fczenli olarak saunaya gidemeyebilir; bu nedenle evde kolayl\u0131kla kullan\u0131labilen \u201cBa-Gua\u201d saunas\u0131n\u0131 sunuyoruz.<\/span><\/p>\n<p>&nbsp;<\/p>\n<p><b>\u201cBa-Gua\u201d saunas\u0131 nedir?<\/b><\/p>\n<p>&nbsp;<\/p>\n<p><span style=\"font-weight: 400;\">\u00a0Bu, turmalin ve siyah ye\u015fim gibi ta\u015flar\u0131n fiziksel \u00f6zelliklerini ve \u00f6zel teknolojileri kullanan bir mini saunad\u0131r. \u015eifal\u0131 ta\u015flar ve \u00f6zel kuma\u015f yap\u0131s\u0131 sayesinde sauna, t\u00fcm v\u00fccut \u00fczerinde terap\u00f6tik etkisi olan benzersiz bir mikroklima olu\u015fturur: kan mikrosirk\u00fclasyonunu ve metabolik s\u00fcre\u00e7leri iyile\u015ftirir, toksinleri ve at\u0131klar\u0131 ortadan kald\u0131r\u0131r, cildi g\u00fczelle\u015ftirir, iltihap ve a\u011fr\u0131larla sava\u015f\u0131r, yorgunlu\u011fu hafifletir ve rahatlamay\u0131 destekler.<\/span><\/p>\n","protected":false},"featured_media":721,"template":"","categories":[6,29],"class_list":["post-1160","product","type-product","status-publish","has-post-thumbnail","hentry","categories-vse-tovary","categories-pribory"],"acf":[],"_links":{"self":[{"href":"https:\/\/mywhieda.com\/tr\/wp-json\/wp\/v2\/product\/1160","targetHints":{"allow":["GET"]}}],"collection":[{"href":"https:\/\/mywhieda.com\/tr\/wp-json\/wp\/v2\/product"}],"about":[{"href":"https:\/\/mywhieda.com\/tr\/wp-json\/wp\/v2\/types\/product"}],"wp:featuredmedia":[{"embeddable":true,"href":"https:\/\/mywhieda.com\/tr\/wp-json\/wp\/v2\/media\/721"}],"wp:attachment":[{"href":"https:\/\/mywhieda.com\/tr\/wp-json\/wp\/v2\/media?parent=1160"}],"wp:term":[{"taxonomy":"categories","embeddable":true,"href":"https:\/\/mywhieda.com\/tr\/wp-json\/wp\/v2\/categories?post=1160"}],"curies":[{"name":"wp","href":"https:\/\/api.w.org\/{rel}","templated":true}]}}