{"id":1162,"date":"2025-05-24T18:44:24","date_gmt":"2025-05-24T15:44:24","guid":{"rendered":"https:\/\/mywhieda.com\/?post_type=product&#038;p=1162"},"modified":"2026-03-06T12:40:47","modified_gmt":"2026-03-06T09:40:47","slug":"kletchen-aktivator-3-2-2","status":"publish","type":"product","link":"https:\/\/mywhieda.com\/tr\/product\/kletchen-aktivator-3-2-2\/","title":{"rendered":"H\u00fccre Aktivat\u00f6r\u00fc"},"content":{"rendered":"<h3><b>Kullan\u0131m endikasyonlar\u0131<\/b><\/h3>\n<p>&nbsp;<\/p>\n<p><span style=\"font-weight: 400;\">H\u00fccre aktivat\u00f6r\u00fc \u015fu durumlarda yard\u0131mc\u0131 olabilir:<\/span><\/p>\n<p><span style=\"font-weight: 400;\">Jinekolojik iltihaplar, rahim miyomu, yumurtal\u0131k kistleri, servisit, pelvik iltihap, vajinit, \u201crahim so\u011fuklu\u011fu\u201d vb. Prostatit, prostat b\u00fcy\u00fcmesi, a\u011fr\u0131l\u0131 veya zor idrara \u00e7\u0131kma, gece s\u0131k s\u0131k idrara \u00e7\u0131kma, g\u00fc\u00e7 kayb\u0131. Bron\u015fit, rinofarenjit, omuz periartriti, servikal spondiloz, meme hiperplazisi, gastrit ve enterit, nefrit, miyokardit, artrit, hepatit, pankreatit, menenjit, \u00e7e\u015fitli yan\u0131klar ve cilt enfeksiyonlar\u0131, so\u011fuk alg\u0131nl\u0131\u011f\u0131nda ate\u015f, ishal. A\u011fr\u0131lar: omuz ve boyun a\u011fr\u0131s\u0131, romatizmal ve eklem a\u011fr\u0131lar\u0131, mide a\u011fr\u0131s\u0131, dismenore, ba\u015f a\u011fr\u0131s\u0131, t\u00fcm\u00f6rler, di\u015f a\u011fr\u0131s\u0131, gut, dizde romatizmal a\u011fr\u0131, farkl\u0131 tipte nevraljiler. Durgunluklar (p\u0131ht\u0131lar): meridyenlerde, lenf sisteminde, kalp ve beyin damarlar\u0131nda, varis, tiroit iltihab\u0131, ya\u011f bezeleri, katarakt, hipermetropi, ya\u015fl\u0131l\u0131k lekeleri, Parkinson hastal\u0131\u011f\u0131<\/span><span style=\"font-weight: 400;\"><br \/>\n<\/span><span style=\"font-weight: 400;\"> Cilt sorunlar\u0131: pityriasis, egzama, sedef hastal\u0131\u011f\u0131, vitiligo, koltuk altlar\u0131nda k\u00f6t\u00fc kokulu terleme, \u00fcrtiker ve di\u011fer cilt iltihaplar\u0131<\/span><span style=\"font-weight: 400;\"><br \/>\n<\/span><span style=\"font-weight: 400;\"> Estetik kusurlar: sark\u0131k cilt, pigmentasyon, akne, Qi ve kan eksikli\u011fi, \u00f6dem, obezite<\/span><\/p>\n<p><span style=\"font-weight: 400;\">Yar\u0131m saatlik bir seans: 10 akupunktur seans\u0131na, 20 hacamat uygulamas\u0131na, 30 manuel masaja e\u015fde\u011fer etki sa\u011flar.<\/span><\/p>\n","protected":false},"featured_media":735,"template":"","categories":[6,29],"class_list":["post-1162","product","type-product","status-publish","has-post-thumbnail","hentry","categories-vse-tovary","categories-pribory"],"acf":[],"_links":{"self":[{"href":"https:\/\/mywhieda.com\/tr\/wp-json\/wp\/v2\/product\/1162","targetHints":{"allow":["GET"]}}],"collection":[{"href":"https:\/\/mywhieda.com\/tr\/wp-json\/wp\/v2\/product"}],"about":[{"href":"https:\/\/mywhieda.com\/tr\/wp-json\/wp\/v2\/types\/product"}],"wp:featuredmedia":[{"embeddable":true,"href":"https:\/\/mywhieda.com\/tr\/wp-json\/wp\/v2\/media\/735"}],"wp:attachment":[{"href":"https:\/\/mywhieda.com\/tr\/wp-json\/wp\/v2\/media?parent=1162"}],"wp:term":[{"taxonomy":"categories","embeddable":true,"href":"https:\/\/mywhieda.com\/tr\/wp-json\/wp\/v2\/categories?post=1162"}],"curies":[{"name":"wp","href":"https:\/\/api.w.org\/{rel}","templated":true}]}}