{"id":1164,"date":"2025-05-24T18:55:07","date_gmt":"2025-05-24T15:55:07","guid":{"rendered":"https:\/\/mywhieda.com\/?post_type=product&#038;p=1164"},"modified":"2026-04-06T17:51:21","modified_gmt":"2026-04-06T14:51:21","slug":"bioenergomasazhor-magic-foherb-3-2-2","status":"publish","type":"product","link":"https:\/\/mywhieda.com\/tr\/product\/bioenergomasazhor-magic-foherb-3-2-2\/","title":{"rendered":"Bioenerji Masaj Aleti Magic Foherb"},"content":{"rendered":"<p><span style=\"font-weight: 400;\">\u00c7in t\u0131bb\u0131, binlerce y\u0131ll\u0131k bilgiye dayanarak t\u00fcm hastal\u0131klar\u0131n v\u00fccuttaki enerji dengesizli\u011finden ba\u015flad\u0131\u011f\u0131n\u0131 kabul eder. Meridyenlerdeki enerji durgunlu\u011fu, bir borunun t\u0131kanmas\u0131na benzer \u015fekilde, ya\u015fam enerjisinin serbest ak\u0131\u015f\u0131n\u0131 engeller ve hastal\u0131klara yol a\u00e7ar. Sa\u011fl\u0131k, her h\u00fccrenin s\u00fcrekli beslenmesi ve ar\u0131nd\u0131r\u0131lmas\u0131 yoluyla elde edilir; bu da organizman\u0131n uyumlu \u00e7al\u0131\u015fmas\u0131n\u0131 sa\u011flar.<\/span><\/p>\n<p>&nbsp;<\/p>\n<p><span style=\"font-weight: 400;\">Tam da bu ilkeler, geli\u015fmi\u015f bir Bat\u0131 t\u0131bb\u0131na sahip bir \u00fclkede geleneksel \u00c7in t\u0131bb\u0131n\u0131n pop\u00fclerli\u011fini a\u00e7\u0131klar. \u00c7inli doktorlar, kronik hastal\u0131klar\u0131n tedavisi ve \u00f6nlenmesinde b\u00fcy\u00fck deneyime sahiptir; bu sayede ya\u015fl\u0131l\u0131k d\u00f6nemini komplikasyonsuz ge\u00e7irebilirler. Geleneksel \u00c7in t\u0131bb\u0131 y\u00f6ntemleri g\u00fcvenli, s\u00fcrd\u00fcr\u00fclebilir ve yan etkisiz h\u0131zl\u0131 sonu\u00e7lar vermesiyle \u00f6ne \u00e7\u0131kar.<\/span><\/p>\n<p><span style=\"font-weight: 400;\">G\u00fcn\u00fcm\u00fczde modern teknolojiler, bu eski bilgileri herkes i\u00e7in eri\u015filebilir hale getiriyor. Magic Foherb bioenerji masaj aleti, v\u00fccuttaki enerji dengesini yeniden sa\u011flamaya ve sa\u011fl\u0131\u011f\u0131 iyile\u015ftirmeye yard\u0131mc\u0131 olan bir cihazd\u0131r. Bu cihazla yap\u0131lan bioenerji d\u00fczenleme seanslar\u0131, hastal\u0131klar\u0131 tedavi etmek ve \u00f6nlemek, meridyenleri temizlemek, kan dola\u015f\u0131m\u0131n\u0131 iyile\u015ftirmek ve v\u00fccuttaki sorunlar\u0131 gidermek i\u00e7in basit ve etkili bir y\u00f6ntemdir.<\/span><\/p>\n<h3><\/h3>\n<h3><b>\u00c7al\u0131\u015fma prensibi<\/b><\/h3>\n<p>&nbsp;<\/p>\n<p><span style=\"font-weight: 400;\">Geleneksel \u00c7in t\u0131bb\u0131 prensiplerine dayanarak ve modern biyonik ile ergonomik teknolojileri uygulayarak, bu masaj aleti ayn\u0131 anda birden fazla i\u015flevi bir araya getirir: impuls, lazer, vakum ve termal \u0131s\u0131tma. Bu sayede kliniklere gitmeden ev ortam\u0131nda \u00f6nleyici ve tedavi edici i\u015flemleri kolayca uygulamak m\u00fcmk\u00fcnd\u00fcr: akupunktur, tedavi edici masaj, kupa masaj\u0131, gua sha masaj\u0131 (\u00c7in t\u0131bb\u0131nda biyolojik olarak aktif noktalara etki eden, kemik kaz\u0131y\u0131c\u0131 ile yap\u0131lan masaj y\u00f6ntemi) ve di\u011fer i\u015flemler. Ayr\u0131ca masaj aleti kozmetolojide, kilo verme ve sel\u00fclitle m\u00fccadelede de kullan\u0131labilir.<\/span><\/p>\n","protected":false},"featured_media":745,"template":"","categories":[6,29],"class_list":["post-1164","product","type-product","status-publish","has-post-thumbnail","hentry","categories-vse-tovary","categories-pribory"],"acf":[],"_links":{"self":[{"href":"https:\/\/mywhieda.com\/tr\/wp-json\/wp\/v2\/product\/1164","targetHints":{"allow":["GET"]}}],"collection":[{"href":"https:\/\/mywhieda.com\/tr\/wp-json\/wp\/v2\/product"}],"about":[{"href":"https:\/\/mywhieda.com\/tr\/wp-json\/wp\/v2\/types\/product"}],"wp:featuredmedia":[{"embeddable":true,"href":"https:\/\/mywhieda.com\/tr\/wp-json\/wp\/v2\/media\/745"}],"wp:attachment":[{"href":"https:\/\/mywhieda.com\/tr\/wp-json\/wp\/v2\/media?parent=1164"}],"wp:term":[{"taxonomy":"categories","embeddable":true,"href":"https:\/\/mywhieda.com\/tr\/wp-json\/wp\/v2\/categories?post=1164"}],"curies":[{"name":"wp","href":"https:\/\/api.w.org\/{rel}","templated":true}]}}