{"id":1166,"date":"2025-05-24T19:17:15","date_gmt":"2025-05-24T16:17:15","guid":{"rendered":"https:\/\/mywhieda.com\/?post_type=product&#038;p=1166"},"modified":"2026-02-12T23:47:47","modified_gmt":"2026-02-12T20:47:47","slug":"korrekcionnye-stelki-2-3-2-2","status":"publish","type":"product","link":"https:\/\/mywhieda.com\/tr\/product\/korrekcionnye-stelki-2-3-2-2\/","title":{"rendered":"D\u00fczeltici tabanl\u0131klar"},"content":{"rendered":"<p><span style=\"font-weight: 400;\">Ayaklar: ikinci kalp.<\/span><span style=\"font-weight: 400;\"><br \/>\n<\/span><span style=\"font-weight: 400;\"> T\u00fcm v\u00fccuttaki kan dola\u015f\u0131m\u0131 s\u00fcreci do\u011frudan ayaklarla ba\u011flant\u0131l\u0131d\u0131r. Ayakta durmaktan y\u00fcr\u00fcmeye kadar, dola\u015f\u0131m\u0131n g\u00fcc\u00fc ve h\u0131z\u0131 ayaklara ba\u011fl\u0131d\u0131r. Ayaklar sa\u011fl\u0131kl\u0131 de\u011filse, i\u00e7lerindeki damarlar d\u00fczg\u00fcn \u00e7al\u0131\u015fmaz, bu da alt ekstremitelerde kan\u0131n birikmesine ve buna ba\u011fl\u0131 sa\u011fl\u0131k sorunlar\u0131na yol a\u00e7ar.<\/span><\/p>\n<p>&nbsp;<\/p>\n<h3><b>D\u00fczeltici tabanl\u0131klar nedir?<\/b><\/h3>\n<p><b><br \/>\n<\/b><span style=\"font-weight: 400;\"> D\u00fczeltici tabanl\u0131klar iskeletin ve t\u00fcm v\u00fccudun sa\u011fl\u0131\u011f\u0131n\u0131 iyile\u015ftirir. Yer\u00e7ekimi, bozulmu\u015f metabolizma, fiziksel stres ve mesleki \u00f6zellikler nedeniyle omurga \u015fekli bozulabilir ve bu da iskelet sapmalar\u0131na yol a\u00e7ar. Sa\u011fl\u0131k sorunlar\u0131n\u0131n %80\u2019i bir \u015fekilde bu sapmalarla ba\u011flant\u0131l\u0131d\u0131r.<\/span><span style=\"font-weight: 400;\"><br \/>\n<\/span><span style=\"font-weight: 400;\"> \u0130skelet bir yandan t\u00fcm v\u00fccudu ta\u015f\u0131rken, di\u011fer yandan omurilik merkezi sinir sisteminin temelidir. E\u011fer iskelet sapmas\u0131 sinirlere bask\u0131 yaparsa, beyinden organlara sinyal iletimi durur ve bu da organ ve h\u00fccre fonksiyon bozukluklar\u0131na yol a\u00e7ar.<\/span><\/p>\n<p>&nbsp;<\/p>\n<h3><b>\u00dcr\u00fcn \u00f6zellikleri:<\/b><\/h3>\n<p><b><br \/>\n<\/b><span style=\"font-weight: 400;\"> Tabanl\u0131klar aya\u011f\u0131n kavisine m\u00fckemmel uyum sa\u011flayacak \u015fekilde tasarlanm\u0131\u015ft\u0131r. Y\u00fcr\u00fcy\u00fc\u015f\u00fc iyile\u015ftirir, eklemleri normalle\u015ftirir ve hareket s\u0131ras\u0131nda ayaklara ve eklemlere binen bask\u0131y\u0131 azalt\u0131r. Anatomik verilere g\u00f6re \u00fcretilmi\u015f olup, v\u00fccudu dengeler ve g\u00fcnl\u00fck aktivitelerden kaynaklanan iskelet, kemik ve eklem \u00fczerindeki olumsuz etkileri hafifletir.<\/span><span style=\"font-weight: 400;\"><br \/>\n<\/span><span style=\"font-weight: 400;\"> Nanomalzemelerden \u00fcretilmi\u015ftir; 20.000 masaj noktas\u0131 ile ayaktaki refleks b\u00f6lgeleri uyar\u0131r.<\/span><span style=\"font-weight: 400;\"><br \/>\n<\/span><span style=\"font-weight: 400;\"> K\u0131z\u0131l\u00f6tesi radyasyon, manyetik alan ve anyonlar i\u00e7erir; bu sayede derinlemesine fayda sa\u011flar. G\u00f6m\u00fcl\u00fc m\u0131knat\u0131slar, eklem a\u011fr\u0131lar\u0131n\u0131 ve \u015fi\u015flikleri azaltan bir manyetik alan olu\u015fturur, kan dola\u015f\u0131m\u0131n\u0131 iyile\u015ftirir ve h\u00fccre yenilenmesini h\u0131zland\u0131r\u0131r.<\/span><span style=\"font-weight: 400;\"><br \/>\n<\/span><span style=\"font-weight: 400;\"> Whieda tabanl\u0131klar\u0131 sa\u011fl\u0131k durumunu izlemek i\u00e7in renkli g\u00f6sterge kullan\u0131r: renk fiziksel duruma g\u00f6re de\u011fi\u015fir, b\u00f6brek, kalp-damar, akci\u011fer ve sindirim sistemi hastal\u0131klar\u0131 gibi sorunlara i\u015faret edebilir. Ancak bu renk de\u011fi\u015fimi bir te\u015fhis de\u011fildir; detayl\u0131 bilgi i\u00e7in doktora dan\u0131\u015f\u0131lmas\u0131 tavsiye edilir.<\/span><\/p>\n<p>&nbsp;<\/p>\n<p><b>Ultra dayan\u0131kl\u0131 ala\u015f\u0131m: \u00d6mr\u00fc 50 y\u0131la kadar!<\/b><\/p>\n<p>&nbsp;<\/p>\n","protected":false},"featured_media":276,"template":"","categories":[6,31],"class_list":["post-1166","product","type-product","status-publish","has-post-thumbnail","hentry","categories-vse-tovary","categories-aksessuary"],"acf":[],"_links":{"self":[{"href":"https:\/\/mywhieda.com\/tr\/wp-json\/wp\/v2\/product\/1166","targetHints":{"allow":["GET"]}}],"collection":[{"href":"https:\/\/mywhieda.com\/tr\/wp-json\/wp\/v2\/product"}],"about":[{"href":"https:\/\/mywhieda.com\/tr\/wp-json\/wp\/v2\/types\/product"}],"wp:featuredmedia":[{"embeddable":true,"href":"https:\/\/mywhieda.com\/tr\/wp-json\/wp\/v2\/media\/276"}],"wp:attachment":[{"href":"https:\/\/mywhieda.com\/tr\/wp-json\/wp\/v2\/media?parent=1166"}],"wp:term":[{"taxonomy":"categories","embeddable":true,"href":"https:\/\/mywhieda.com\/tr\/wp-json\/wp\/v2\/categories?post=1166"}],"curies":[{"name":"wp","href":"https:\/\/api.w.org\/{rel}","templated":true}]}}