{"id":1168,"date":"2025-05-24T19:27:53","date_gmt":"2025-05-24T16:27:53","guid":{"rendered":"https:\/\/mywhieda.com\/?post_type=product&#038;p=1168"},"modified":"2026-04-12T13:04:42","modified_gmt":"2026-04-12T10:04:42","slug":"vysokotehnologichnye-ochki-2-3-2-2","status":"publish","type":"product","link":"https:\/\/mywhieda.com\/tr\/product\/vysokotehnologichnye-ochki-2-3-2-2\/","title":{"rendered":"Y\u00fcksek teknolojili g\u00f6zl\u00fckler"},"content":{"rendered":"<p><span style=\"font-weight: 400;\">Cihazlar hayat\u0131m\u0131za tamamen entegre oldu; hem i\u015fte hem bo\u015f zamanlar\u0131m\u0131zda kullan\u0131yoruz. Bilgisayar, ak\u0131ll\u0131 telefon veya tablet kullanmayan modern bir insan\u0131 hayal etmek zor. Saatlerce ekran kar\u015f\u0131s\u0131nda vakit ge\u00e7iriyoruz ve bu, g\u00f6zlerde ciddi bir yorgunlu\u011fa yol a\u00e7\u0131yor. Sonu\u00e7 olarak, bir\u00e7ok insan g\u00f6rme yorgunlu\u011fu, ba\u015f a\u011fr\u0131s\u0131, bulan\u0131k g\u00f6rme, kuruluk ve g\u00f6z k\u0131zar\u0131kl\u0131\u011f\u0131 gibi bilgisayar g\u00f6rme sendromu belirtileri ya\u015f\u0131yor.<\/span><span style=\"font-weight: 400;\"><br \/>\n<\/span><span style=\"font-weight: 400;\"> G\u00f6rme sorunu olmayan ki\u015filer bile genellikle hafif miyopi fark ediyor. \u0130statistiklere g\u00f6re, her 10 ki\u015fiden 7\u2019si bir t\u00fcr bilgisayar g\u00f6rme sendromundan muzdarip.<\/span><\/p>\n<p><span style=\"font-weight: 400;\">Whieda y\u00fcksek teknolojili g\u00f6zl\u00fckleri, g\u00f6z yorgunlu\u011fu sorununa \u00e7\u00f6z\u00fcm sunar. UV \u0131\u015f\u0131nlar\u0131na ve parlak \u0131\u015f\u0131\u011fa kar\u015f\u0131 koruma sa\u011flar, g\u00f6rsel stresi azalt\u0131r ve uzun s\u00fcreli bilgisayar kullan\u0131m\u0131nda bile g\u00f6rme kalitesini art\u0131r\u0131r.<\/span><span style=\"font-weight: 400;\"><br \/>\n<\/span><span style=\"font-weight: 400;\"> \u00d6zel kaplama sayesinde g\u00f6zl\u00fckler renkleri bozmaz ve kullan\u0131m s\u0131ras\u0131nda rahats\u0131zl\u0131k vermez.<\/span><\/p>\n<p><span style=\"font-weight: 400;\">Whieda g\u00f6zl\u00fcklerini takmak; stresi ve gerginli\u011fi azaltmaya, ba\u015f a\u011fr\u0131s\u0131n\u0131 gidermeye, g\u00f6rmeyi iyile\u015ftirmeye ve g\u00f6z rahats\u0131zl\u0131klar\u0131n\u0131 hafifletmeye yard\u0131mc\u0131 olur.<\/span><span style=\"font-weight: 400;\"><br \/>\n<\/span><span style=\"font-weight: 400;\"> Ayr\u0131ca, UV \u0131\u015f\u0131nlar\u0131na kar\u015f\u0131 koruma sa\u011flar ve g\u00f6z \u00e7evresindeki kan dola\u015f\u0131m\u0131n\u0131 uyar\u0131r; bu, g\u00f6z hastal\u0131klar\u0131n\u0131n \u00f6nlenmesi i\u00e7in \u00e7ok \u00f6nemlidir.<\/span><\/p>\n<p>&nbsp;<\/p>\n<p><strong>Bu g\u00f6zl\u00fcklerin \u00e7ocuklar i\u00e7in olan versiyonu da mevcuttur.<\/strong><\/p>\n","protected":false},"featured_media":319,"template":"","categories":[6,31],"class_list":["post-1168","product","type-product","status-publish","has-post-thumbnail","hentry","categories-vse-tovary","categories-aksessuary"],"acf":[],"_links":{"self":[{"href":"https:\/\/mywhieda.com\/tr\/wp-json\/wp\/v2\/product\/1168","targetHints":{"allow":["GET"]}}],"collection":[{"href":"https:\/\/mywhieda.com\/tr\/wp-json\/wp\/v2\/product"}],"about":[{"href":"https:\/\/mywhieda.com\/tr\/wp-json\/wp\/v2\/types\/product"}],"wp:featuredmedia":[{"embeddable":true,"href":"https:\/\/mywhieda.com\/tr\/wp-json\/wp\/v2\/media\/319"}],"wp:attachment":[{"href":"https:\/\/mywhieda.com\/tr\/wp-json\/wp\/v2\/media?parent=1168"}],"wp:term":[{"taxonomy":"categories","embeddable":true,"href":"https:\/\/mywhieda.com\/tr\/wp-json\/wp\/v2\/categories?post=1168"}],"curies":[{"name":"wp","href":"https:\/\/api.w.org\/{rel}","templated":true}]}}