{"id":1170,"date":"2025-05-24T19:33:21","date_gmt":"2025-05-24T16:33:21","guid":{"rendered":"https:\/\/mywhieda.com\/?post_type=product&#038;p=1170"},"modified":"2025-09-14T14:43:15","modified_gmt":"2025-09-14T11:43:15","slug":"noski-s-grafenom-3-3-2-2","status":"publish","type":"product","link":"https:\/\/mywhieda.com\/tr\/product\/noski-s-grafenom-3-3-2-2\/","title":{"rendered":"Grafen \u00e7oraplar\u0131"},"content":{"rendered":"<p><b>Health Priority Grafen \u00c7oraplar\u0131<\/b><span style=\"font-weight: 400;\">, \u00c7in&#8217;in Sincan b\u00f6lgesinde yeti\u015ftirilen uzun lifli pamuktan \u00fcretilmi\u015f olup, negatif y\u00fckl\u00fc iyonlar \u00fcreten grafen eklenmi\u015f ve \u00f6zel bir iplik ile infrared radyasyon i\u00e7ermektedir. Bu \u00e7oraplar, \u0131s\u0131y\u0131 etkili bir \u015fekilde tutar, k\u00f6t\u00fc kokular\u0131 ortadan kald\u0131r\u0131r, bakteri b\u00fcy\u00fcmesini engeller, kan dola\u015f\u0131m\u0131n\u0131 destekler ve cildi korur. Akupres\u00fcr masaj\u0131 ve ipliklerin \u00f6zel dokusu, ayak yorgunlu\u011funu hafifletmeye ve ayak sa\u011fl\u0131\u011f\u0131n\u0131 iyile\u015ftirmeye yard\u0131mc\u0131 olur.<\/span><span style=\"font-weight: 400;\"><br \/>\n<\/span> <b>Negatif \u0130yonlar Ortam\u0131<\/b><span style=\"font-weight: 400;\">: \u00c7oraplar, bakteri b\u00fcy\u00fcmesini bask\u0131layan, mantar enfeksiyonlar\u0131n\u0131 engelleyen ve ayak kokusunu ortadan kald\u0131ran deodorize edici etkisiyle negatif iyonlarla dolu bir ortam yarat\u0131r.<\/span><\/p>\n<p><b>Parmak ve Topuk Tasar\u0131m\u0131<\/b><span style=\"font-weight: 400;\">: Parmak ve topuklar, uzun lifli pamuk ile grafen ve infrared radyasyon i\u00e7eren \u00f6zel iplik kar\u0131\u015f\u0131m\u0131ndan yap\u0131lm\u0131\u015ft\u0131r. Bu kombinasyon, kuma\u015f\u0131n \u0131s\u0131 yal\u0131t\u0131m\u0131n\u0131 ve nefes alabilirli\u011fini geli\u015ftirir, ayr\u0131ca infrared radyasyonunu ve negatif iyon sal\u0131n\u0131m\u0131n\u0131, birden fazla y\u0131kamadan sonra bile korur.<\/span><\/p>\n<p><b>Akupres\u00fcr Etkisi<\/b><span style=\"font-weight: 400;\">: \u00d6zel dokuma, y\u00fcr\u00fcy\u00fc\u015f s\u0131ras\u0131nda ayak taban\u0131ndaki Yongquan (ayak taban\u0131) akupres\u00fcr noktas\u0131na etki eder. Bu nazik masaj, ayak ve alt ekstremitelerdeki dola\u015f\u0131m\u0131 uyar\u0131rken, ayn\u0131 zamanda ayak yorgunlu\u011funu da hafifletir.<\/span><\/p>\n<p><b>Yorgunluk Giderici Bas\u0131n\u00e7<\/b><span style=\"font-weight: 400;\">: Hafif bas\u0131n\u00e7, uzun s\u00fcre y\u00fcr\u00fcd\u00fckten veya ayakta durduktan sonra yorgunlu\u011fu giderir.<\/span><\/p>\n<p><b>Kaymazl\u0131k<\/b><span style=\"font-weight: 400;\">: Parmak b\u00f6lgesindeki \u00f6zel dokuma, y\u00fcksek kaliteli elastan ile birle\u015ferek kaymay\u0131 ve ayak s\u0131k\u0131\u015fmas\u0131n\u0131 engeller.<\/span><\/p>\n<p><b>Y\u00fcksek Kaliteli Pamuk<\/b><span style=\"font-weight: 400;\">: Sincan&#8217;dan gelen pamuk, cilde nazik olup nefes alabilirlik sa\u011flar ve \u0131s\u0131y\u0131 tutar. Hem sa\u011fl\u0131k hem de \u00e7evre i\u00e7in g\u00fcvenlidir.<\/span><\/p>\n<p>&nbsp;<\/p>\n<p><b>5 Sa\u011fl\u0131k Faydas\u0131:<\/b><\/p>\n<ul>\n<li style=\"font-weight: 400;\" aria-level=\"1\"><b>Infrared Terapi<\/b><b><br \/>\n<\/b><\/li>\n<li style=\"font-weight: 400;\" aria-level=\"1\"><b>Negatif \u0130yonlar<\/b><b><br \/>\n<\/b><\/li>\n<li style=\"font-weight: 400;\" aria-level=\"1\"><b>Antibakteriyel ve Deodorize Edici Etkiler<\/b><b><br \/>\n<\/b><\/li>\n<li style=\"font-weight: 400;\" aria-level=\"1\"><b>\u0130yile\u015ftirilmi\u015f Dola\u015f\u0131m<\/b><b><br \/>\n<\/b><\/li>\n<li style=\"font-weight: 400;\" aria-level=\"1\"><b>Ayak Noktalar\u0131na ve Meridyenlere Akupres\u00fcr Etkisi<\/b>&nbsp;<\/li>\n<\/ul>\n<p><b>Kalite Garantisi<\/b><b><br \/>\n<\/b><span style=\"font-weight: 400;\"> Her bir \u00e7orap, tekstil g\u00fcvenlik standard\u0131 GB 18401-2010 (S\u0131n\u0131f B) ve sekt\u00f6r kalite standard\u0131 FZ\/T 73001-2016&#8217;ya uygundur. G\u00fcvenlik ve g\u00fcvenilir kalite garantisi sa\u011flanmaktad\u0131r.<\/span><\/p>\n<p><b>Renkler<\/b><span style=\"font-weight: 400;\">: Siyah, Gri<\/span><span style=\"font-weight: 400;\"><br \/>\n<\/span> <b>Bedenler<\/b><span style=\"font-weight: 400;\">: 23-25 cm (36-40 numara), 25-27 cm (40-44 numara)<\/span><span style=\"font-weight: 400;\"><br \/>\n<\/span> <b>Paketleme<\/b><span style=\"font-weight: 400;\">: 5 \u00e7ift (3 \u00e7ift siyah, 2 \u00e7ift gri)<\/span><span style=\"font-weight: 400;\"><br \/>\n<\/span> <b>Bile\u015fim<\/b><span style=\"font-weight: 400;\">:<\/span><span style=\"font-weight: 400;\"><br \/>\n<\/span><span style=\"font-weight: 400;\"> Siyah \u00e7oraplar: %80,2 pamuk, %17,4 naylon, %2,4 elastan<\/span><span style=\"font-weight: 400;\"><br \/>\n<\/span><span style=\"font-weight: 400;\"> Gri \u00e7oraplar: %80,7 pamuk, %17 naylon, %2,3 elastan<\/span><\/p>\n<p>&nbsp;<\/p>\n<p><b>Bak\u0131m Talimatlar\u0131<\/b><span style=\"font-weight: 400;\">:<\/span><\/p>\n<ul>\n<li style=\"font-weight: 400;\" aria-level=\"1\"><span style=\"font-weight: 400;\">Elle y\u0131kay\u0131n<\/span><span style=\"font-weight: 400;\"><br \/>\n<\/span><\/li>\n<li style=\"font-weight: 400;\" aria-level=\"1\"><span style=\"font-weight: 400;\">Dikey olarak kurutun<\/span><span style=\"font-weight: 400;\"><br \/>\n<\/span><\/li>\n<li style=\"font-weight: 400;\" aria-level=\"1\"><span style=\"font-weight: 400;\">A\u011fart\u0131c\u0131 kullanmay\u0131n<\/span><span style=\"font-weight: 400;\"><br \/>\n<\/span><\/li>\n<li style=\"font-weight: 400;\" aria-level=\"1\"><span style=\"font-weight: 400;\">\u00dct\u00fc yapmay\u0131n<\/span><span style=\"font-weight: 400;\"><br \/>\n<\/span><\/li>\n<li style=\"font-weight: 400;\" aria-level=\"1\"><span style=\"font-weight: 400;\">Kuru temizleme yasakt\u0131r<\/span><\/li>\n<\/ul>\n<p>&nbsp;<\/p>\n","protected":false},"featured_media":1250,"template":"","categories":[6,31],"class_list":["post-1170","product","type-product","status-publish","has-post-thumbnail","hentry","categories-vse-tovary","categories-aksessuary"],"acf":[],"_links":{"self":[{"href":"https:\/\/mywhieda.com\/tr\/wp-json\/wp\/v2\/product\/1170","targetHints":{"allow":["GET"]}}],"collection":[{"href":"https:\/\/mywhieda.com\/tr\/wp-json\/wp\/v2\/product"}],"about":[{"href":"https:\/\/mywhieda.com\/tr\/wp-json\/wp\/v2\/types\/product"}],"wp:featuredmedia":[{"embeddable":true,"href":"https:\/\/mywhieda.com\/tr\/wp-json\/wp\/v2\/media\/1250"}],"wp:attachment":[{"href":"https:\/\/mywhieda.com\/tr\/wp-json\/wp\/v2\/media?parent=1170"}],"wp:term":[{"taxonomy":"categories","embeddable":true,"href":"https:\/\/mywhieda.com\/tr\/wp-json\/wp\/v2\/categories?post=1170"}],"curies":[{"name":"wp","href":"https:\/\/api.w.org\/{rel}","templated":true}]}}