{"id":1172,"date":"2025-05-24T19:40:07","date_gmt":"2025-05-24T16:40:07","guid":{"rendered":"https:\/\/mywhieda.com\/?post_type=product&#038;p=1172"},"modified":"2026-04-20T22:04:39","modified_gmt":"2026-04-20T19:04:39","slug":"energeticheskiy-palantin-2-2-2-2-2","status":"publish","type":"product","link":"https:\/\/mywhieda.com\/tr\/product\/energeticheskiy-palantin-2-2-2-2-2\/","title":{"rendered":"Enerji \u015fallar\u0131 (Palantin)"},"content":{"rendered":"<p><span style=\"font-weight: 400;\">Enerji \u015fal\u0131 \u2013 sa\u011fl\u0131\u011f\u0131n\u0131za \u00f6zen, konfor ve zarafet demektir. Sa\u011fl\u0131kla ilgili \u00fc\u00e7 geleneksel bilgi, modern bilim ve teknolojiyle birle\u015fti. \u015eal\u0131n ana bile\u015fimi polyester ve germanyumdur, bu oranlar bilimsel olarak dengelenmi\u015ftir.<\/span><\/p>\n<p>&nbsp;<\/p>\n<h3><b>Sa\u011fl\u0131k faydalar\u0131:<\/b><\/h3>\n<ul>\n<li style=\"font-weight: 400;\" aria-level=\"1\"><span style=\"font-weight: 400;\">\u015ealdaki organik germanyum, k\u0131z\u0131l\u00f6tesi \u0131\u015f\u0131n yayar ve anyon salar.<\/span><\/li>\n<li style=\"font-weight: 400;\" aria-level=\"1\"><span style=\"font-weight: 400;\">Kan dola\u015f\u0131m\u0131 ve mikrosirk\u00fclasyonu geli\u015ftirir.<\/span><\/li>\n<li style=\"font-weight: 400;\" aria-level=\"1\"><span style=\"font-weight: 400;\">Boyun ve omuz b\u00f6lgesindeki rahats\u0131zl\u0131klar\u0131 ve yorgunlu\u011fu hafifletir.<\/span><\/li>\n<li style=\"font-weight: 400;\" aria-level=\"1\"><span style=\"font-weight: 400;\">Cilt ya\u015flanmas\u0131n\u0131 yava\u015flat\u0131r ve sa\u011fl\u0131k g\u00f6stergelerini iyile\u015ftirir.<\/span><\/li>\n<\/ul>\n<p>&nbsp;<\/p>\n<h3><b>Konfor ve cilt bak\u0131m\u0131:<\/b><\/h3>\n<p>&nbsp;<\/p>\n<p><span style=\"font-weight: 400;\">Yumu\u015fak, hafif ve ince materyallerle \u00f6zel dokuma tekni\u011fi sayesinde \u015fal s\u0131cakl\u0131\u011f\u0131 korur, konfor sa\u011flar, nefes alabilir yap\u0131dad\u0131r ve cilde yumu\u015fak bir temas sunar. Boyun ve omuz b\u00f6lgesi, insan v\u00fccudunun en \u00f6nemli \u201ckav\u015fak noktas\u0131\u201dd\u0131r: burada bir\u00e7ok enerji kanal\u0131 ve Da-Zhui adl\u0131 biyolojik olarak aktif nokta bulunur. Bu b\u00f6lge genellikle a\u00e7\u0131kta kal\u0131r. Do\u011fal ortam ko\u015fullar\u0131, yaz\u0131n klima, kronik yorgunluk gibi fakt\u00f6rler burada yaralanmalara yol a\u00e7abilir.<\/span><span style=\"font-weight: 400;\"><br \/>\n<\/span><span style=\"font-weight: 400;\">\u00a0<\/span><\/p>\n<p><span style=\"font-weight: 400;\">Hareketsizlik, kan dola\u015f\u0131m\u0131n\u0131 ve metabolizmay\u0131 yava\u015flat\u0131r, bu da zamanla enerji kanallar\u0131n\u0131n t\u0131kanmas\u0131na, Qi ve kan\u0131n durmas\u0131na, beyne kan ak\u0131\u015f\u0131n\u0131n bozulmas\u0131na, uyu\u015fukluk ve yorgunluk hissine, toksin birikimine, kas spazmlar\u0131na ve \u00e7e\u015fitli hastal\u0131klar\u0131n geli\u015fimine neden olabilir.<\/span><\/p>\n<p><span style=\"font-weight: 400;\"><br \/>\n<\/span><span style=\"font-weight: 400;\"> FOHERB enerji \u015fal\u0131, r\u00fczgar ve so\u011fuk gibi d\u0131\u015f etkenlerden v\u00fccudu koruyan g\u00fc\u00e7l\u00fc bir bariyerdir. Kullan\u0131ld\u0131\u011f\u0131 b\u00f6lgede s\u0131cakl\u0131\u011f\u0131 art\u0131r\u0131r ve v\u00fccudun normal durumunu dengeler. Ayr\u0131ca, \u015fal kad\u0131nlar i\u00e7in her zaman \u015f\u0131k ve zarif bir aksesuard\u0131r.\u00a0<\/span><\/p>\n<p><span style=\"font-weight: 400;\">FOHERB fonksiyonel \u015fal\u0131, estetik ve i\u015flevselli\u011fi birle\u015ftirir, yaz\u0131n klima so\u011fuklu\u011funa kar\u015f\u0131 g\u00fcvenilir koruma sa\u011flar ve g\u00f6r\u00fcn\u00fcm\u00fcn\u00fcz\u00fc zarif bir \u015fekilde tamamlar.<\/span><\/p>\n<p>&nbsp;<\/p>\n<h3><b>\ud83c\udf1e G\u00fcne\u015ften m\u00fckemmel koruma:<\/b><\/h3>\n<p>&nbsp;<\/p>\n<p><span style=\"font-weight: 400;\">G\u00fcne\u015f kremi, \u015femsiye ve g\u00fcne\u015f g\u00f6zl\u00fc\u011f\u00fcne ek olarak enerji \u015fal\u0131n\u0131 da kullanabilirsiniz. Sadece omuzlar\u0131n\u0131za ve boynunuza yerle\u015ftirmeniz yeterlidir. Bu sizi g\u00fcne\u015ften koruyacakt\u0131r. \u015eal\u0131n malzemesi olduk\u00e7a nefes alabilir, teri emer ve v\u00fccuda ho\u015f bir his verir.<\/span><\/p>\n<p>&nbsp;<\/p>\n<h3><b>\u2744\ufe0f Klima hastal\u0131klar\u0131n\u0131n \u00f6nlenmesi:<\/b><\/h3>\n<p>&nbsp;<\/p>\n<p><span style=\"font-weight: 400;\">Yaz aylar\u0131nda ofiste, arabada ya da evde klimay\u0131 s\u0131k\u00e7a kullan\u0131r\u0131z ve bu, boyun arkas\u0131n\u0131n so\u011fumas\u0131na yol a\u00e7ar. Boynun arka k\u0131sm\u0131nda 3 \u00f6nemli biyolojik aktif nokta bulunur: Feng-Fu, Feng-Chi ve Feng-Men. Bu noktalar, r\u00fczgar ve so\u011fuk gibi patojenlerin v\u00fccuda kolayca girmesine neden olur. So\u011fuk hava bu noktalara girdi\u011finde dola\u015f\u0131m bozukluklar\u0131na yol a\u00e7ar; ba\u015f d\u00f6nmesi, ba\u015f a\u011fr\u0131s\u0131, uykusuzluk, boyun ve omuz a\u011fr\u0131lar\u0131 gibi sorunlar ortaya \u00e7\u0131kar.<\/span><\/p>\n","protected":false},"featured_media":287,"template":"","categories":[6,31],"class_list":["post-1172","product","type-product","status-publish","has-post-thumbnail","hentry","categories-vse-tovary","categories-aksessuary"],"acf":[],"_links":{"self":[{"href":"https:\/\/mywhieda.com\/tr\/wp-json\/wp\/v2\/product\/1172","targetHints":{"allow":["GET"]}}],"collection":[{"href":"https:\/\/mywhieda.com\/tr\/wp-json\/wp\/v2\/product"}],"about":[{"href":"https:\/\/mywhieda.com\/tr\/wp-json\/wp\/v2\/types\/product"}],"wp:featuredmedia":[{"embeddable":true,"href":"https:\/\/mywhieda.com\/tr\/wp-json\/wp\/v2\/media\/287"}],"wp:attachment":[{"href":"https:\/\/mywhieda.com\/tr\/wp-json\/wp\/v2\/media?parent=1172"}],"wp:term":[{"taxonomy":"categories","embeddable":true,"href":"https:\/\/mywhieda.com\/tr\/wp-json\/wp\/v2\/categories?post=1172"}],"curies":[{"name":"wp","href":"https:\/\/api.w.org\/{rel}","templated":true}]}}