{"id":1174,"date":"2025-05-24T19:53:57","date_gmt":"2025-05-24T16:53:57","guid":{"rendered":"https:\/\/mywhieda.com\/?post_type=product&#038;p=1174"},"modified":"2025-05-28T20:58:12","modified_gmt":"2025-05-28T17:58:12","slug":"turmalinovyy-magnitnyy-poyas-2-3-2-2","status":"publish","type":"product","link":"https:\/\/mywhieda.com\/tr\/product\/turmalinovyy-magnitnyy-poyas-2-3-2-2\/","title":{"rendered":"Cintura Magnetica in Tormalina"},"content":{"rendered":"<h3><b>Turmalinli Manyetik Kemerin Bile\u015fimi:<\/b><\/h3>\n<p>&nbsp;<\/p>\n<ul>\n<li style=\"font-weight: 400;\" aria-level=\"1\"><span style=\"font-weight: 400;\">%38,9 Polyester Elyaf (turmalin)<\/span><\/li>\n<li style=\"font-weight: 400;\" aria-level=\"1\"><span style=\"font-weight: 400;\">%34,4 Pamuk<\/span><\/li>\n<li style=\"font-weight: 400;\" aria-level=\"1\"><span style=\"font-weight: 400;\">%26,7 Elastan<\/span><\/li>\n<li style=\"font-weight: 400;\" aria-level=\"1\"><span style=\"font-weight: 400;\">Manyetik gran\u00fcller: 2 adet<\/span><\/li>\n<li style=\"font-weight: 400;\" aria-level=\"1\"><span style=\"font-weight: 400;\">Destek \u015feritleri: 4 adet (i\u00e7inde 14 gran\u00fcl i\u00e7erir)<\/span><\/li>\n<\/ul>\n<p><span style=\"font-weight: 400;\">Manyetik kemerin ana malzemesi TURMAL\u0130N L\u0130F\u0130D\u0130R. Bu lif, 4 ila 14 mikron dalga boyuna sahip uzak k\u0131z\u0131l\u00f6tesi \u0131\u015f\u0131nlar yayar. Manyetiklerle birlikte kullan\u0131ld\u0131\u011f\u0131nda, bel b\u00f6lgesindeki mikrosirk\u00fclasyonu iyile\u015ftirir, statik masaj etkisi olu\u015fturur, yorgunlu\u011fu ve a\u011fr\u0131y\u0131 hafifletir, s\u0131cakl\u0131\u011f\u0131 korur ve bel i\u00e7in g\u00fcvenli destek sa\u011flar.<\/span><\/p>\n<p>&nbsp;<\/p>\n<p><b>Lif ayr\u0131ca bambu k\u00f6m\u00fcr\u00fc par\u00e7ac\u0131klar\u0131 da i\u00e7erir.<\/b><\/p>\n<ul>\n<li style=\"font-weight: 400;\" aria-level=\"1\"><span style=\"font-weight: 400;\">Yumu\u015fak ve esnektir<\/span><\/li>\n<li style=\"font-weight: 400;\" aria-level=\"1\"><span style=\"font-weight: 400;\">Emici ve nefes alabilir<\/span><\/li>\n<li style=\"font-weight: 400;\" aria-level=\"1\"><span style=\"font-weight: 400;\">Antibakteriyeldir<\/span><\/li>\n<li style=\"font-weight: 400;\" aria-level=\"1\"><span style=\"font-weight: 400;\">K\u0131\u015f\u0131n s\u0131cak, yaz\u0131n serin tutar<\/span><\/li>\n<li style=\"font-weight: 400;\" aria-level=\"1\"><span style=\"font-weight: 400;\">\u00c7evre dostudur<\/span><\/li>\n<\/ul>\n<p>&nbsp;<\/p>\n<p><b>Ergonomik Tasar\u0131m<\/b><\/p>\n<ul>\n<li style=\"font-weight: 400;\" aria-level=\"1\"><span style=\"font-weight: 400;\">\u0130nce ve esnek yap\u0131<\/span><\/li>\n<li style=\"font-weight: 400;\" aria-level=\"1\"><span style=\"font-weight: 400;\">\u0130nsan v\u00fccudunun do\u011fal e\u011frili\u011fini (lordoz) takip eder<\/span><\/li>\n<li style=\"font-weight: 400;\" aria-level=\"1\"><span style=\"font-weight: 400;\">Konforludur ve uzun \u00f6m\u00fcrl\u00fcd\u00fcr<\/span><\/li>\n<\/ul>\n<p>&nbsp;<\/p>\n<p><b>Destek ve Bas\u0131n\u00e7 Azaltma\u00a0<\/b><\/p>\n<p><span style=\"font-weight: 400;\">Lomber b\u00f6lgeye g\u00fcvenli destek sa\u011flamak amac\u0131yla kemer, \u00fc\u00e7 boyutlu manyetik destek plakas\u0131 ile donat\u0131lm\u0131\u015ft\u0131r.<\/span><\/p>\n<p>&nbsp;<\/p>\n<p><b>Yorgunlu\u011fu Giderme\u00a0<\/b><\/p>\n<p><span style=\"font-weight: 400;\">Manyetiklerin etkisi sayesinde bel b\u00f6lgesindeki yorgunluk etkili \u015fekilde azalt\u0131l\u0131r ve a\u011fr\u0131 hafifletilir.<\/span><\/p>\n<p>&nbsp;<\/p>\n<p><b>Is\u0131t\u0131c\u0131 Paketler \u0130\u00e7in Fonksiyonel Cep\u00a0<\/b><\/p>\n<p><span style=\"font-weight: 400;\">Manyetik kemerde, \u201cArtemisia Is\u0131 Seti\u201d paketlerinin yerle\u015ftirilebilece\u011fi fonksiyonel bir cep bulunur. Artemisia torbas\u0131 ve mineral enerjili \u0131s\u0131t\u0131c\u0131 paketi bu cebe yerle\u015ftirilir.<\/span><span style=\"font-weight: 400;\"><br \/>\n<\/span><span style=\"font-weight: 400;\"> Is\u0131 etkisi alt\u0131nda artemisia torbas\u0131 meridyenleri \u0131s\u0131t\u0131r, Qi enerjisi dola\u015f\u0131m\u0131n\u0131 ve kan mikrosirk\u00fclasyonunu iyile\u015ftirir, \u201cso\u011fuklu\u011fu\u201d ortadan kald\u0131r\u0131r, yorgunlu\u011fu azalt\u0131r ve bel b\u00f6lgesindeki kan ak\u0131\u015f\u0131n\u0131 art\u0131rarak a\u011fr\u0131y\u0131 hafifletir.<\/span><\/p>\n<h3><\/h3>\n<h3><b>Teknik \u00d6zellikler:<\/b><\/h3>\n<p><b>M<\/b><span style=\"font-weight: 400;\">: 85 cm x 19 cm \/ bel \u00e7evresi 75-80 cm<\/span><\/p>\n<p><b>L<\/b><span style=\"font-weight: 400;\">: 90 cm x 19 cm \/ bel \u00e7evresi 85-95 cm<\/span><\/p>\n<p><b>XL<\/b><span style=\"font-weight: 400;\">: 98 cm x 19 cm \/ bel \u00e7evresi 95-105 cm<\/span><\/p>\n<p><b>XXL<\/b><span style=\"font-weight: 400;\">: 108 cm x 19 cm \/ bel \u00e7evresi 105-115 cm<\/span><\/p>\n","protected":false},"featured_media":272,"template":"","categories":[6,31],"class_list":["post-1174","product","type-product","status-publish","has-post-thumbnail","hentry","categories-vse-tovary","categories-aksessuary"],"acf":[],"_links":{"self":[{"href":"https:\/\/mywhieda.com\/tr\/wp-json\/wp\/v2\/product\/1174","targetHints":{"allow":["GET"]}}],"collection":[{"href":"https:\/\/mywhieda.com\/tr\/wp-json\/wp\/v2\/product"}],"about":[{"href":"https:\/\/mywhieda.com\/tr\/wp-json\/wp\/v2\/types\/product"}],"wp:featuredmedia":[{"embeddable":true,"href":"https:\/\/mywhieda.com\/tr\/wp-json\/wp\/v2\/media\/272"}],"wp:attachment":[{"href":"https:\/\/mywhieda.com\/tr\/wp-json\/wp\/v2\/media?parent=1174"}],"wp:term":[{"taxonomy":"categories","embeddable":true,"href":"https:\/\/mywhieda.com\/tr\/wp-json\/wp\/v2\/categories?post=1174"}],"curies":[{"name":"wp","href":"https:\/\/api.w.org\/{rel}","templated":true}]}}