{"id":1176,"date":"2025-05-24T19:57:23","date_gmt":"2025-05-24T16:57:23","guid":{"rendered":"https:\/\/mywhieda.com\/?post_type=product&#038;p=1176"},"modified":"2026-04-16T17:59:33","modified_gmt":"2026-04-16T14:59:33","slug":"sistema-dlya-sna-4-v-1-2-3-2-2","status":"publish","type":"product","link":"https:\/\/mywhieda.com\/tr\/product\/sistema-dlya-sna-4-v-1-2-3-2-2\/","title":{"rendered":"4\u2019\u00fc 1 arada uyku sistemi"},"content":{"rendered":"<h3><b>Bilimsel \u00e7\u00f6z\u00fcmle kaliteli uyku \u2013 Refah i\u00e7in yeni bir yol ke\u015ffedin<\/b><\/h3>\n<p>&nbsp;<\/p>\n<p><span style=\"font-weight: 400;\">Kendinizi bu belirtilerde tan\u0131yor musunuz?<\/span><\/p>\n<ul>\n<li style=\"font-weight: 400;\" aria-level=\"1\"><span style=\"font-weight: 400;\">Y\u00fcksek gerginlik, yorgunluk ve uykuya dalmada zorluk<\/span><\/li>\n<li style=\"font-weight: 400;\" aria-level=\"1\"><span style=\"font-weight: 400;\">Kalitesiz uyku, uykusuzluk, s\u0131k r\u00fcya g\u00f6rme, erken uyanma<\/span><\/li>\n<li style=\"font-weight: 400;\" aria-level=\"1\"><span style=\"font-weight: 400;\">Yanl\u0131\u015f yast\u0131k se\u00e7imi, omuz ve boyun a\u011fr\u0131lar\u0131, sinir s\u0131k\u0131\u015fmalar\u0131<\/span><\/li>\n<\/ul>\n<p>&nbsp;<\/p>\n<p><b>Sa\u011fl\u0131kl\u0131 uyku i\u00e7in yenilikler<\/b><\/p>\n<p><span style=\"font-weight: 400;\">Maksimum uyku konforunun tad\u0131n\u0131 \u00e7\u0131kar\u0131n: rahatlama ve iyile\u015fme i\u00e7in tasarlanm\u0131\u015f bir sistemle. Konforlu bir uyku, g\u00fcn\u00fcn yorgunlu\u011funu giderir ve yeni ba\u015far\u0131lara haz\u0131rlar. Zorlu bir g\u00fcn\u00fcn ard\u0131ndan kaliteli bir uyku \u00e7ekmenizi ve enerjinizi geri kazanman\u0131z\u0131 diliyoruz. 4\u2019\u00fc 1 arada uyku sistemi, her geceyi yenilenme f\u0131rsat\u0131na d\u00f6n\u00fc\u015ft\u00fcrerek size derin ve onar\u0131c\u0131 bir uyku sunar!<\/span><\/p>\n<p>&nbsp;<\/p>\n<p><b>4\u2019\u00fc 1 arada uyku sisteminin faydalar\u0131<\/b><\/p>\n<p><span style=\"font-weight: 400;\">Sistem; %100 pamuklu, kabartmal\u0131 dokulu, negatif iyonlar ve uzak k\u0131z\u0131l\u00f6tesi \u0131\u015f\u0131nlarla zenginle\u015ftirilmi\u015f kuma\u015flardan olu\u015fur. S\u00fcrekli olarak k\u0131z\u0131l\u00f6tesi \u0131\u015f\u0131nlar ve anyonlar yayarak kan mikrosirk\u00fclasyonunu destekler, metabolizmay\u0131 uyar\u0131r. Cilde nazik, yumu\u015fak, konforlu ve nefes alabilir malzemeler gece boyunca kaliteli bir dinlenme ve v\u00fccut yenilenmesi sa\u011flar. Sofistike kabartmal\u0131 kuma\u015f, zarif sar\u0131 tonuyla l\u00fcks ve zarafet hissi yarat\u0131r; y\u00fcksek kaliteli bir uyku deneyimi sunar.<\/span><\/p>\n<p>&nbsp;<\/p>\n<p><b>\u015e\u0131k valiz tasar\u0131m\u0131, kolay ta\u015f\u0131ma<\/b><b><br \/>\n<\/b><span style=\"font-weight: 400;\"> Sa\u011flam tutma sap\u0131, retro tarzda g\u00f6r\u00fcn\u00fcm ve TSA kilit sistemiyle donat\u0131lm\u0131\u015f valiz dayan\u0131kl\u0131d\u0131r. \u00c7ift y\u00f6nl\u00fc d\u00f6ner tekerlekler darbe emici ve sessizdir, daha rahat kullan\u0131m sa\u011flar.<\/span><\/p>\n<p>&nbsp;<\/p>\n<p><b>Ki\u015fiselle\u015ftirilmi\u015f marka dokunu\u015fu<\/b><b><br \/>\n<\/b><span style=\"font-weight: 400;\"> Valizin \u00fczerine \u015firketin logosu ve al\u0131c\u0131n\u0131n ismi i\u015flenir.<\/span><span style=\"font-weight: 400;\"><br \/>\n<\/span><span style=\"font-weight: 400;\"> Bu, markaya olan g\u00fcveni art\u0131r\u0131r ve m\u00fc\u015fterilerde aidiyet hissi olu\u015fturur.<\/span><\/p>\n<p>&nbsp;<\/p>\n<p><b>Tamamlay\u0131c\u0131 tasar\u0131m, pratik ta\u015f\u0131ma<\/b><b><br \/>\n<\/b><span style=\"font-weight: 400;\"> 4\u2019\u00fc 1 arada uyku sistemi ve ki\u015fisel valiz birbiriyle uyumludur.<\/span><span style=\"font-weight: 400;\"><br \/>\n<\/span><span style=\"font-weight: 400;\"> S\u0131k seyahat edenler, i\u015f gezileri yapanlar veya ta\u015f\u0131nanlar i\u00e7in kolay ta\u015f\u0131n\u0131r.<\/span><span style=\"font-weight: 400;\"><br \/>\n<\/span><span style=\"font-weight: 400;\"> Evde kullan\u0131mda yer kaplamaz, kolay saklan\u0131r ve hijyenik koruma sa\u011flar.<\/span><\/p>\n","protected":false},"featured_media":254,"template":"","categories":[6,31],"class_list":["post-1176","product","type-product","status-publish","has-post-thumbnail","hentry","categories-vse-tovary","categories-aksessuary"],"acf":[],"_links":{"self":[{"href":"https:\/\/mywhieda.com\/tr\/wp-json\/wp\/v2\/product\/1176","targetHints":{"allow":["GET"]}}],"collection":[{"href":"https:\/\/mywhieda.com\/tr\/wp-json\/wp\/v2\/product"}],"about":[{"href":"https:\/\/mywhieda.com\/tr\/wp-json\/wp\/v2\/types\/product"}],"wp:featuredmedia":[{"embeddable":true,"href":"https:\/\/mywhieda.com\/tr\/wp-json\/wp\/v2\/media\/254"}],"wp:attachment":[{"href":"https:\/\/mywhieda.com\/tr\/wp-json\/wp\/v2\/media?parent=1176"}],"wp:term":[{"taxonomy":"categories","embeddable":true,"href":"https:\/\/mywhieda.com\/tr\/wp-json\/wp\/v2\/categories?post=1176"}],"curies":[{"name":"wp","href":"https:\/\/api.w.org\/{rel}","templated":true}]}}