{"id":1178,"date":"2025-05-24T20:11:31","date_gmt":"2025-05-24T17:11:31","guid":{"rendered":"https:\/\/mywhieda.com\/?post_type=product&#038;p=1178"},"modified":"2026-04-19T16:30:32","modified_gmt":"2026-04-19T13:30:32","slug":"anionovye-prokladki-anion-2-3-2-2","status":"publish","type":"product","link":"https:\/\/mywhieda.com\/tr\/product\/anionovye-prokladki-anion-2-3-2-2\/","title":{"rendered":"Anion+ Aniyonik Pedler"},"content":{"rendered":"<p><span style=\"font-weight: 400;\">Her kad\u0131n her ay hijyenik ped kullan\u0131r ve yaln\u0131zca sa\u011fl\u0131\u011fa zarars\u0131z de\u011fil, ayn\u0131 zamanda sa\u011fl\u0131\u011f\u0131 destekleyen \u00fcr\u00fcnleri tercih etmek \u00f6nemlidir.<\/span><span style=\"font-weight: 400;\"><br \/>\n<\/span><span style=\"font-weight: 400;\"> Kritik g\u00fcnlerde g\u00fcven ve rahatl\u0131k sunmak \u00fczere tasarlanm\u0131\u015f Anion+ aniyonik pedleri sunuyoruz.<\/span><\/p>\n<p><span style=\"font-weight: 400;\">Anion+ pedleri \u00fc\u00e7 \u00e7e\u015fittir: g\u00fcnd\u00fcz, gece ve g\u00fcnl\u00fck kullan\u0131m i\u00e7in.<\/span><span style=\"font-weight: 400;\"><br \/>\n<\/span><span style=\"font-weight: 400;\"> Ayr\u0131ca sadece g\u00fcnl\u00fck veya sadece g\u00fcnd\u00fcz pedlerinden olu\u015fan \u00f6zel paket se\u00e7enekleri de mevcuttur.<\/span><\/p>\n<p>&nbsp;<\/p>\n<p><b>19 paketlik kutu i\u00e7eri\u011fi:<\/b><b><br \/>\n<\/b><span style=\"font-weight: 400;\"> \u2022 G\u00fcnd\u00fcz pedleri: 10 paket \u00d7 10 adet<\/span><span style=\"font-weight: 400;\"><br \/>\n<\/span><span style=\"font-weight: 400;\"> \u2022 Gece pedleri: 4 paket \u00d7 8 adet<\/span><span style=\"font-weight: 400;\"><br \/>\n<\/span><span style=\"font-weight: 400;\"> \u2022 G\u00fcnl\u00fck pedler: 5 paket \u00d7 30 adet<\/span><\/p>\n<p><span style=\"font-weight: 400;\">Bu set ortalama 10\u201312 ay kullan\u0131m i\u00e7in tasarlanm\u0131\u015ft\u0131r.<\/span><span style=\"font-weight: 400;\"><br \/>\n<\/span><span style=\"font-weight: 400;\"> \u00c7evre dostu, pamuklu ve nefes alabilir pedler, g\u00fcvenli ambalajda sunulur.<\/span><span style=\"font-weight: 400;\"><br \/>\n<\/span><span style=\"font-weight: 400;\"> Bu pedler, Japon teknolojisiyle geli\u015ftirilmi\u015f \u00f6zel bir aniyon \u00e7ipi i\u00e7erir.<\/span><\/p>\n<p>&nbsp;<\/p>\n<h3><b>Neden WHIEDA Aniyonik Pedlerini Se\u00e7melisiniz?<\/b><\/h3>\n<p><b><br \/>\n<\/b><span style=\"font-weight: 400;\"> Anion+ aniyonik pedleri yaln\u0131zca konfor sa\u011flamakla kalmaz, ayn\u0131 zamanda \u00e7e\u015fitli jinekolojik hastal\u0131klar\u0131n \u00f6nlenmesine yard\u0131mc\u0131 olur.<\/span><span style=\"font-weight: 400;\"><br \/>\n<\/span><span style=\"font-weight: 400;\"> Anyon-m\u0131knat\u0131s i\u015flemcisi sayesinde v\u00fccudun biyo-manyetik dengesini destekler, kan dola\u015f\u0131m\u0131n\u0131 te\u015fvik eder, iltihap ve a\u011fr\u0131y\u0131 azalt\u0131r, ba\u011f\u0131\u015f\u0131kl\u0131\u011f\u0131 art\u0131r\u0131r ve sinir sistemini olumlu etkileyerek regl d\u00f6nemindeki ruh h\u00e2lini iyile\u015ftirir.<\/span><\/p>\n<p>&nbsp;<\/p>\n<p><b>Temel Bile\u015fenler ve Faydalar:<\/b><b><br \/>\n<\/b><span style=\"font-weight: 400;\"> \u2022 <\/span><b>Anyonik Bambu:<\/b><span style=\"font-weight: 400;\"> Anaerobik bakterileri emer, fazla nemi yok eder, k\u00f6t\u00fc kokular\u0131 n\u00f6tralize eder.<\/span><span style=\"font-weight: 400;\"><br \/>\n<\/span><span style=\"font-weight: 400;\"> \u2022 <\/span><b>Manyetik-Aniyon \u0130\u015flemcisi:<\/b><span style=\"font-weight: 400;\"> Anaerobik bakterileri emer, onlar i\u00e7in elveri\u015fsiz bir ortam olu\u015fturur. Bu da bakterilerin \u00e7o\u011falmas\u0131n\u0131 engelleyerek enfeksiyonlar\u0131 \u00f6nler.<\/span><span style=\"font-weight: 400;\"><br \/>\n<\/span><span style=\"font-weight: 400;\"> \u2022 <\/span><b>G\u00fcm\u00fc\u015f \u0130yonlar\u0131:<\/b><span style=\"font-weight: 400;\"> M\u0131knat\u0131sl\u0131 i\u015flemcide bulunur; \u00fcreme organlar\u0131n\u0131 koruyucu etkiyle sarar, zararl\u0131 bakterileri yok eder ve tedavi edici fayda sunar.<\/span><\/p>\n<p>&nbsp;<\/p>\n<p><b>Yenilik ve Ekoloji:<\/b><b><br \/>\n<\/b><span style=\"font-weight: 400;\"> Anion+ pedlerin d\u0131\u015f tabaka malzemesi patentli, \u00e7evre dostudur ve 1\u20132 y\u0131l i\u00e7inde do\u011fada \u00e7\u00f6z\u00fcnebilir.<\/span><span style=\"font-weight: 400;\"><br \/>\n<\/span><span style=\"font-weight: 400;\"> Di\u011fer pedlerden farkl\u0131 olarak hava sirk\u00fclasyonuna izin verir, bakteri \u00fcremesini \u00f6nler, sa\u011fl\u0131k sorunlar\u0131n\u0131 (k\u0131s\u0131rl\u0131k d\u00e2hil) engellemeye yard\u0131mc\u0131 olur.<\/span><span style=\"font-weight: 400;\"><br \/>\n<\/span><span style=\"font-weight: 400;\"> Anion+ pedleri, bakteri \u00e7o\u011falmas\u0131 olmadan 12 saate kadar kesintisiz kullan\u0131m imk\u00e2n\u0131 sunar ve regl d\u00f6nemlerinde b\u00fct\u00fcnc\u00fcl konfor sa\u011flar.<\/span><\/p>\n","protected":false},"featured_media":263,"template":"","categories":[6,30],"class_list":["post-1178","product","type-product","status-publish","has-post-thumbnail","hentry","categories-vse-tovary","categories-gigiena"],"acf":[],"_links":{"self":[{"href":"https:\/\/mywhieda.com\/tr\/wp-json\/wp\/v2\/product\/1178","targetHints":{"allow":["GET"]}}],"collection":[{"href":"https:\/\/mywhieda.com\/tr\/wp-json\/wp\/v2\/product"}],"about":[{"href":"https:\/\/mywhieda.com\/tr\/wp-json\/wp\/v2\/types\/product"}],"wp:featuredmedia":[{"embeddable":true,"href":"https:\/\/mywhieda.com\/tr\/wp-json\/wp\/v2\/media\/263"}],"wp:attachment":[{"href":"https:\/\/mywhieda.com\/tr\/wp-json\/wp\/v2\/media?parent=1178"}],"wp:term":[{"taxonomy":"categories","embeddable":true,"href":"https:\/\/mywhieda.com\/tr\/wp-json\/wp\/v2\/categories?post=1178"}],"curies":[{"name":"wp","href":"https:\/\/api.w.org\/{rel}","templated":true}]}}