{"id":1180,"date":"2025-05-24T20:17:35","date_gmt":"2025-05-24T17:17:35","guid":{"rendered":"https:\/\/mywhieda.com\/?post_type=product&#038;p=1180"},"modified":"2025-12-28T00:13:35","modified_gmt":"2025-12-27T21:13:35","slug":"antibakterialnyy-gel-2-3-2-2","status":"publish","type":"product","link":"https:\/\/mywhieda.com\/tr\/product\/antibakterialnyy-gel-2-3-2-2\/","title":{"rendered":"\u0410ntibakteriyel jeli"},"content":{"rendered":"<p><span style=\"font-weight: 400;\">FOHERB antibakteriyel jel, antibakteriyel \u00f6zelliklere sahip do\u011fal bitki \u00f6zleri ve do\u011fal biyoaktif bile\u015fenlerden olu\u015fur. Sadece dezenfektan ve spermisit etkiler sunmakla kalmaz, ayn\u0131 zamanda \u00f6nleyici bak\u0131m ve koruma da sa\u011flar.\u00a0<\/span><\/p>\n<p>&nbsp;<\/p>\n<p><span style=\"font-weight: 400;\">\u015eanghay Mikrobiyoloji Laboratuvar\u0131 taraf\u0131ndan yap\u0131lan testlere g\u00f6re, antibakteriyel jel HIV-1 vir\u00fcs\u00fcn\u00fcn %99,53\u2019\u00fcn\u00fc yok eder. Do\u011fal ve bitkisel i\u00e7eriklere dayanan benzersiz form\u00fcl\u00fc, do\u011frudan etki i\u00e7in tasarlanm\u0131\u015ft\u0131r ve konik yap\u0131s\u0131 sayesinde kolay kullan\u0131m sunar.<\/span><\/p>\n","protected":false},"featured_media":264,"template":"","categories":[6,30],"class_list":["post-1180","product","type-product","status-publish","has-post-thumbnail","hentry","categories-vse-tovary","categories-gigiena"],"acf":[],"_links":{"self":[{"href":"https:\/\/mywhieda.com\/tr\/wp-json\/wp\/v2\/product\/1180","targetHints":{"allow":["GET"]}}],"collection":[{"href":"https:\/\/mywhieda.com\/tr\/wp-json\/wp\/v2\/product"}],"about":[{"href":"https:\/\/mywhieda.com\/tr\/wp-json\/wp\/v2\/types\/product"}],"wp:featuredmedia":[{"embeddable":true,"href":"https:\/\/mywhieda.com\/tr\/wp-json\/wp\/v2\/media\/264"}],"wp:attachment":[{"href":"https:\/\/mywhieda.com\/tr\/wp-json\/wp\/v2\/media?parent=1180"}],"wp:term":[{"taxonomy":"categories","embeddable":true,"href":"https:\/\/mywhieda.com\/tr\/wp-json\/wp\/v2\/categories?post=1180"}],"curies":[{"name":"wp","href":"https:\/\/api.w.org\/{rel}","templated":true}]}}