{"id":1182,"date":"2025-05-24T20:21:28","date_gmt":"2025-05-24T17:21:28","guid":{"rendered":"https:\/\/mywhieda.com\/?post_type=product&#038;p=1182"},"modified":"2026-04-16T15:20:41","modified_gmt":"2026-04-16T12:20:41","slug":"zubnaya-pasta-2-3-2-2","status":"publish","type":"product","link":"https:\/\/mywhieda.com\/tr\/product\/zubnaya-pasta-2-3-2-2\/","title":{"rendered":"Dentifricio"},"content":{"rendered":"<p><span style=\"font-weight: 400;\">FOHERB ARTEMISIA ANNUA di\u015f macunu, geleneksel \u00c7in t\u0131bb\u0131n\u0131n klasik tarifine g\u00f6re \u00fcretilmi\u015f olup, pelin otu, zanthoxylum, luohan guo meyvesi ve \u00c7in da\u011f nanesi gibi bitki \u00f6zleri i\u00e7erir. \u00d6zel olarak geli\u015ftirilmi\u015f form\u00fcl\u00fc ve benzersiz bile\u015fen kombinasyonu sayesinde, bakteri \u00fcremesini engellemeye, a\u011f\u0131z i\u00e7i pH dengesini korumaya, k\u00f6t\u00fc nefesi gidermeye ve di\u015f ile di\u015f eti sa\u011fl\u0131\u011f\u0131n\u0131 desteklemeye yard\u0131mc\u0131 olur.<\/span><\/p>\n<p>&nbsp;<\/p>\n<p><b>Aktif Bile\u015fenler: <\/b><span style=\"font-weight: 400;\">Pelin otu \u00f6z\u00fc, zanthoxylum \u00f6z\u00fc, luohan guo \u00f6z\u00fc, \u00c7in da\u011f nanesi \u00f6z\u00fc.<\/span><\/p>\n<p><span style=\"font-weight: 400;\">Pelin otu \u00f6zl\u00fc di\u015f macunu y\u00fcksek kaliteli i\u00e7eriklerle \u00fcretilmi\u015ftir ve g\u00fcvenli bir form\u00fcle sahiptir. Uluslararas\u0131 d\u00fczeyde sertifikal\u0131d\u0131r, antibiyotik i\u00e7ermez, yan etkisi yoktur ve hamile kad\u0131nlar, \u00e7ocuklar ve ya\u015fl\u0131lar i\u00e7in uygundur. Ferah ve \u00e7i\u00e7eksi aromas\u0131 k\u00f6t\u00fc nefesi giderir ve uzun s\u00fcreli ferahl\u0131k sa\u011flar.<\/span><\/p>\n<p>&nbsp;<\/p>\n<p><b>Kullan\u0131m \u015eekli:<\/b><span style=\"font-weight: 400;\"> G\u00fcnde en az 2 kez, en az 3 dakika boyunca di\u015flerinizi f\u0131r\u00e7alay\u0131n\u0131z.<\/span><span style=\"font-weight: 400;\"><br \/>\n<\/span><b><\/b><\/p>\n<p>&nbsp;<\/p>\n<p><b>Saklama Ko\u015fullar\u0131:<\/b><span style=\"font-weight: 400;\"> Serin ve kuru bir yerde muhafaza ediniz.<\/span><\/p>\n<p>&nbsp;<\/p>\n<p><b>Uyar\u0131lar:<\/b><span style=\"font-weight: 400;\"> \u0130la\u00e7 yerine ge\u00e7mez; 6 ya\u015f alt\u0131 \u00e7ocuklar i\u00e7in bir yeti\u015fkin g\u00f6zetiminde ve \u00e7ok az miktarda kullan\u0131lmal\u0131d\u0131r.<\/span><\/p>\n<p><span style=\"font-weight: 400;\"><br \/>\n<\/span><b>Ambalaj:<\/b><span style=\"font-weight: 400;\"> 120 g\u2019l\u0131k t\u00fcp (6 adet).<\/span><\/p>\n","protected":false},"featured_media":308,"template":"","categories":[6,30],"class_list":["post-1182","product","type-product","status-publish","has-post-thumbnail","hentry","categories-vse-tovary","categories-gigiena"],"acf":[],"_links":{"self":[{"href":"https:\/\/mywhieda.com\/tr\/wp-json\/wp\/v2\/product\/1182","targetHints":{"allow":["GET"]}}],"collection":[{"href":"https:\/\/mywhieda.com\/tr\/wp-json\/wp\/v2\/product"}],"about":[{"href":"https:\/\/mywhieda.com\/tr\/wp-json\/wp\/v2\/types\/product"}],"wp:featuredmedia":[{"embeddable":true,"href":"https:\/\/mywhieda.com\/tr\/wp-json\/wp\/v2\/media\/308"}],"wp:attachment":[{"href":"https:\/\/mywhieda.com\/tr\/wp-json\/wp\/v2\/media?parent=1182"}],"wp:term":[{"taxonomy":"categories","embeddable":true,"href":"https:\/\/mywhieda.com\/tr\/wp-json\/wp\/v2\/categories?post=1182"}],"curies":[{"name":"wp","href":"https:\/\/api.w.org\/{rel}","templated":true}]}}