{"id":1184,"date":"2025-05-24T20:31:37","date_gmt":"2025-05-24T17:31:37","guid":{"rendered":"https:\/\/mywhieda.com\/?post_type=product&#038;p=1184"},"modified":"2025-11-07T15:02:59","modified_gmt":"2025-11-07T12:02:59","slug":"omolazhivayushchiy-sprey-s-lifting-effektom-2-3-2-2","status":"publish","type":"product","link":"https:\/\/mywhieda.com\/tr\/product\/omolazhivayushchiy-sprey-s-lifting-effektom-2-3-2-2\/","title":{"rendered":"Y\u00fcz Gerdirme Etkili Gen\u00e7le\u015ftirici Y\u00fcz Spreyi"},"content":{"rendered":"<p><span style=\"font-weight: 400;\">Gen\u00e7le\u015fme konusu her kad\u0131n i\u00e7in ka\u00e7\u0131n\u0131lmaz olarak bir \u00f6ncelik h\u00e2line gelir. Ya\u015flanma kar\u015f\u0131t\u0131 \u00fcr\u00fcnlerin yelpazesi olduk\u00e7a geni\u015ftir, bu nedenle do\u011fru \u00fcr\u00fcn\u00fc se\u00e7mek kolay de\u011fildir. Ancak YOUTHFULNESS FREEZE SPRAY ile kesinlikle memnun kalacaks\u0131n\u0131z. Bu modern \u00fcr\u00fcn, \u00fcnl\u00fc botoks etkisine benzer \u015fekilde \u00e7al\u0131\u015f\u0131r, ancak cilde zarar vermez ve tedavi sonras\u0131nda k\u00f6t\u00fcle\u015fmeye yol a\u00e7maz. Sadece birka\u00e7 hafta i\u00e7inde k\u0131r\u0131\u015f\u0131kl\u0131klar kaybolur, cilt daha s\u0131k\u0131 ve gergin h\u00e2le gelir. Uygun fiyatla y\u00fcksek etki sa\u011flayan bu \u00fcr\u00fcn, piyasadaki benzerlerinden kolayca ayr\u0131l\u0131r \u00e7\u00fcnk\u00fc bu seviyede sonu\u00e7 almak genellikle zordur.<\/span><\/p>\n<p><span style=\"font-weight: 400;\"><br \/>\n<\/span><span style=\"font-weight: 400;\"> Cilde esneklik kazand\u0131rmak ve nemlendirmek bir\u00e7ok kad\u0131n\u0131n arzusudur, fakat kremler her zaman istenilen etkiyi g\u00f6stermez. Daha etkili bir se\u00e7enek ise gen\u00e7le\u015ftirici YOUTHFULNESS FREEZE SPRAY\u2019dir. Bu sprey, kolajen ve elastin \u00fcretimini h\u0131zland\u0131r\u0131r.<\/span><\/p>\n","protected":false},"featured_media":309,"template":"","categories":[6,33],"class_list":["post-1184","product","type-product","status-publish","has-post-thumbnail","hentry","categories-vse-tovary","categories-kosmetika"],"acf":[],"_links":{"self":[{"href":"https:\/\/mywhieda.com\/tr\/wp-json\/wp\/v2\/product\/1184","targetHints":{"allow":["GET"]}}],"collection":[{"href":"https:\/\/mywhieda.com\/tr\/wp-json\/wp\/v2\/product"}],"about":[{"href":"https:\/\/mywhieda.com\/tr\/wp-json\/wp\/v2\/types\/product"}],"wp:featuredmedia":[{"embeddable":true,"href":"https:\/\/mywhieda.com\/tr\/wp-json\/wp\/v2\/media\/309"}],"wp:attachment":[{"href":"https:\/\/mywhieda.com\/tr\/wp-json\/wp\/v2\/media?parent=1184"}],"wp:term":[{"taxonomy":"categories","embeddable":true,"href":"https:\/\/mywhieda.com\/tr\/wp-json\/wp\/v2\/categories?post=1184"}],"curies":[{"name":"wp","href":"https:\/\/api.w.org\/{rel}","templated":true}]}}