{"id":1186,"date":"2025-05-25T18:17:22","date_gmt":"2025-05-25T15:17:22","guid":{"rendered":"https:\/\/mywhieda.com\/?post_type=product&#038;p=1186"},"modified":"2026-04-23T12:51:22","modified_gmt":"2026-04-23T09:51:22","slug":"eliksir-fohou-2-3-2-2","status":"publish","type":"product","link":"https:\/\/mywhieda.com\/tr\/product\/eliksir-fohou-2-3-2-2\/","title":{"rendered":"Fohow Eliksiri"},"content":{"rendered":"<p><b>Fohow Eliksiri <\/b><span style=\"font-weight: 400;\">\u2014 geleneksel \u00c7in t\u0131bb\u0131na ait bir tarif olup, sa\u011fl\u0131k koruma k\u00fclt\u00fcr\u00fcn\u00fcn ger\u00e7ek bir hazinesidir. Bu eliksir, v\u00fccudun d\u00fczg\u00fcn \u00e7al\u0131\u015fmas\u0131 i\u00e7in gereken t\u00fcm bile\u015fenleri do\u011fal olarak i\u00e7eren ola\u011fan\u00fcst\u00fc bir \u00fcr\u00fcnd\u00fcr. G\u00fc\u00e7l\u00fc bir antioksidan etkiye sahiptir, v\u00fccuttaki t\u00fcm organ ve sistemlerin dengesini d\u00fczenler ve hem kronik hastal\u0131klarda etkili hem de g\u00fc\u00e7l\u00fc bir \u00f6nleyici olarak yayg\u0131n \u015fekilde kullan\u0131l\u0131r. Bu \u00fcr\u00fcn yaln\u0131zca do\u011fal i\u00e7erikler i\u00e7erir; ana bile\u015feni kordiseps olup, lingzhi, siyah mantar ve goji meyveleriyle birle\u015fir.<\/span><\/p>\n","protected":false},"featured_media":286,"template":"","categories":[6,32],"class_list":["post-1186","product","type-product","status-publish","has-post-thumbnail","hentry","categories-vse-tovary","categories-dieticheskie-dobavki"],"acf":[],"_links":{"self":[{"href":"https:\/\/mywhieda.com\/tr\/wp-json\/wp\/v2\/product\/1186","targetHints":{"allow":["GET"]}}],"collection":[{"href":"https:\/\/mywhieda.com\/tr\/wp-json\/wp\/v2\/product"}],"about":[{"href":"https:\/\/mywhieda.com\/tr\/wp-json\/wp\/v2\/types\/product"}],"wp:featuredmedia":[{"embeddable":true,"href":"https:\/\/mywhieda.com\/tr\/wp-json\/wp\/v2\/media\/286"}],"wp:attachment":[{"href":"https:\/\/mywhieda.com\/tr\/wp-json\/wp\/v2\/media?parent=1186"}],"wp:term":[{"taxonomy":"categories","embeddable":true,"href":"https:\/\/mywhieda.com\/tr\/wp-json\/wp\/v2\/categories?post=1186"}],"curies":[{"name":"wp","href":"https:\/\/api.w.org\/{rel}","templated":true}]}}