{"id":1188,"date":"2025-05-25T18:25:18","date_gmt":"2025-05-25T15:25:18","guid":{"rendered":"https:\/\/mywhieda.com\/?post_type=product&#038;p=1188"},"modified":"2025-11-07T16:57:33","modified_gmt":"2025-11-07T13:57:33","slug":"eliksir-sancin-fohou-2-3-2-2","status":"publish","type":"product","link":"https:\/\/mywhieda.com\/tr\/product\/eliksir-sancin-fohou-2-3-2-2\/","title":{"rendered":"Sanqing Fohow Eliksiri"},"content":{"rendered":"<p><b>Sanqing Fohow Eliksiri, <\/b><span style=\"font-weight: 400;\">FoHerb \u015eirketi Bilimsel Ara\u015ft\u0131rma Merkezi taraf\u0131ndan, geleneksel \u00c7in t\u0131bb\u0131 ilkelerine dayan\u0131larak geli\u015ftirilmi\u015f olup; d\u00fc\u015f\u00fck s\u0131cakl\u0131kta ekstraksiyon ve h\u00fccre duvarlar\u0131n\u0131 alt-nanometrik d\u00fczeyde par\u00e7alama teknolojisi kullan\u0131larak \u00fcretilmi\u015ftir.<\/span><\/p>\n<p><span style=\"font-weight: 400;\">\u201cSanqing Phoenix\u201d eliksiri, \u00c7in\u2019deki en etkili ar\u0131nd\u0131r\u0131c\u0131 \u00fcr\u00fcnd\u00fcr. V\u00fccudu zay\u0131flatmadan do\u011fal yollarla ar\u0131nd\u0131ran bir \u00fcr\u00fcnd\u00fcr.<\/span><span style=\"font-weight: 400;\"><br \/>\n<\/span><span style=\"font-weight: 400;\"> Ba\u011f\u0131rsak temizli\u011fi, toksinlerin at\u0131lmas\u0131, kandaki ya\u011flar\u0131n temizlenmesi, bedende hafiflik hissi!<\/span><\/p>\n<p><span style=\"font-weight: 400;\"><br \/>\n<\/span><span style=\"font-weight: 400;\"> 2\u20133 kullan\u0131m k\u00fcr\u00fcnden sonra gastrointestinal fonksiyonlar belirgin \u015fekilde iyile\u015fir, toksin birikimine ba\u011fl\u0131 sertle\u015fmi\u015f cilt yumu\u015far, cilt tonu pembemsi bir h\u00e2l al\u0131r, lekeler, akne ve d\u00f6k\u00fcnt\u00fcler yava\u015f yava\u015f kaybolur, a\u011f\u0131z kokusu normale d\u00f6ner.<\/span><\/p>\n","protected":false},"featured_media":285,"template":"","categories":[6,32],"class_list":["post-1188","product","type-product","status-publish","has-post-thumbnail","hentry","categories-vse-tovary","categories-dieticheskie-dobavki"],"acf":[],"_links":{"self":[{"href":"https:\/\/mywhieda.com\/tr\/wp-json\/wp\/v2\/product\/1188","targetHints":{"allow":["GET"]}}],"collection":[{"href":"https:\/\/mywhieda.com\/tr\/wp-json\/wp\/v2\/product"}],"about":[{"href":"https:\/\/mywhieda.com\/tr\/wp-json\/wp\/v2\/types\/product"}],"wp:featuredmedia":[{"embeddable":true,"href":"https:\/\/mywhieda.com\/tr\/wp-json\/wp\/v2\/media\/285"}],"wp:attachment":[{"href":"https:\/\/mywhieda.com\/tr\/wp-json\/wp\/v2\/media?parent=1188"}],"wp:term":[{"taxonomy":"categories","embeddable":true,"href":"https:\/\/mywhieda.com\/tr\/wp-json\/wp\/v2\/categories?post=1188"}],"curies":[{"name":"wp","href":"https:\/\/api.w.org\/{rel}","templated":true}]}}