{"id":1189,"date":"2025-05-25T18:26:35","date_gmt":"2025-05-25T15:26:35","guid":{"rendered":"https:\/\/mywhieda.com\/?post_type=product&#038;p=1189"},"modified":"2026-04-22T13:15:21","modified_gmt":"2026-04-22T10:15:21","slug":"eliksir-3-dragocennosti-fohou-2-3-2-2","status":"publish","type":"product","link":"https:\/\/mywhieda.com\/tr\/product\/eliksir-3-dragocennosti-fohou-2-3-2-2\/","title":{"rendered":"Fohow 3 M\u00fccevher Eliksiri"},"content":{"rendered":"<p><b>Fohow 3 M\u00fccevher Eliksiri<\/b><span style=\"font-weight: 400;\">, Fohow Eliksiri\u2019nin konsantre baz\u0131na dayan\u0131r ve ileri teknolojilerle safla\u015ft\u0131r\u0131lm\u0131\u015f siyah kar\u0131nca \u00f6z\u00fcyle zenginle\u015ftirilmi\u015ftir.<\/span><\/p>\n<p>&nbsp;<\/p>\n<p><span style=\"font-weight: 400;\">Fohow 3 M\u00fccevher Eliksiri\u2019nin \u00fcretiminde, d\u00fc\u015f\u00fck s\u0131cakl\u0131kta ekstraksiyon ve h\u00fccre duvarlar\u0131n\u0131n alt-nanometrik d\u00fczeyde par\u00e7alanmas\u0131n\u0131 sa\u011flayan \u00f6zel bir teknoloji kullan\u0131l\u0131r. Bu sayede aktif besin maddeleri tamamen korunur ve v\u00fccut taraf\u0131ndan kolayca emilir. Eliksir do\u011fal bile\u015fenlerden olu\u015fur ve hi\u00e7bir kimyasal katk\u0131 maddesi veya hormon i\u00e7ermez.<\/span><\/p>\n<p><b>Fohow 3 M\u00fccevher Eliksiri \u0130\u00e7eri\u011fi:<\/b><\/p>\n<ul>\n<li style=\"font-weight: 400;\" aria-level=\"1\"><span style=\"font-weight: 400;\">Cordyceps \u00f6z\u00fc<\/span><\/li>\n<li style=\"font-weight: 400;\" aria-level=\"1\"><span style=\"font-weight: 400;\">Lingzhi (Reishi) mantar\u0131 sporlar\u0131<\/span><\/li>\n<li style=\"font-weight: 400;\" aria-level=\"1\"><span style=\"font-weight: 400;\">Shiitake mantar\u0131 \u00f6z\u00fc<\/span><\/li>\n<li style=\"font-weight: 400;\" aria-level=\"1\"><span style=\"font-weight: 400;\">Siyah kar\u0131nca \u00f6z\u00fc<\/span><\/li>\n<li style=\"font-weight: 400;\" aria-level=\"1\"><span style=\"font-weight: 400;\">Bal<\/span><\/li>\n<li style=\"font-weight: 400;\" aria-level=\"1\"><span style=\"font-weight: 400;\">Su<\/span><\/li>\n<\/ul>\n<h3><\/h3>\n<h3><b>Fohow 3 M\u00fccevher Eliksiri Kullan\u0131m Alanlar\u0131:<\/b><\/h3>\n","protected":false},"featured_media":284,"template":"","categories":[6,32],"class_list":["post-1189","product","type-product","status-publish","has-post-thumbnail","hentry","categories-vse-tovary","categories-dieticheskie-dobavki"],"acf":[],"_links":{"self":[{"href":"https:\/\/mywhieda.com\/tr\/wp-json\/wp\/v2\/product\/1189","targetHints":{"allow":["GET"]}}],"collection":[{"href":"https:\/\/mywhieda.com\/tr\/wp-json\/wp\/v2\/product"}],"about":[{"href":"https:\/\/mywhieda.com\/tr\/wp-json\/wp\/v2\/types\/product"}],"wp:featuredmedia":[{"embeddable":true,"href":"https:\/\/mywhieda.com\/tr\/wp-json\/wp\/v2\/media\/284"}],"wp:attachment":[{"href":"https:\/\/mywhieda.com\/tr\/wp-json\/wp\/v2\/media?parent=1189"}],"wp:term":[{"taxonomy":"categories","embeddable":true,"href":"https:\/\/mywhieda.com\/tr\/wp-json\/wp\/v2\/categories?post=1189"}],"curies":[{"name":"wp","href":"https:\/\/api.w.org\/{rel}","templated":true}]}}