{"id":1191,"date":"2025-05-25T18:32:24","date_gmt":"2025-05-25T15:32:24","guid":{"rendered":"https:\/\/mywhieda.com\/?post_type=product&#038;p=1191"},"modified":"2025-05-28T21:02:06","modified_gmt":"2025-05-28T18:02:06","slug":"pasta-roza-fohou-2-3-2-2","status":"publish","type":"product","link":"https:\/\/mywhieda.com\/tr\/product\/pasta-roza-fohou-2-3-2-2\/","title":{"rendered":"Fohow G\u00fcl Macunu"},"content":{"rendered":"<p><b>Fohow G\u00fcl Macunu<\/b><span style=\"font-weight: 400;\"> do\u011fal bitkilerden elde edilen oligosakkaritler i\u00e7erir ve bu maddeler sindirim sisteminin \u00fcst b\u00f6l\u00fcmlerinde par\u00e7alanmadan kal\u0131r. Bu sayede faydal\u0131 bakteriler 10 ila 100 kat daha h\u0131zl\u0131 \u00e7o\u011fal\u0131rken, zararl\u0131 bakterilerin b\u00fcy\u00fcmesi bask\u0131lan\u0131r. Macun formundaki yap\u0131s\u0131 ho\u015f bir aroma ve tada sahiptir, g\u00fcnl\u00fck kullan\u0131m i\u00e7in idealdir.<\/span><\/p>\n<p><b>Fohow G\u00fcl Macunu Kullan\u0131m Alanlar\u0131<\/b><\/p>\n<ul>\n<li style=\"font-weight: 400;\" aria-level=\"1\"><span style=\"font-weight: 400;\">Zehirlenmelerde m\u00fckemmel etki sa\u011flar, disbiyozu (ba\u011f\u0131rsak flora bozuklu\u011fu) etkili bir \u015fekilde ortadan kald\u0131r\u0131r ve karaci\u011feri temizler.<\/span><\/li>\n<li style=\"font-weight: 400;\" aria-level=\"1\"><span style=\"font-weight: 400;\">A\u011f\u0131z kokusunu giderir, \u015feker yerine kullan\u0131labilir ve cilt tonunu iyile\u015ftirir.<\/span><\/li>\n<li style=\"font-weight: 400;\" aria-level=\"1\"><span style=\"font-weight: 400;\">Kronik yorgunluk sendromunu hafifletir, ba\u011f\u0131rsak mikrofloras\u0131n\u0131 geri kazand\u0131r\u0131r ve ya\u011f seviyelerini d\u00fc\u015f\u00fcr\u00fcr.<\/span><\/li>\n<li style=\"font-weight: 400;\" aria-level=\"1\"><span style=\"font-weight: 400;\">V\u00fccuttaki organ ve sistemleri temizler, alerjilere kar\u015f\u0131 olumlu etkiler sa\u011flar ve do\u011fal bir detoks etkisi yarat\u0131r.<\/span><\/li>\n<\/ul>\n<p><b>Fohow G\u00fcl Macununun \u00d6zellikleri<\/b><\/p>\n<ul>\n<li style=\"font-weight: 400;\" aria-level=\"1\"><span style=\"font-weight: 400;\">G\u00fcl \u00e7i\u00e7e\u011fi \u00f6z\u00fc, karaci\u011feri ar\u0131nd\u0131r\u0131r ve genel kozmetik faydalar sa\u011flar.<\/span><\/li>\n<li style=\"font-weight: 400;\" aria-level=\"1\"><span style=\"font-weight: 400;\">Disbiyoz tedavisinde yard\u0131mc\u0131 olur, faydal\u0131 ba\u011f\u0131rsak floras\u0131n\u0131 art\u0131r\u0131r ve sindirim sisteminin i\u015flevlerini dengeler.<\/span><\/li>\n<li style=\"font-weight: 400;\" aria-level=\"1\"><span style=\"font-weight: 400;\">Sindirim salg\u0131lar\u0131n\u0131 d\u00fczenler, sindirimi ve emilimi harekete ge\u00e7irir, ishal durumlar\u0131nda faydal\u0131d\u0131r.<\/span><\/li>\n<li style=\"font-weight: 400;\" aria-level=\"1\"><span style=\"font-weight: 400;\">Ba\u011f\u0131rsaklar\u0131n gen\u00e7li\u011fini korur ve ba\u011f\u0131\u015f\u0131kl\u0131k sistemini g\u00fc\u00e7lendirir.<\/span><\/li>\n<li style=\"font-weight: 400;\" aria-level=\"1\"><span style=\"font-weight: 400;\">Ya\u015flanmay\u0131 geciktirir, cilt elastikiyetini art\u0131r\u0131r ve alerjilerle m\u00fccadele eder.<\/span><\/li>\n<li style=\"font-weight: 400;\" aria-level=\"1\"><span style=\"font-weight: 400;\">Toksinlerin at\u0131lmas\u0131n\u0131 destekler, kab\u0131zl\u0131\u011f\u0131 giderir, kilo vermeye yard\u0131mc\u0131 olur ve a\u011f\u0131z ile v\u00fccut kokular\u0131n\u0131 ortadan kald\u0131r\u0131r.<\/span><\/li>\n<li style=\"font-weight: 400;\" aria-level=\"1\"><span style=\"font-weight: 400;\">Obeziteyi \u00f6nler.<\/span><\/li>\n<\/ul>\n<p><b>Kullan\u0131m \u00d6nerileri<\/b><\/p>\n<p><span style=\"font-weight: 400;\">Fohow G\u00fcl Macunu her ya\u015f i\u00e7in uygundur ve herhangi bir s\u0131n\u0131rlama olmadan kullan\u0131labilir. G\u00fcnl\u00fck diyette \u015feker yerine tercih edilebilir, do\u011frudan t\u00fcketilebilir, ekme\u011fe s\u00fcr\u00fclerek ya da \u00e7aya kar\u0131\u015ft\u0131r\u0131larak kullan\u0131labilir.<\/span><\/p>\n<p><b>\u0130\u00e7erik:<\/b><\/p>\n<ul>\n<li style=\"font-weight: 400;\" aria-level=\"1\"><span style=\"font-weight: 400;\">G\u00fcl \u00e7i\u00e7e\u011fi \u00f6z\u00fc<\/span><\/li>\n<li style=\"font-weight: 400;\" aria-level=\"1\"><span style=\"font-weight: 400;\">Oligosakkaritler<\/span><\/li>\n<li style=\"font-weight: 400;\" aria-level=\"1\"><span style=\"font-weight: 400;\">Stakiyoz (stachiosi)<\/span><\/li>\n<\/ul>\n","protected":false},"featured_media":292,"template":"","categories":[6,32],"class_list":["post-1191","product","type-product","status-publish","has-post-thumbnail","hentry","categories-vse-tovary","categories-dieticheskie-dobavki"],"acf":[],"_links":{"self":[{"href":"https:\/\/mywhieda.com\/tr\/wp-json\/wp\/v2\/product\/1191","targetHints":{"allow":["GET"]}}],"collection":[{"href":"https:\/\/mywhieda.com\/tr\/wp-json\/wp\/v2\/product"}],"about":[{"href":"https:\/\/mywhieda.com\/tr\/wp-json\/wp\/v2\/types\/product"}],"wp:featuredmedia":[{"embeddable":true,"href":"https:\/\/mywhieda.com\/tr\/wp-json\/wp\/v2\/media\/292"}],"wp:attachment":[{"href":"https:\/\/mywhieda.com\/tr\/wp-json\/wp\/v2\/media?parent=1191"}],"wp:term":[{"taxonomy":"categories","embeddable":true,"href":"https:\/\/mywhieda.com\/tr\/wp-json\/wp\/v2\/categories?post=1191"}],"curies":[{"name":"wp","href":"https:\/\/api.w.org\/{rel}","templated":true}]}}