{"id":1193,"date":"2025-05-25T18:36:36","date_gmt":"2025-05-25T15:36:36","guid":{"rendered":"https:\/\/mywhieda.com\/?post_type=product&#038;p=1193"},"modified":"2026-04-23T17:12:58","modified_gmt":"2026-04-23T14:12:58","slug":"kapsuly-syuechinfu-3-3-2-2","status":"publish","type":"product","link":"https:\/\/mywhieda.com\/tr\/product\/kapsuly-syuechinfu-3-3-2-2\/","title":{"rendered":"Xuechinfu Kaps\u00fclleri"},"content":{"rendered":"<p><b>Xuechinfu kaps\u00fclleri<\/b><span style=\"font-weight: 400;\">, kan damarlar\u0131n\u0131 temiz ve sa\u011fl\u0131kl\u0131 tutmak i\u00e7in tasarlanm\u0131\u015f tamamen do\u011fal bir \u00fcr\u00fcnd\u00fcr. Kardiyovask\u00fcler hastal\u0131klar\u0131 \u00f6nler ve v\u00fccuda canl\u0131l\u0131k kazand\u0131r\u0131r. Tromb\u00fcsleri etkili \u015fekilde \u00e7\u00f6zer, kan\u0131 toksinlerden ar\u0131nd\u0131r\u0131r ve k\u0131lcal damarlar\u0131n normal i\u015flevini destekler.<\/span><\/p>\n<p><b>Xuechinfu Kaps\u00fcllerinin Kullan\u0131m\u0131<\/b><\/p>\n<ol>\n<li style=\"font-weight: 400;\" aria-level=\"1\"><b>Trombolitik Etki:<\/b><span style=\"font-weight: 400;\"> Natto \u00f6z\u00fc, g\u00fc\u00e7l\u00fc bir trombolitik etkiye sahiptir: mevcut tromb\u00fcsleri \u00e7\u00f6zer, trombositlerin birikmesini ve yeni tromb\u00fcslerin olu\u015fmas\u0131n\u0131 \u00f6nler, kan ak\u0131\u015f\u0131n\u0131 geri kazand\u0131r\u0131r. Kalp ve beyin damar hastal\u0131klar\u0131 i\u00e7in etkili bir tamamlay\u0131c\u0131d\u0131r.<\/span><\/li>\n<li style=\"font-weight: 400;\" aria-level=\"1\"><b>Damarlar\u0131 G\u00fc\u00e7lendirme:<\/b><span style=\"font-weight: 400;\"> \u00dcz\u00fcm \u00e7ekirde\u011fi ekstresi, g\u00fc\u00e7l\u00fc bir antioksidan olan proantosiyanidinler (OPC) a\u00e7\u0131s\u0131ndan zengindir. Aktivitesi E vitamininden 50 kat, C vitamininden 20 kat daha y\u00fcksektir. Oksidatif s\u00fcre\u00e7leri engeller, damar elastikiyetini korur ve k\u0131r\u0131lganl\u0131\u011f\u0131 azalt\u0131r.<\/span><\/li>\n<li style=\"font-weight: 400;\" aria-level=\"1\"><b>\u00dc\u00e7 Temel G\u00f6stergenin Azalt\u0131lmas\u0131:<\/b><span style=\"font-weight: 400;\"> Gynostemma pentaphyllum ekstresi, tansiyonu, kan lipidlerini ve kan \u015fekerini d\u00fc\u015f\u00fcrmeye yard\u0131mc\u0131 olur. Ayr\u0131ca damar elastikiyetini geri kazand\u0131r\u0131r ve damar ya\u015flanmas\u0131n\u0131 \u00f6nler.<\/span><\/li>\n<\/ol>\n<p><b>Xuechinfu Kaps\u00fcllerinin \u0130\u00e7eri\u011fi<\/b><\/p>\n<p><span style=\"font-weight: 400;\">Natto (fermente soya), \u00fcz\u00fcm \u00e7ekirde\u011fi ekstresi ve Gynostemma pentaphyllum ekstresi i\u00e7erir.<\/span><span style=\"font-weight: 400;\"><br \/>\n<\/span><span style=\"font-weight: 400;\"> Ana bile\u015fen nattokinazd\u0131r \u2013 fermente soya fasulyesinden elde edilen bir enzim. Nattokinaz, kan ak\u0131\u015f\u0131n\u0131 iyile\u015ftirir ve do\u011fal bir \u201caspirin\u201d alternatifi olarak kalp-damar hastal\u0131klar\u0131n\u0131n \u00f6nlenmesinde ve tedavisinde kullan\u0131l\u0131r.<\/span><\/p>\n<p><b>Temel Faydalar<\/b><\/p>\n<ul>\n<li aria-level=\"1\"><b>Kan damarlar\u0131n\u0131 g\u00fc\u00e7lendirir.<\/b><\/li>\n<\/ul>\n<ul>\n<li aria-level=\"1\"><b>Lenf viskozitesini azalt\u0131r.<\/b><\/li>\n<\/ul>\n<ul>\n<li aria-level=\"1\"><b>Dokulara oksijen ta\u015f\u0131n\u0131m\u0131n\u0131 art\u0131r\u0131r.<\/b><\/li>\n<\/ul>\n<ul>\n<li aria-level=\"1\"><b>G\u00f6z sa\u011fl\u0131\u011f\u0131n\u0131 destekler.<\/b><\/li>\n<\/ul>\n<ul>\n<li aria-level=\"1\"><b>Eklem ve kas a\u011fr\u0131lar\u0131n\u0131 hafifletir.<\/b><\/li>\n<\/ul>\n<ul>\n<li aria-level=\"1\"><b>V\u00fccudu toksinlerden ar\u0131nd\u0131r\u0131r.<\/b><\/li>\n<\/ul>\n<p><b>Kullan\u0131m Endikasyonlar\u0131:<\/b><\/p>\n<ul>\n<li style=\"font-weight: 400;\" aria-level=\"1\"><span style=\"font-weight: 400;\">Y\u00fcksek kolesterol<\/span><\/li>\n<li style=\"font-weight: 400;\" aria-level=\"1\"><span style=\"font-weight: 400;\">Kalp iskemik hastal\u0131klar\u0131<\/span><\/li>\n<li style=\"font-weight: 400;\" aria-level=\"1\"><span style=\"font-weight: 400;\">Hipertansiyon<\/span><\/li>\n<li style=\"font-weight: 400;\" aria-level=\"1\"><span style=\"font-weight: 400;\">Diyabet<\/span><\/li>\n<li style=\"font-weight: 400;\" aria-level=\"1\"><span style=\"font-weight: 400;\">Ya\u015fa ba\u011fl\u0131 haf\u0131za bozukluklar\u0131<\/span><\/li>\n<li style=\"font-weight: 400;\" aria-level=\"1\"><span style=\"font-weight: 400;\">Y\u00fcr\u00fcrken bacaklarda a\u011fr\u0131 ve kas yorgunlu\u011fu<\/span><\/li>\n<li style=\"font-weight: 400;\" aria-level=\"1\"><span style=\"font-weight: 400;\">El ve ayaklarda uyu\u015fma veya kar\u0131ncalanma<\/span><\/li>\n<li style=\"font-weight: 400;\" aria-level=\"1\"><span style=\"font-weight: 400;\">Yava\u015f iyile\u015fen yaralar<\/span><\/li>\n<li style=\"font-weight: 400;\" aria-level=\"1\"><span style=\"font-weight: 400;\">Onkolojik hastal\u0131klar<\/span><\/li>\n<\/ul>\n<p><b>Uyar\u0131lar ve Kontrendikasyonlar:<\/b><\/p>\n<ul>\n<li style=\"font-weight: 400;\" aria-level=\"1\"><span style=\"font-weight: 400;\">Bile\u015fenlere kar\u015f\u0131 bireysel intolerans<\/span><\/li>\n<li style=\"font-weight: 400;\" aria-level=\"1\"><span style=\"font-weight: 400;\">Hamilelik ve emzirme<\/span><\/li>\n<li style=\"font-weight: 400;\" aria-level=\"1\"><span style=\"font-weight: 400;\">Kan inceltici ila\u00e7larla e\u015fzamanl\u0131 kullan\u0131m.<\/span><\/li>\n<\/ul>\n<p><b>Sunum \u015eekli:<\/b><b><br \/>\n<\/b><span style=\"font-weight: 400;\"> 450 mg x 120 kaps\u00fcl (net a\u011f\u0131rl\u0131k: 54 g)<\/span><\/p>\n<p><b>Tavsiye Edilen Dozaj:<\/b><b><br \/>\n<\/b><span style=\"font-weight: 400;\"> G\u00fcnde 2 kez 1-2 kaps\u00fcl, \u0131l\u0131k su ile birlikte al\u0131n\u0131r.<\/span><\/p>\n<p><b>FOHERB Tam Protein Tozu<\/b><b><br \/>\n<\/b><span style=\"font-weight: 400;\"> Bu tescilli besin takviyesi, y\u00fcksek proteinli, d\u00fc\u015f\u00fck ya\u011fl\u0131 ve d\u00fc\u015f\u00fck kalorili yap\u0131s\u0131yla kas kayb\u0131 olmadan kilo vermeyi destekleyen ek bir besin kayna\u011f\u0131d\u0131r.<\/span><\/p>\n<p><b>\u0130\u00e7eri\u011fi:<\/b><b><br \/>\n<\/b><span style=\"font-weight: 400;\"> \u2022 Peynir alt\u0131 suyu proteini<\/span><span style=\"font-weight: 400;\"><br \/>\n<\/span><span style=\"font-weight: 400;\"> \u2022 Soya proteini izolat\u0131<\/span><span style=\"font-weight: 400;\"><br \/>\n<\/span><span style=\"font-weight: 400;\"> \u2022 Bitkisel proteinler<\/span><span style=\"font-weight: 400;\"><br \/>\n<\/span><span style=\"font-weight: 400;\"> \u2022 Be\u015f t\u00fcr diyet lifi: in\u00fclin, frukto-oligosakkaritler, psyllium kabu\u011fu tozu, m\u0131s\u0131r unu ve yulaf unu<\/span><span style=\"font-weight: 400;\"><br \/>\n<\/span><span style=\"font-weight: 400;\"> Ba\u011f\u0131rsak mikrobiyotas\u0131n\u0131 dengeler ve tokluk hissini uzat\u0131r.<\/span><\/p>\n<p><b>Faydalar:<\/b><b><br \/>\n<\/b><span style=\"font-weight: 400;\"> \u2022 Ba\u011f\u0131rsak sa\u011fl\u0131\u011f\u0131n\u0131 iyile\u015ftirir<\/span><span style=\"font-weight: 400;\"><br \/>\n<\/span><span style=\"font-weight: 400;\"> \u2022 Kas k\u00fctlesi kayb\u0131 olmadan ya\u011f yak\u0131m\u0131n\u0131 destekler<\/span><span style=\"font-weight: 400;\"><br \/>\n<\/span><span style=\"font-weight: 400;\"> \u2022 Patentli teknolojisi sayesinde h\u0131zl\u0131 emilimli besin sa\u011flar<\/span><\/p>\n<p><b>Not:<\/b><span style=\"font-weight: 400;\"> Bu \u00fcr\u00fcn, modern bilimsel ilkelerle geli\u015ftirilen diyet ve spor beslenme kategorisine aittir.<\/span><\/p>\n","protected":false},"featured_media":271,"template":"","categories":[6,32],"class_list":["post-1193","product","type-product","status-publish","has-post-thumbnail","hentry","categories-vse-tovary","categories-dieticheskie-dobavki"],"acf":[],"_links":{"self":[{"href":"https:\/\/mywhieda.com\/tr\/wp-json\/wp\/v2\/product\/1193","targetHints":{"allow":["GET"]}}],"collection":[{"href":"https:\/\/mywhieda.com\/tr\/wp-json\/wp\/v2\/product"}],"about":[{"href":"https:\/\/mywhieda.com\/tr\/wp-json\/wp\/v2\/types\/product"}],"wp:featuredmedia":[{"embeddable":true,"href":"https:\/\/mywhieda.com\/tr\/wp-json\/wp\/v2\/media\/271"}],"wp:attachment":[{"href":"https:\/\/mywhieda.com\/tr\/wp-json\/wp\/v2\/media?parent=1193"}],"wp:term":[{"taxonomy":"categories","embeddable":true,"href":"https:\/\/mywhieda.com\/tr\/wp-json\/wp\/v2\/categories?post=1193"}],"curies":[{"name":"wp","href":"https:\/\/api.w.org\/{rel}","templated":true}]}}