{"id":1195,"date":"2025-05-25T18:41:37","date_gmt":"2025-05-25T15:41:37","guid":{"rendered":"https:\/\/mywhieda.com\/?post_type=product&#038;p=1195"},"modified":"2025-12-24T15:23:39","modified_gmt":"2025-12-24T12:23:39","slug":"kompleksnyy-belkovyy-protein-ot-foherb-2-3-2-2","status":"publish","type":"product","link":"https:\/\/mywhieda.com\/tr\/product\/kompleksnyy-belkovyy-protein-ot-foherb-2-3-2-2\/","title":{"rendered":"FoHerb&#8217;in Komple Protein Takviyesi"},"content":{"rendered":"<p><span style=\"font-weight: 400;\">Bu, <\/span><b>y\u00fcksek proteinli, d\u00fc\u015f\u00fck ya\u011f ve kalorili<\/b><span style=\"font-weight: 400;\"> patentli bir g\u0131dad\u0131r. Ek bir besin kayna\u011f\u0131 olarak kullan\u0131l\u0131r ve <\/span><b>kas kayb\u0131 olmadan kilo vermeyi<\/b><span style=\"font-weight: 400;\"> destekler.<\/span><\/p>\n<p><span style=\"font-weight: 400;\">G\u00fcn\u00fcm\u00fczde modern insanlar diyet beslenmeye b\u00fcy\u00fck \u00f6nem vermektedir. G\u0131da g\u00fcvenli\u011findeki azalma, insan sa\u011fl\u0131\u011f\u0131n\u0131 tehdit eden \u00e7ok miktarda kimyasal toksin al\u0131m\u0131na yol a\u00e7m\u0131\u015ft\u0131r. Ayr\u0131ca dengesizlik, b\u00fct\u00fcnl\u00fck eksikli\u011fi ve a\u015f\u0131r\u0131 beslenme gibi sorunlar da v\u00fccutta \u00e7e\u015fitli rahats\u0131zl\u0131klara neden olmaktad\u0131r.<\/span><\/p>\n<h3><\/h3>\n<h3><b>FOHERB Kompleks Protein \u0130\u00e7eri\u011fi<\/b><\/h3>\n<p>&nbsp;<\/p>\n<p><span style=\"font-weight: 400;\">FOHERB kompleks proteini, sa\u011fl\u0131\u011fa faydal\u0131 \u00f6zel ve <\/span><b>patentli fonksiyonel bile\u015fenler<\/b><span style=\"font-weight: 400;\"> i\u00e7erir ve bir \u00f6\u011f\u00fcn\u00fcn yerini alabilecek \u015fekilde tasarlanm\u0131\u015ft\u0131r. <\/span><b>Hem kompleks proteinleri hem de di\u011fer temel besinleri<\/b><span style=\"font-weight: 400;\"> ayn\u0131 anda i\u00e7erir.<\/span><\/p>\n<p><span style=\"font-weight: 400;\">Kompleks protein, peynir alt\u0131 suyu proteini, izole soya proteini ve bitkisel protein tozunu i\u00e7erir. Bu i\u00e7erikler patentli teknolojiyle i\u015flenmi\u015f olup, besin a\u00e7\u0131s\u0131ndan zengindir ve v\u00fccut taraf\u0131ndan kolayca emilir. Bu \u00fcr\u00fcn, \u00f6zel ve spor beslenmesi kategorisine aittir ve form\u00fcl\u00fc bilimsel yakla\u015f\u0131mla geli\u015ftirilmi\u015ftir. <\/span><b>Ba\u011f\u0131rsaklar\u0131 korur<\/b><span style=\"font-weight: 400;\"> ve <\/span><b>uzun s\u00fcre tokluk hissi sa\u011flar.<\/b><\/p>\n<p><span style=\"font-weight: 400;\">Kompleks protein ayr\u0131ca <\/span><b>5 farkl\u0131 diyet lifi kayna\u011f\u0131<\/b><span style=\"font-weight: 400;\"> i\u00e7erir: in\u00fclin, frukto-oligosakkaritler, psyllium kabuk tozu, m\u0131s\u0131r unu ve yulaf unu. Bu lifler <\/span><b>ba\u011f\u0131rsak mikrobiyotas\u0131n\u0131 dengeler<\/b><span style=\"font-weight: 400;\"> ve uzun s\u00fcreli tokluk sa\u011flar.<\/span><\/p>\n<p><span style=\"font-weight: 400;\">Patentli teknoloji sayesinde, besin maddeleri h\u0131zl\u0131 \u015fekilde emilir ve etki g\u00f6stermeye ba\u015flar. Bu \u00fcr\u00fcn, <\/span><b>y\u00fcksek lif i\u00e7eri\u011fi<\/b><span style=\"font-weight: 400;\">, <\/span><b>d\u00fc\u015f\u00fck kalorili<\/b><span style=\"font-weight: 400;\"> ve <\/span><b>y\u00fcksek proteinli<\/b><span style=\"font-weight: 400;\"> yap\u0131s\u0131 sayesinde <\/span><b>ya\u011flar\u0131 h\u0131zl\u0131 \u015fekilde azalt\u0131rken kas k\u00fctlesini korur.<\/b><\/p>\n","protected":false},"featured_media":275,"template":"","categories":[6,32],"class_list":["post-1195","product","type-product","status-publish","has-post-thumbnail","hentry","categories-vse-tovary","categories-dieticheskie-dobavki"],"acf":[],"_links":{"self":[{"href":"https:\/\/mywhieda.com\/tr\/wp-json\/wp\/v2\/product\/1195","targetHints":{"allow":["GET"]}}],"collection":[{"href":"https:\/\/mywhieda.com\/tr\/wp-json\/wp\/v2\/product"}],"about":[{"href":"https:\/\/mywhieda.com\/tr\/wp-json\/wp\/v2\/types\/product"}],"wp:featuredmedia":[{"embeddable":true,"href":"https:\/\/mywhieda.com\/tr\/wp-json\/wp\/v2\/media\/275"}],"wp:attachment":[{"href":"https:\/\/mywhieda.com\/tr\/wp-json\/wp\/v2\/media?parent=1195"}],"wp:term":[{"taxonomy":"categories","embeddable":true,"href":"https:\/\/mywhieda.com\/tr\/wp-json\/wp\/v2\/categories?post=1195"}],"curies":[{"name":"wp","href":"https:\/\/api.w.org\/{rel}","templated":true}]}}