{"id":1197,"date":"2025-05-25T18:43:53","date_gmt":"2025-05-25T15:43:53","guid":{"rendered":"https:\/\/mywhieda.com\/?post_type=product&#038;p=1197"},"modified":"2025-11-27T22:10:51","modified_gmt":"2025-11-27T19:10:51","slug":"nizkomolekulyarnyy-soevyy-peptid-2-2-2-2","status":"publish","type":"product","link":"https:\/\/mywhieda.com\/tr\/product\/nizkomolekulyarnyy-soevyy-peptid-2-2-2-2\/","title":{"rendered":"D\u00fc\u015f\u00fck Molek\u00fcl A\u011f\u0131rl\u0131kl\u0131 Soya Peptitleri"},"content":{"rendered":"<p><b>Peptitler<\/b><span style=\"font-weight: 400;\"> (ayn\u0131 zamanda proteinler olarak da bilinir), v\u00fccudumuzdaki t\u00fcm h\u00fccrelerin temel yap\u0131 malzemesidir. Bu nedenle, d\u00fczenli olarak peptit t\u00fcketmek son derece \u00f6nemlidir.<\/span><\/p>\n<p>&nbsp;<\/p>\n<p><b>D\u00fc\u015f\u00fck Molek\u00fcl A\u011f\u0131rl\u0131kl\u0131 Soya Peptitleri Nedir?<\/b><b><br \/>\n<\/b><span style=\"font-weight: 400;\"> D\u00fc\u015f\u00fck molek\u00fcl a\u011f\u0131rl\u0131kl\u0131 peptitler, insan v\u00fccudundaki t\u00fcm h\u00fccrelerin yap\u0131 ta\u015f\u0131d\u0131r. Hormonlar, merkezi sinir sistemi, cinsel fonksiyonlar, h\u00fccre yenilenmesi ve b\u00fcy\u00fcmesi gibi bir\u00e7ok alanda etkili olup, organlar\u0131n ve h\u00fccrelerin fizyolojik i\u015flevlerini d\u00fczenlerler.<\/span><\/p>\n<p>&nbsp;<\/p>\n<p><b>D\u00fc\u015f\u00fck Molek\u00fcl A\u011f\u0131rl\u0131kl\u0131 Soya Peptitleri Ne \u0130\u015fe Yarar?<\/b><b><br \/>\n<\/b><span style=\"font-weight: 400;\"> Sindirim s\u00fcrecinde, b\u00fcy\u00fck molek\u00fcll\u00fc proteinler par\u00e7alan\u0131r. Bir k\u0131sm\u0131 amino asitlere ayr\u0131l\u0131r ve karaci\u011ferde peptitler sentezlenir; bu peptitler insan v\u00fccudu taraf\u0131ndan emilir. Biyoaktif d\u00fc\u015f\u00fck molek\u00fcl a\u011f\u0131rl\u0131kl\u0131 peptitler ise ek sindirime ihtiya\u00e7 duymaz, do\u011frudan h\u00fccreler taraf\u0131ndan emilirler.<\/span><\/p>\n<p>&nbsp;<\/p>\n","protected":false},"featured_media":306,"template":"","categories":[6,32],"class_list":["post-1197","product","type-product","status-publish","has-post-thumbnail","hentry","categories-vse-tovary","categories-dieticheskie-dobavki"],"acf":[],"_links":{"self":[{"href":"https:\/\/mywhieda.com\/tr\/wp-json\/wp\/v2\/product\/1197","targetHints":{"allow":["GET"]}}],"collection":[{"href":"https:\/\/mywhieda.com\/tr\/wp-json\/wp\/v2\/product"}],"about":[{"href":"https:\/\/mywhieda.com\/tr\/wp-json\/wp\/v2\/types\/product"}],"wp:featuredmedia":[{"embeddable":true,"href":"https:\/\/mywhieda.com\/tr\/wp-json\/wp\/v2\/media\/306"}],"wp:attachment":[{"href":"https:\/\/mywhieda.com\/tr\/wp-json\/wp\/v2\/media?parent=1197"}],"wp:term":[{"taxonomy":"categories","embeddable":true,"href":"https:\/\/mywhieda.com\/tr\/wp-json\/wp\/v2\/categories?post=1197"}],"curies":[{"name":"wp","href":"https:\/\/api.w.org\/{rel}","templated":true}]}}