{"id":1199,"date":"2025-05-25T18:47:47","date_gmt":"2025-05-25T15:47:47","guid":{"rendered":"https:\/\/mywhieda.com\/?post_type=product&#038;p=1199"},"modified":"2025-05-28T21:03:28","modified_gmt":"2025-05-28T18:03:28","slug":"chay-lyuvey-fohou-2-3-2-2","status":"publish","type":"product","link":"https:\/\/mywhieda.com\/tr\/product\/chay-lyuvey-fohou-2-3-2-2\/","title":{"rendered":"Liuwei Fohow \u00c7ay\u0131"},"content":{"rendered":"<p><b>Liuwei Fohow \u00c7ay\u0131<\/b><span style=\"font-weight: 400;\">, t\u0131bbi \u00f6zelliklere sahip de\u011ferli bitkilerden haz\u0131rlanan do\u011fal bir i\u00e7ecektir.<\/span><\/p>\n<p><span style=\"font-weight: 400;\">Nesilden nesile aktar\u0131lan eski \u00c7in tariflerine g\u00f6re \u00fcretilir.<\/span><\/p>\n<p><span style=\"font-weight: 400;\">Alt\u0131 \u015fifal\u0131 bitki i\u00e7erir: \u00fc\u00e7 y\u0131l olgunla\u015ft\u0131r\u0131lm\u0131\u015f Pu-erh \u00e7ay\u0131, astragalus, ada\u00e7ay\u0131, be\u015f yaprakl\u0131 ginseng, krizantem ve Japon han\u0131meli. Uzmanlar her bitki i\u00e7in en uygun oranlar\u0131 belirleyerek ho\u015f, hafif tatl\u0131 bir lezzete ve m\u00fckemmel aromaya sahip bir \u00e7ay elde etmi\u015flerdir.<\/span><\/p>\n<p>&nbsp;<\/p>\n<p><b>\u0130\u00e7eri\u011fi<\/b><\/p>\n<ul>\n<li style=\"font-weight: 400;\" aria-level=\"1\"><span style=\"font-weight: 400;\">Pu-erh \u00e7ay\u0131<\/span><\/li>\n<li style=\"font-weight: 400;\" aria-level=\"1\"><span style=\"font-weight: 400;\">Astragalus<\/span><\/li>\n<li style=\"font-weight: 400;\" aria-level=\"1\"><span style=\"font-weight: 400;\">Ada\u00e7ay\u0131<\/span><\/li>\n<li style=\"font-weight: 400;\" aria-level=\"1\"><span style=\"font-weight: 400;\">Be\u015f yaprakl\u0131 ginseng<\/span><\/li>\n<li style=\"font-weight: 400;\" aria-level=\"1\"><span style=\"font-weight: 400;\">Krizantem<\/span><\/li>\n<li style=\"font-weight: 400;\" aria-level=\"1\"><span style=\"font-weight: 400;\">Japon han\u0131meli<\/span><\/li>\n<\/ul>\n<p>&nbsp;<\/p>\n<p><b>Liuwei \u00c7ay\u0131n\u0131n Faydalar\u0131<\/b><\/p>\n<ul>\n<li style=\"font-weight: 400;\" aria-level=\"1\"><b>Pu-erh \u00e7ay\u0131:<\/b><span style=\"font-weight: 400;\"> Bo\u011faz a\u011fr\u0131s\u0131n\u0131 hafifletir, sindirimi iyile\u015ftirir, kilo vermeye yard\u0131mc\u0131 olur, kandaki ya\u011f seviyesini d\u00fc\u015f\u00fcr\u00fcr, toksinleri atar ve genel sa\u011fl\u0131\u011f\u0131 iyile\u015ftirir.<\/span><\/li>\n<li style=\"font-weight: 400;\" aria-level=\"1\"><b>Astragalus:<\/b><span style=\"font-weight: 400;\"> Qi\u2019yi g\u00fc\u00e7lendirerek do\u011fal ba\u011f\u0131\u015f\u0131kl\u0131\u011f\u0131 art\u0131r\u0131r, idrar s\u00f6kt\u00fcr\u00fcc\u00fcd\u00fcr ve toksinleri giderir.<\/span><\/li>\n<li style=\"font-weight: 400;\" aria-level=\"1\"><b>Ada\u00e7ay\u0131:<\/b><span style=\"font-weight: 400;\"> Kan durgunlu\u011funu giderir, \u015fi\u015fli\u011fi ve a\u011fr\u0131y\u0131 azalt\u0131r.<\/span><\/li>\n<li style=\"font-weight: 400;\" aria-level=\"1\"><b>Be\u015f yaprakl\u0131 ginseng:<\/b><span style=\"font-weight: 400;\"> Kansere kar\u015f\u0131 koruyucudur, kandaki ya\u011f oran\u0131n\u0131 azalt\u0131r ve cilt i\u00e7in faydal\u0131d\u0131r.<\/span><\/li>\n<li style=\"font-weight: 400;\" aria-level=\"1\"><b>Krizantem:<\/b><span style=\"font-weight: 400;\"> Karaci\u011feri yat\u0131\u015ft\u0131r\u0131r, g\u00f6rmeyi iyile\u015ftirir ve ate\u015fi d\u00fc\u015f\u00fcr\u00fcr.<\/span><\/li>\n<li style=\"font-weight: 400;\" aria-level=\"1\"><b>Japon han\u0131meli:<\/b><span style=\"font-weight: 400;\"> Ate\u015fi d\u00fc\u015f\u00fcr\u00fcr, toksinleri atar, kan\u0131 serinletir ve durgunlu\u011fu giderir.<\/span><\/li>\n<\/ul>\n<p>&nbsp;<\/p>\n<p><b>Liuwei \u00c7ay\u0131n\u0131n D\u00fczenli T\u00fcketiminin Faydalar\u0131<\/b><\/p>\n<ul>\n<li style=\"font-weight: 400;\" aria-level=\"1\"><span style=\"font-weight: 400;\">Sindirimi ve kan dola\u015f\u0131m\u0131n\u0131 iyile\u015ftirir.<\/span><\/li>\n<li style=\"font-weight: 400;\" aria-level=\"1\"><span style=\"font-weight: 400;\">Kan durgunlu\u011funu azalt\u0131r.<\/span><\/li>\n<li style=\"font-weight: 400;\" aria-level=\"1\"><span style=\"font-weight: 400;\">Ate\u015fi d\u00fc\u015f\u00fcrmeye yard\u0131mc\u0131 olur.<\/span><\/li>\n<li style=\"font-weight: 400;\" aria-level=\"1\"><span style=\"font-weight: 400;\">V\u00fccuttan toksinleri atar.<\/span><\/li>\n<li style=\"font-weight: 400;\" aria-level=\"1\"><span style=\"font-weight: 400;\">Kozmetik etkisi vard\u0131r.<\/span><\/li>\n<li style=\"font-weight: 400;\" aria-level=\"1\"><span style=\"font-weight: 400;\">Tansiyonu ve kan ya\u011flar\u0131n\u0131 d\u00fc\u015f\u00fcr\u00fcr.<\/span><\/li>\n<li style=\"font-weight: 400;\" aria-level=\"1\"><span style=\"font-weight: 400;\">\u0130drar s\u00f6kt\u00fcr\u00fcc\u00fcd\u00fcr ve ba\u015fka bir\u00e7ok faydas\u0131 bulunur.<\/span><\/li>\n<\/ul>\n<p>&nbsp;<\/p>\n<p><b>Yemeklerden \u00d6nce ve Sonra Liuwei \u00c7ay\u0131 T\u00fcketimi<\/b><\/p>\n<p><span style=\"font-weight: 400;\">G\u00fcn\u00fcm\u00fczde bir\u00e7ok ki\u015fi y\u00fcksek kalorili yiyecekler t\u00fcketmektedir.<\/span><span style=\"font-weight: 400;\"><br \/>\n<\/span><span style=\"font-weight: 400;\"> Yemeklerden \u00f6nce ve sonra birka\u00e7 yudum Liuwei \u00e7ay\u0131 i\u00e7mek, v\u00fccutta emilen ya\u011f miktar\u0131n\u0131 \u00f6nemli \u00f6l\u00e7\u00fcde azaltabilir. Bu \u00e7ay, kalp-damar ve beyin hastal\u0131klar\u0131, diyabet ve di\u011fer hastal\u0131klara kar\u015f\u0131 do\u011fal bir koruyucu g\u00f6revi g\u00f6r\u00fcr. Ayr\u0131ca, mide taraf\u0131ndan yiyeceklerin sindirilmesini ve emilimini kolayla\u015ft\u0131r\u0131r, v\u00fccutta ya\u011f birikimini ve sel\u00fclit olu\u015fumunu \u00f6nler.<\/span><\/p>\n<p>&nbsp;<\/p>\n<p><b>Not:<\/b><span style=\"font-weight: 400;\"> Liuwei Fohow \u00e7ay\u0131, sigara i\u00e7enlerde bo\u011faz a\u011fr\u0131s\u0131n\u0131 hafifletmek, kronik bron\u015fit ve solunum yolu hastal\u0131klar\u0131n\u0131 \u00f6nlemek i\u00e7in de faydal\u0131d\u0131r<\/span><\/p>\n","protected":false},"featured_media":305,"template":"","categories":[6,32],"class_list":["post-1199","product","type-product","status-publish","has-post-thumbnail","hentry","categories-vse-tovary","categories-dieticheskie-dobavki"],"acf":[],"_links":{"self":[{"href":"https:\/\/mywhieda.com\/tr\/wp-json\/wp\/v2\/product\/1199","targetHints":{"allow":["GET"]}}],"collection":[{"href":"https:\/\/mywhieda.com\/tr\/wp-json\/wp\/v2\/product"}],"about":[{"href":"https:\/\/mywhieda.com\/tr\/wp-json\/wp\/v2\/types\/product"}],"wp:featuredmedia":[{"embeddable":true,"href":"https:\/\/mywhieda.com\/tr\/wp-json\/wp\/v2\/media\/305"}],"wp:attachment":[{"href":"https:\/\/mywhieda.com\/tr\/wp-json\/wp\/v2\/media?parent=1199"}],"wp:term":[{"taxonomy":"categories","embeddable":true,"href":"https:\/\/mywhieda.com\/tr\/wp-json\/wp\/v2\/categories?post=1199"}],"curies":[{"name":"wp","href":"https:\/\/api.w.org\/{rel}","templated":true}]}}