{"id":1201,"date":"2025-05-25T18:52:04","date_gmt":"2025-05-25T15:52:04","guid":{"rendered":"https:\/\/mywhieda.com\/?post_type=product&#038;p=1201"},"modified":"2025-05-28T21:03:58","modified_gmt":"2025-05-28T18:03:58","slug":"kapsuly-linchzhi-2-2-3-2","status":"publish","type":"product","link":"https:\/\/mywhieda.com\/tr\/product\/kapsuly-linchzhi-2-2-3-2\/","title":{"rendered":"Lingzhi kaps\u00fclleri FoHerb"},"content":{"rendered":"<p><span style=\"font-weight: 400;\">Lingzhi kaps\u00fclleri, beyin ve omurilikteki kan dola\u015f\u0131m\u0131n\u0131 \u00f6nemli \u00f6l\u00e7\u00fcde iyile\u015ftirerek sinir h\u00fccrelerine daha fazla oksijen ve besin ula\u015fmas\u0131n\u0131 sa\u011flar. Bu kaps\u00fcller, hasar g\u00f6rm\u00fc\u015f beyin h\u00fccrelerinin bir dereceye kadar yenilenmesine, h\u00fccreler aras\u0131ndaki ba\u011flant\u0131lar\u0131n yeniden kurulmas\u0131na ve bilgi iletim h\u0131z\u0131n\u0131n artmas\u0131na yard\u0131mc\u0131 olur.<\/span><span style=\"font-weight: 400;\"><br \/>\n<\/span><span style=\"font-weight: 400;\"> \u00dcretiminde en y\u00fcksek kalitedeki Lingzhi tozu kullan\u0131l\u0131r; bu toz &#171;zihnin \u00f6z\u00fc&#187; olarak bilinir.<\/span><span style=\"font-weight: 400;\"><br \/>\n<\/span><span style=\"font-weight: 400;\"> Lingzhi kaps\u00fclleri, bilimsel orana g\u00f6re ve hassas bir bile\u015fimle tasarlanm\u0131\u015ft\u0131r. Geli\u015fmi\u015f \u00fcretim teknolojileri sayesinde t\u00fcm temel bile\u015fenlerin kalitesi ve \u00f6zellikleri korunur. Bu \u00fcr\u00fcn saf ve do\u011fald\u0131r, yapay katk\u0131 maddesi i\u00e7ermez, g\u00fcvenlidir ve herhangi bir kontrendikasyonu yoktur.<\/span><span style=\"font-weight: 400;\"><br \/>\n<\/span><span style=\"font-weight: 400;\"> Y\u00fcksek kaliteli Lingzhi, beyne gerekli besinleri h\u0131zla ula\u015ft\u0131rarak i\u015flevlerini iyile\u015ftirir ve verimlili\u011fi art\u0131r\u0131r.<\/span><\/p>\n<p>&nbsp;<\/p>\n<p><b>\u0130\u00e7erik:<\/b><b><br \/>\n<\/b><span style=\"font-weight: 400;\"> Lingzhi (Ganoderma lucidum)<\/span><span style=\"font-weight: 400;\"><br \/>\n<\/span><span style=\"font-weight: 400;\"> Cordyceps sinensis<\/span><span style=\"font-weight: 400;\"><br \/>\n<\/span><span style=\"font-weight: 400;\"> Soya kaps\u00fcl kabu\u011fu<\/span><\/p>\n<p>&nbsp;<\/p>\n<p><b>Temel i\u015flevler:<\/b><b><br \/>\n<\/b><span style=\"font-weight: 400;\"> Bu kaps\u00fcller, beyin ve omurilikteki kan dola\u015f\u0131m\u0131 bozukluklar\u0131n\u0131n (fel\u00e7 sonras\u0131 dahil) tedavisinde etkilidir. T\u00fcketimi, ruh halini ve verimlili\u011fi \u00f6nemli \u00f6l\u00e7\u00fcde iyile\u015ftirir, haf\u0131za geli\u015ftirmek, zek\u00e2y\u0131 art\u0131rmak ve \u00f6\u011frenme yetisini g\u00fc\u00e7lendirmek isteyenler i\u00e7in faydal\u0131d\u0131r.<\/span><span style=\"font-weight: 400;\"><br \/>\n<\/span><span style=\"font-weight: 400;\"> Uzun \u00f6m\u00fcrl\u00fcl\u00fc\u011fe katk\u0131da bulunur ve ya\u015flanmay\u0131 yava\u015flat\u0131r.<\/span><span style=\"font-weight: 400;\"><br \/>\n<\/span><span style=\"font-weight: 400;\"> Stresi azalt\u0131r, yorgunlu\u011fu hafifletir ve uykuyu iyile\u015ftirir.<\/span><span style=\"font-weight: 400;\"><br \/>\n<\/span><span style=\"font-weight: 400;\"> T\u00fcm\u00f6r b\u00fcy\u00fcmesini yava\u015flat\u0131r, kan bas\u0131nc\u0131n\u0131 d\u00fczenler ve kan \u015fekeri seviyesini d\u00fc\u015f\u00fcr\u00fcr.<\/span><span style=\"font-weight: 400;\"><br \/>\n<\/span><span style=\"font-weight: 400;\"> Karaci\u011feri temizler ve korur, g\u00f6rme yetisini geri kazand\u0131r\u0131r ve kalbi g\u00fc\u00e7lendirir.<\/span><\/p>\n<p>&nbsp;<\/p>\n<p><b>Kullan\u0131m \u015fekli ve dozaj:<\/b><b><br \/>\n<\/b><span style=\"font-weight: 400;\"> G\u00fcnde 1 veya 2 kez, bol suyla birlikte 2-3 kaps\u00fcl al\u0131n.<\/span><span style=\"font-weight: 400;\"><br \/>\n<\/span><span style=\"font-weight: 400;\"> Not: Dozaj kademeli olarak art\u0131r\u0131lmal\u0131d\u0131r. \u0130lk hafta g\u00fcnde 1 kaps\u00fcl ile ba\u015flanmal\u0131, gerekirse haftal\u0131k olarak bir kaps\u00fcl daha art\u0131r\u0131lmal\u0131d\u0131r.<\/span><\/p>\n<p>&nbsp;<\/p>\n<p><b>Ambalaj:<\/b><b><br \/>\n<\/b><span style=\"font-weight: 400;\"> 0,62 g\u2019l\u0131k 24 kaps\u00fcl<\/span><\/p>\n<p><b>Son kullanma tarihi:<\/b><span style=\"font-weight: 400;\"> 24 ay<\/span><\/p>\n<p><b>Saklama ko\u015fullar\u0131:<\/b><b><br \/>\n<\/b><span style=\"font-weight: 400;\"> Serin, kuru ve karanl\u0131k bir yerde saklay\u0131n\u0131z.<\/span><\/p>\n","protected":false},"featured_media":283,"template":"","categories":[6,32],"class_list":["post-1201","product","type-product","status-publish","has-post-thumbnail","hentry","categories-vse-tovary","categories-dieticheskie-dobavki"],"acf":[],"_links":{"self":[{"href":"https:\/\/mywhieda.com\/tr\/wp-json\/wp\/v2\/product\/1201","targetHints":{"allow":["GET"]}}],"collection":[{"href":"https:\/\/mywhieda.com\/tr\/wp-json\/wp\/v2\/product"}],"about":[{"href":"https:\/\/mywhieda.com\/tr\/wp-json\/wp\/v2\/types\/product"}],"wp:featuredmedia":[{"embeddable":true,"href":"https:\/\/mywhieda.com\/tr\/wp-json\/wp\/v2\/media\/283"}],"wp:attachment":[{"href":"https:\/\/mywhieda.com\/tr\/wp-json\/wp\/v2\/media?parent=1201"}],"wp:term":[{"taxonomy":"categories","embeddable":true,"href":"https:\/\/mywhieda.com\/tr\/wp-json\/wp\/v2\/categories?post=1201"}],"curies":[{"name":"wp","href":"https:\/\/api.w.org\/{rel}","templated":true}]}}