{"id":1203,"date":"2025-05-25T19:03:12","date_gmt":"2025-05-25T16:03:12","guid":{"rendered":"https:\/\/mywhieda.com\/?post_type=product&#038;p=1203"},"modified":"2025-05-25T19:25:50","modified_gmt":"2025-05-25T16:25:50","slug":"nabor-polnoe-vosstanovlenie-organizma-2-2-2-2-2","status":"publish","type":"product","link":"https:\/\/mywhieda.com\/tr\/product\/nabor-polnoe-vosstanovlenie-organizma-2-2-2-2-2\/","title":{"rendered":"V\u00fccudu tamamen yenileyen destek seti"},"content":{"rendered":"<p><span style=\"font-weight: 400;\">\u00c7in t\u0131bb\u0131, binlerce y\u0131ll\u0131k ge\u00e7mi\u015fe sahip kadim bir sa\u011fl\u0131k sistemidir. \u0130nsan bedeninin nas\u0131l \u00e7al\u0131\u015ft\u0131\u011f\u0131na ve nas\u0131l sa\u011fl\u0131kl\u0131 tutulaca\u011f\u0131na dair derin bir anlay\u0131\u015fa dayan\u0131r. Modern ara\u015ft\u0131rmalar \u00c7in t\u0131bb\u0131n\u0131n etkinli\u011fini do\u011frulam\u0131\u015ft\u0131r. \u00d6rne\u011fin, akupunktur kronik a\u011fr\u0131lar, mide bulant\u0131s\u0131, migren ve hatta depresyonun tedavisinde ba\u015far\u0131yla kullan\u0131lmaktad\u0131r. Bitkisel ila\u00e7lar kolesterol\u00fc d\u00fc\u015f\u00fcrmeye, sindirimi iyile\u015ftirmeye ve hatta ba\u011f\u0131\u015f\u0131kl\u0131k sistemini g\u00fc\u00e7lendirmeye yard\u0131mc\u0131 olur.<\/span><\/p>\n<p><span style=\"font-weight: 400;\">Bat\u0131 t\u0131bb\u0131n\u0131n belirtilerle sava\u015fmaya odaklanmas\u0131n\u0131n aksine, \u00c7in t\u0131bb\u0131 bedendeki dengeyi ve uyumu yeniden sa\u011flamaya \u00e7al\u0131\u015f\u0131r. Bedenimizde g\u00f6r\u00fcnmez bir nehir akt\u0131\u011f\u0131n\u0131 hayal edin: bu, \u201cQi\u201d olarak bilinen ya\u015fam enerjisidir. Qi, t\u00fcm organlar\u0131 ve sistemleri besler, onlar\u0131 uyum i\u00e7inde tutar. Qi, \u201cmeridyen\u201d ad\u0131 verilen \u00f6zel kanallar boyunca akar. Meridyenler, enerji ve bilginin bedenin t\u00fcm h\u00fccrelerine ula\u015ft\u0131\u011f\u0131 otoyollar gibidir.<\/span><\/p>\n<p><span style=\"font-weight: 400;\">Yin ve Yang, z\u0131t ama birbirini tamamlayan iki unsurdur: \u0131\u015f\u0131k ve g\u00f6lge, gece ve g\u00fcnd\u00fcz, eril ve di\u015fil. \u00c7in t\u0131bb\u0131nda bu enerjilere Yin ve Yang denir. Yin pasif, so\u011fuk ve di\u015fil enerjiyi temsil ederken, Yang aktif, s\u0131cak ve eril enerjiyi simgeler. Sa\u011fl\u0131kl\u0131 bir bedende bu iki enerji dengededir; ancak bazen biri bask\u0131n gelir ve bu da uyumu bozar.<\/span><\/p>\n<p><span style=\"font-weight: 400;\">Hastal\u0131kla sava\u015f\u0131lmas\u0131 gereken bir \u015fey olarak g\u00f6r\u00fclmez; bedenin i\u00e7inde bir dengesizli\u011fin i\u015faretidir. \u00c7in t\u0131bb\u0131nda \u201chastal\u0131k \u2013 ila\u00e7 dozu\u201d gibi bir kavram yoktur. Bunun yerine, temel ilke sa\u011fl\u0131\u011f\u0131 te\u015fvik etmek, \u00f6nlem almak ve iyilik halini korumakt\u0131r.<\/span><\/p>\n<p><span style=\"font-weight: 400;\">Bir bah\u00e7eniz oldu\u011funu d\u00fc\u015f\u00fcn\u00fcn. Yeterince su almazsa, bitkiler solar. Onlar\u0131 yeniden canland\u0131rmak i\u00e7in yaln\u0131zca sulamak yetmez; toprak, \u0131\u015f\u0131k ve s\u0131cakl\u0131k gibi uygun ko\u015fullar\u0131 da sa\u011flaman\u0131z gerekir. Ayn\u0131 durum bedenimiz i\u00e7in de ge\u00e7erlidir: sa\u011fl\u0131\u011f\u0131 geri kazanmak i\u00e7in yaln\u0131zca semptomlar\u0131 tedavi etmek yetmez, Yin ve Yang aras\u0131ndaki denge yeniden kurulmal\u0131, beden toksinlerden ar\u0131nd\u0131r\u0131lmal\u0131 ve ya\u015fam enerjisiyle beslenmelidir.<\/span><\/p>\n<h3><\/h3>\n<h3><b>\u00c7in T\u0131bb\u0131nda B\u00fct\u00fcnsel Bir Yakla\u015f\u0131m<\/b><\/h3>\n<p>&nbsp;<\/p>\n<ul>\n<li style=\"font-weight: 400;\" aria-level=\"1\"><b>Dengeleme:<\/b><span style=\"font-weight: 400;\"> \u00d6ncelikle, bedenin uyumu yeniden sa\u011flan\u0131r.<\/span><\/li>\n<li style=\"font-weight: 400;\" aria-level=\"1\"><b>Detoksifikasyon:<\/b><span style=\"font-weight: 400;\"> Sonraki ad\u0131m, toksinlerin ve at\u0131klar\u0131n at\u0131lmas\u0131d\u0131r.<\/span><\/li>\n<li style=\"font-weight: 400;\" aria-level=\"1\"><b>\u0130yile\u015fme:<\/b><span style=\"font-weight: 400;\"> Son olarak, enerji yeniden kazand\u0131r\u0131l\u0131r, beden g\u00fc\u00e7lendirilir ve savunma sistemleri geli\u015ftirilir.<\/span><\/li>\n<\/ul>\n<p><span style=\"font-weight: 400;\">\u00c7in t\u0131bb\u0131 uzmanlar\u0131m\u0131z, d\u00fczenleme, detoks ve iyile\u015ftirme ilkelerine dayanan, bedenin tam onar\u0131m\u0131na y\u00f6nelik b\u00fct\u00fcnsel bir \u00fcr\u00fcn program\u0131 haz\u0131rlam\u0131\u015ft\u0131r. Her a\u015famada 1 ay boyunca belirli \u00fcr\u00fcnlerin kullan\u0131lmas\u0131 \u00f6nerilir. Ciddi sa\u011fl\u0131k sorunlar\u0131 veya kronik hastal\u0131klar s\u00f6z konusuysa, her a\u015fama 2 aya kadar uzat\u0131labilir. Ba\u015flamadan \u00f6nce kontrendikasyonlar\u0131 kontrol edin ve gerekirse bir uzmana dan\u0131\u015f\u0131n.<\/span><\/p>\n<p><span style=\"font-weight: 400;\">Unutmay\u0131n: \u00c7in t\u0131bb\u0131nda \u201chastal\u0131k \u2013 ila\u00e7 \u2013 doz\u201d gibi bir kavram yoktur. Bedeninizin \u00fcr\u00fcnlere verdi\u011fi tepkiyi g\u00f6zlemleyin ve iyile\u015fme fark ederseniz kullan\u0131m\u0131 uzatabilirsiniz.<\/span><\/p>\n<h3><\/h3>\n<h3><b>Schema Generale per Problemi di Salute e Mantenimento del Benessere<\/b><\/h3>\n<p>&nbsp;<\/p>\n<p><b>1. Regolazione (1 mese)<\/b><\/p>\n<ul>\n<li aria-level=\"1\"><b>Elisir FoHow Contiene sostanze naturali essenziali per il funzionamento ottimale del corpo. Ha un forte effetto antiossidante, regola l&#8217;equilibrio degli organi e dei sistemi, ed \u00e8 efficace come misura preventiva e per malattie croniche.<\/b><\/li>\n<\/ul>\n<ul>\n<li aria-level=\"1\"><b>Capsule Lingzhi Migliorano la circolazione cerebrale e spinale, favoriscono la rigenerazione cellulare, ripristinano le connessioni neuronali e accelerano la trasmissione di informazioni.<\/b><\/li>\n<\/ul>\n<ul>\n<li aria-level=\"1\"><b>Pasta Rosa Efficace contro l&#8217;intossicazione, migliora la microbiota intestinale. Elimina odori sgradevoli, pu\u00f2 essere usata come dolcificante. Aiuta nella fatica cronica e disintossica il corpo.<\/b><\/li>\n<\/ul>\n<ul>\n<li aria-level=\"1\"><b>T\u00e8 Liu Wei Prodotto con erbe preziose secondo antiche ricette, dotato di propriet\u00e0 curative.<\/b><\/li>\n<\/ul>\n<p><b>2. Disintossicazione (1 mese)<\/b><\/p>\n<ul>\n<li aria-level=\"1\"><b>Elisir Sanqing Pulisce il corpo senza esaurirlo: intestini, sangue e tossine, apportando leggerezza all&#8217;organismo.<\/b><\/li>\n<\/ul>\n<ul>\n<li aria-level=\"1\"><b>Capsule Xueqingfu Prodotto naturale che pulisce i vasi sanguigni, previene malattie cardiovascolari e migliora la vitalit\u00e0.<\/b><\/li>\n<\/ul>\n<ul>\n<li aria-level=\"1\"><b>Pasta Rosa e T\u00e8 Liu Wei Continuano a supportare il processo di pulizia.<\/b><\/li>\n<\/ul>\n<p><b>3. Recupero (1 mese)<\/b><\/p>\n<ul>\n<li aria-level=\"1\"><b>Elisir Tre Tesori Rafforza l&#8217;organismo, consigliato per persone con malattie croniche, reumatismo, diabete, epatite B o in trattamento per il cancro.<\/b><\/li>\n<\/ul>\n<ul>\n<li aria-level=\"1\"><b>Peptidi Sono i blocchi costitutivi delle cellule. Agiscono in aree come ormoni, rigenerazione cellulare e funzioni fisiologiche.<\/b><\/li>\n<\/ul>\n<ul>\n<li aria-level=\"1\"><b>Pasta Rosa e T\u00e8 Liu Wei Per sostenere il corpo durante questa fase di ricostruzione.<\/b><\/li>\n<\/ul>\n<p><b>Consiglio per la prevenzione:<\/b><\/p>\n<p><b>Per mantenere un buono stato di salute e prevenire malattie, si raccomanda di ripetere questo schema fino a 2 volte all&#8217;anno.<\/b><\/p>\n","protected":false},"featured_media":273,"template":"","categories":[6,7],"class_list":["post-1203","product","type-product","status-publish","has-post-thumbnail","hentry","categories-vse-tovary","categories-nabory"],"acf":[],"_links":{"self":[{"href":"https:\/\/mywhieda.com\/tr\/wp-json\/wp\/v2\/product\/1203","targetHints":{"allow":["GET"]}}],"collection":[{"href":"https:\/\/mywhieda.com\/tr\/wp-json\/wp\/v2\/product"}],"about":[{"href":"https:\/\/mywhieda.com\/tr\/wp-json\/wp\/v2\/types\/product"}],"wp:featuredmedia":[{"embeddable":true,"href":"https:\/\/mywhieda.com\/tr\/wp-json\/wp\/v2\/media\/273"}],"wp:attachment":[{"href":"https:\/\/mywhieda.com\/tr\/wp-json\/wp\/v2\/media?parent=1203"}],"wp:term":[{"taxonomy":"categories","embeddable":true,"href":"https:\/\/mywhieda.com\/tr\/wp-json\/wp\/v2\/categories?post=1203"}],"curies":[{"name":"wp","href":"https:\/\/api.w.org\/{rel}","templated":true}]}}