{"id":1205,"date":"2025-05-25T19:26:09","date_gmt":"2025-05-25T16:26:09","guid":{"rendered":"https:\/\/mywhieda.com\/?post_type=product&#038;p=1205"},"modified":"2025-05-25T19:30:17","modified_gmt":"2025-05-25T16:30:17","slug":"nabor-vse-dlya-zhenskogo-zdorovya-2-2-2-2-2","status":"publish","type":"product","link":"https:\/\/mywhieda.com\/tr\/product\/nabor-vse-dlya-zhenskogo-zdorovya-2-2-2-2-2\/","title":{"rendered":"Kad\u0131n Sa\u011fl\u0131\u011f\u0131 \u0130\u00e7in Tam Set"},"content":{"rendered":"<p><span style=\"font-weight: 400;\">Sa\u011fl\u0131\u011f\u0131n\u0131z: G\u00fczellik ve Enerjinin Anahtar\u0131<\/span><span style=\"font-weight: 400;\"><br \/>\n<\/span><span style=\"font-weight: 400;\"> Biz kad\u0131nlar g\u00fc\u00e7l\u00fc olmaya, bir\u00e7ok g\u00f6revi ayn\u0131 anda yerine getirmeye ve yorgunluktan \u015fik\u00e2yet etmeden ya\u015famaya al\u0131\u015fk\u0131n\u0131z. Peki ya s\u00fcrekli yorgunluk, haf\u0131za ve konsantrasyon sorunlar\u0131, s\u0131k s\u0131k so\u011fuk alg\u0131nl\u0131\u011f\u0131, eklem a\u011fr\u0131lar\u0131 ya da sindirim problemleri sadece \u201ckad\u0131nlara \u00f6zg\u00fc \u015feyler\u201d de\u011fil de v\u00fccuttaki bir dengesizli\u011fin i\u015faretiyse?<\/span><span style=\"font-weight: 400;\"><br \/>\n<\/span><span style=\"font-weight: 400;\"> Bat\u0131 t\u0131bb\u0131 genellikle semptomlarla sava\u015fmaya odaklan\u0131rken, \u00c7in t\u0131bb\u0131 bamba\u015fka bir yakla\u015f\u0131m sunar: V\u00fccuttaki uyumu ve dengeyi yeniden kurmaya \u00e7al\u0131\u015f\u0131r ve hastal\u0131\u011f\u0131 bir d\u00fc\u015fman de\u011fil, ilgi isteyen bir sinyal olarak g\u00f6r\u00fcr.<\/span><\/p>\n<p>&nbsp;<\/p>\n<p><b>Kad\u0131n sa\u011fl\u0131\u011f\u0131na ili\u015fkin sorunlar\u0131 hangi belirtiler i\u015faret edebilir?<\/b><\/p>\n<ul>\n<li style=\"font-weight: 400;\" aria-level=\"1\"><b>S\u00fcrekli yorgunluk: <\/b><span style=\"font-weight: 400;\">Kronik yorgunluk sendromu, iyi dinlenmeye ra\u011fmen enerji eksikli\u011fi<\/span><\/li>\n<li style=\"font-weight: 400;\" aria-level=\"1\"><b>Haf\u0131za ve konsantrasyon problemleri: <\/b><span style=\"font-weight: 400;\">Bilgileri hat\u0131rlamada zorluk, dalg\u0131nl\u0131k<\/span><\/li>\n<li style=\"font-weight: 400;\" aria-level=\"1\"><b>Kronik farenjit: <\/b><span style=\"font-weight: 400;\">Zay\u0131f ses, kuru bo\u011faz, boyunda b\u00fcy\u00fcm\u00fc\u015f lenf bezleri<\/span><\/li>\n<li style=\"font-weight: 400;\" aria-level=\"1\"><b>Kas ve eklem a\u011fr\u0131lar\u0131: <\/b><span style=\"font-weight: 400;\">S\u00fcrekli a\u011fr\u0131lar, hareketlerde sertlik<\/span><\/li>\n<li style=\"font-weight: 400;\" aria-level=\"1\"><b>Ba\u015f a\u011fr\u0131lar\u0131: <\/b><span style=\"font-weight: 400;\">S\u0131k g\u00f6r\u00fclen ba\u015f a\u011fr\u0131lar\u0131, migren<\/span><\/li>\n<li style=\"font-weight: 400;\" aria-level=\"1\"><b>Dinlendirici olmayan uyku: <\/b><span style=\"font-weight: 400;\">Uykuya dalmada zorluk, s\u0131k uyanma, uyan\u0131nca h\u00e2l\u00e2 yorgun olma<\/span><\/li>\n<li style=\"font-weight: 400;\" aria-level=\"1\"><b>Fiziksel aktivite s\u0131ras\u0131nda rahats\u0131zl\u0131k: <\/b><span style=\"font-weight: 400;\">H\u0131zl\u0131 yorulma, nefes darl\u0131\u011f\u0131<\/span><\/li>\n<li style=\"font-weight: 400;\" aria-level=\"1\"><b>Kulak \u00e7\u0131nlamas\u0131: <\/b><span style=\"font-weight: 400;\">S\u00fcrekli veya aral\u0131kl\u0131 u\u011fultu<\/span><\/li>\n<li style=\"font-weight: 400;\" aria-level=\"1\"><b>Kronik burun t\u0131kan\u0131kl\u0131\u011f\u0131: <\/b><span style=\"font-weight: 400;\">Kronik rinit, t\u0131kal\u0131 burun<\/span><\/li>\n<li style=\"font-weight: 400;\" aria-level=\"1\"><b>Tansiyon sorunlar\u0131: <\/b><span style=\"font-weight: 400;\">Y\u00fcksek ya da d\u00fc\u015f\u00fck tansiyon<\/span><\/li>\n<li style=\"font-weight: 400;\" aria-level=\"1\"><b>Regl a\u011fr\u0131lar\u0131: <\/b><span style=\"font-weight: 400;\">Yo\u011fun sanc\u0131lar, kramplar, d\u00fczensiz adet d\u00f6ng\u00fcs\u00fc<\/span><\/li>\n<li style=\"font-weight: 400;\" aria-level=\"1\"><b>Jinekolojik sorunlar: <\/b><span style=\"font-weight: 400;\">\u0130ltihapl\u0131 s\u00fcre\u00e7ler, hormonal dengesizlikler<\/span><\/li>\n<li style=\"font-weight: 400;\" aria-level=\"1\"><b>S\u0131k s\u0131k so\u011fuk alg\u0131nl\u0131\u011f\u0131: <\/b><span style=\"font-weight: 400;\">Zay\u0131f ba\u011f\u0131\u015f\u0131kl\u0131k sistemi, tekrarlayan enfeksiyonlar<\/span><\/li>\n<li style=\"font-weight: 400;\" aria-level=\"1\"><b>D\u00fc\u015f\u00fck ba\u011f\u0131\u015f\u0131kl\u0131k: <\/b><span style=\"font-weight: 400;\">Enfeksiyonlara kar\u015f\u0131 daha y\u00fcksek hassasiyet<\/span><\/li>\n<li style=\"font-weight: 400;\" aria-level=\"1\"><b>Kar\u0131nda \u015fi\u015fkinlik: <\/b><span style=\"font-weight: 400;\">Gaz, mide-ba\u011f\u0131rsak rahats\u0131zl\u0131klar\u0131<\/span><b><br \/>\n<\/b><b>Sindirim sorunlar\u0131: <\/b><span style=\"font-weight: 400;\">Kab\u0131zl\u0131k, ishal, mide yanmas\u0131<\/span><\/li>\n<li style=\"font-weight: 400;\" aria-level=\"1\"><b>Mide problemleri: <\/b><span style=\"font-weight: 400;\">Gastrit, \u00fclser<\/span>&nbsp;<\/li>\n<\/ul>\n<p><span style=\"font-weight: 400;\">Unutmay\u0131n: Her semptom, v\u00fccutta bir \u015feylerin uyumsuz oldu\u011funu g\u00f6steren bir i\u015farettir ve dikkate al\u0131nmal\u0131d\u0131r.<\/span><\/p>\n<p><span style=\"font-weight: 400;\"><br \/>\n<\/span><span style=\"font-weight: 400;\"> \u00c7in t\u0131bb\u0131 \u201chastal\u0131\u011f\u0131 tedavi etmek\u201d yerine, sa\u011fl\u0131\u011fa, \u00f6nlemeye ve iyilik halinin korunmas\u0131na odaklan\u0131r. V\u00fccutta uyumu yeniden kurarak kendinizi gen\u00e7, g\u00fczel ve enerjik hissetmenizi sa\u011flar.<\/span><\/p>\n<p><span style=\"font-weight: 400;\"><br \/>\n<\/span><span style=\"font-weight: 400;\"> Bu y\u00fczden kad\u0131n sa\u011fl\u0131\u011f\u0131 i\u00e7in \u00f6zel olarak tasarlanm\u0131\u015f WHIEDA \u00fcr\u00fcnlerini ke\u015ffetmenizi \u00f6neriyoruz. Bu \u00fcr\u00fcnler ba\u011f\u0131\u015f\u0131kl\u0131k sistemini g\u00fc\u00e7lendirir, sindirim fonksiyonlar\u0131n\u0131 iyile\u015ftirir, kad\u0131n \u00fcreme sistemini destekler ve v\u00fccut dengesini yeniden kurar.<\/span><\/p>\n<p><span style=\"font-weight: 400;\">\u00a0Yar\u0131n hayat\u0131n tad\u0131n\u0131 doyas\u0131ya \u00e7\u0131karmak i\u00e7in bug\u00fcn kendinize \u00f6zen g\u00f6sterin.<\/span><\/p>\n<p>&nbsp;<\/p>\n<h3><b>Anion+ Hijyenik Pedlerle Koruma<\/b><\/h3>\n<p>&nbsp;<\/p>\n<p><span style=\"font-weight: 400;\">Anion+ hijyenik pedler yaln\u0131zca konfor sa\u011flamakla kalmaz, ayn\u0131 zamanda \u00e7e\u015fitli jinekolojik hastal\u0131klar\u0131n geli\u015fimini de \u00f6nler.<\/span><\/p>\n<p><span style=\"font-weight: 400;\"><br \/>\n<\/span><span style=\"font-weight: 400;\"> \u00d6zel manyetik-anion i\u015flemcisi i\u00e7erir, \u00fc\u00e7 patente sahip bir teknolojiyle \u00fcretilmi\u015ftir ve bambu lifinden yap\u0131lm\u0131\u015ft\u0131r.<\/span><\/p>\n<p><span style=\"font-weight: 400;\"><br \/>\n<\/span><span style=\"font-weight: 400;\"> Adet ak\u0131\u015f\u0131 \u00e7ok say\u0131da anaerobik bakteri i\u00e7erir. Anionlar serbest oksijen \u00fcreterek bu bakterilerin ya\u015fam ve \u00e7o\u011falma ko\u015fullar\u0131n\u0131 ortadan kald\u0131r\u0131r.<\/span><\/p>\n<p><span style=\"font-weight: 400;\"><br \/>\n<\/span><span style=\"font-weight: 400;\"> Manyetik-anion i\u015flemcisi, biyo-manyetik dengeyi yeniden kurar, kan dola\u015f\u0131m\u0131n\u0131 iyile\u015ftirir, iltihab\u0131 ve a\u011fr\u0131y\u0131 azalt\u0131r, ba\u011f\u0131\u015f\u0131kl\u0131k sistemini g\u00fc\u00e7lendirir ve regl d\u00f6neminde ruh halini iyile\u015ftirir.<\/span><\/p>\n<p><span style=\"font-weight: 400;\"><br \/>\n<\/span><span style=\"font-weight: 400;\"> Bambu lifi anti-inflamatuar \u00f6zelliklere sahiptir, fazla nemi giderir ve k\u00f6t\u00fc kokular\u0131 n\u00f6tralize eder. Ayr\u0131ca, pedlerin \u00e7evre dostu malzemesi 1-2 y\u0131l i\u00e7inde tamamen do\u011fada \u00e7\u00f6z\u00fcn\u00fcr.<\/span><\/p>\n<h3><\/h3>\n<h3><b>FOHERB Antibakteriyel Jel<\/b><\/h3>\n<p>&nbsp;<\/p>\n<p><span style=\"font-weight: 400;\">Antibakteriyel jel, do\u011fal bitki \u00f6zleri ve biyoaktif bile\u015fenlerle \u00fcretilmi\u015ftir. Sadece dezenfekte edici etki sa\u011flamakla kalmaz, ayn\u0131 zamanda \u00f6nleyici bak\u0131m ve koruma da sunar.<\/span><\/p>\n<p><span style=\"font-weight: 400;\"><br \/>\n<\/span><span style=\"font-weight: 400;\"> \u015eu durumlar\u0131n \u00f6nlenmesi ve tedavisinde etkilidir:<\/span><\/p>\n<ol>\n<li style=\"font-weight: 400;\" aria-level=\"1\"><span style=\"font-weight: 400;\">Bakteriyel vajinoz, vajinal kandidiyaz, trichomonas vajiniti, rahim a\u011fz\u0131 erozyonu ve benzeri durumlar<\/span><\/li>\n<li style=\"font-weight: 400;\" aria-level=\"1\"><span style=\"font-weight: 400;\">Vajinal ve genital ka\u015f\u0131nt\u0131<\/span><\/li>\n<li style=\"font-weight: 400;\" aria-level=\"1\"><span style=\"font-weight: 400;\">Do\u011fal nem ve dengeyi geri kazand\u0131ran nemlendirme ve besleme<\/span><\/li>\n<li style=\"font-weight: 400;\" aria-level=\"1\"><span style=\"font-weight: 400;\">G\u00fcvenli do\u011fum kontrol\u00fc<\/span><\/li>\n<\/ol>\n<p>&nbsp;<\/p>\n<h3><b>Lifting Etkili Gen\u00e7le\u015ftirici Sprey<\/b><\/h3>\n<p>&nbsp;<\/p>\n<p><span style=\"font-weight: 400;\">YOUTHFULNESS FREEZE SPRAY spreyi, kolajen ve elastin \u00fcretimini h\u0131zland\u0131r\u0131r, k\u0131r\u0131\u015f\u0131kl\u0131klar\u0131 ortadan kald\u0131r\u0131r ve cilt elastikiyetini geri kazand\u0131r\u0131r. Di\u011fer \u00fcr\u00fcnlerin aksine, cilde zarar vermez ve kullan\u0131m sonunda olumsuz etki yaratmaz.<\/span><\/p>\n<p><span style=\"font-weight: 400;\">Questo spray \u00e8 la soluzione perfetta per le donne che vogliono mantenere la giovinezza e bellezza, con risultati visibili in poche settimane.<\/span><\/p>\n<p>&nbsp;<\/p>\n<h3><b>H\u00fccre Aktivat\u00f6r\u00fc<\/b><\/h3>\n<p>&nbsp;<\/p>\n<p><span style=\"font-weight: 400;\">H\u00fccre aktivat\u00f6r\u00fc, uykuda olan h\u00fccreleri yeniden aktive eder, hasarl\u0131 h\u00fccreleri yeniler, serbest radikalleri yok eder, kendini onarma mekanizmalar\u0131n\u0131 uyar\u0131r, genel canl\u0131l\u0131\u011f\u0131 art\u0131r\u0131r, hastal\u0131klar\u0131 \u00f6nler, meridyenleri ve lenf sistemini h\u0131zl\u0131ca ar\u0131nd\u0131r\u0131r. Cilt d\u00f6k\u00fcnt\u00fcleri, papillomlar, sedef hastal\u0131\u011f\u0131 gibi durumlara kar\u015f\u0131 etkilidir ve k\u0131r\u0131\u015f\u0131kl\u0131klar\u0131n olu\u015fumunu \u00f6nler. Ayr\u0131ca gen\u00e7li\u011fi uzat\u0131r, yeni sa\u00e7 b\u00fcy\u00fcmesini aktive eder, sa\u00e7 pigmentini geri kazand\u0131r\u0131r ve \u00f6demlerin azalmas\u0131na yard\u0131mc\u0131 olur. Yar\u0131m saatlik bir H\u00fccre Aktivat\u00f6r\u00fc seans\u0131, 10 akupunktur, 20 kupa terapisi veya 30 elle yap\u0131lan masaj seans\u0131na e\u015fde\u011ferdir.<\/span><\/p>\n<h4><\/h4>\n<h3><b>MAGIC FOHERB Biyoenerjik Masaj Cihaz\u0131<\/b><\/h3>\n<p>&nbsp;<\/p>\n<p><span style=\"font-weight: 400;\">Bu cihaz sayesinde, klini\u011fe gitmeye gerek kalmadan evde rahatl\u0131kla \u00f6nleyici ve tedavi edici seanslar yap\u0131labilir.Akupunktur, tedavi ama\u00e7l\u0131 masaj, kupa masaj\u0131, gua sha masaj\u0131 (kemik ara\u00e7larla yap\u0131lan, geleneksel \u00c7in t\u0131bb\u0131nda biyolojik aktif noktalar\u0131 uyaran kaz\u0131ma y\u00f6ntemi) ve di\u011fer uygulamalar yap\u0131labilir.Ayr\u0131ca, cihaz kozmetoloji alan\u0131nda, kilo vermede ve sel\u00fclitle m\u00fccadelede de kullan\u0131labilir.<\/span><\/p>\n<h3><\/h3>\n<h3><b>Ba-Gua Saunas\u0131<\/b><\/h3>\n<p>&nbsp;<\/p>\n<p><span style=\"font-weight: 400;\">Sauna sadece rahatlatmakla kalmaz, ayn\u0131 zamanda sa\u011fl\u0131\u011f\u0131 g\u00fc\u00e7lendirir, metabolizmay\u0131 iyile\u015ftirir, kilo vermeye yard\u0131mc\u0131 olur ve a\u011fr\u0131y\u0131 hafifletir. Ancak herkes d\u00fczenli olarak saunaya gidemeyebilir. Bu nedenle evde rahat\u00e7a kullan\u0131labilecek e\u015fsiz \u201cBa-Gua\u201d saunas\u0131n\u0131 sunuyoruz.<\/span><\/p>\n<p><span style=\"font-weight: 400;\">Bu \u00f6zel mini sauna, turmalin ve siyah ye\u015fim ta\u015f\u0131 gibi ta\u015flar\u0131n fiziksel \u00f6zelliklerini \u00f6zel teknolojilerle birle\u015ftirir. \u015eifal\u0131 ta\u015flar ve \u00f6zel kuma\u015f yap\u0131s\u0131 sayesinde t\u00fcm v\u00fccut \u00fczerinde terap\u00f6tik etkileri olan benzersiz bir mikroklima olu\u015fturur: mikro sirk\u00fclasyonu ve metabolizmay\u0131 iyile\u015ftirir, toksinleri atar, cildi g\u00fczelle\u015ftirir, iltihaplar\u0131 ve a\u011fr\u0131lar\u0131 hafifletir, yorgunlu\u011fu giderir ve rahatlama sa\u011flar.<\/span><\/p>\n<h3><\/h3>\n<h3><b>D\u00fczenleyici Tabanl\u0131klar<\/b><\/h3>\n<p>&nbsp;<\/p>\n<p><span style=\"font-weight: 400;\">Ayaklar \u201cikinci kalp\u201d olarak bilinir. T\u00fcm v\u00fccutta kan dola\u015f\u0131m\u0131 s\u00fcreci ayaklarla yak\u0131ndan ili\u015fkilidir. Ayaklar sa\u011fl\u0131kl\u0131 de\u011filse, bu b\u00f6lgelerdeki damarlar d\u00fczg\u00fcn \u00e7al\u0131\u015fmaz, bu da alt ekstremitelerde kan\u0131n birikmesine ve dolay\u0131s\u0131yla sa\u011fl\u0131k sorunlar\u0131na yol a\u00e7ar.<\/span><\/p>\n<p><span style=\"font-weight: 400;\"><br \/>\n<\/span><span style=\"font-weight: 400;\">D\u00fczenleyici tabanl\u0131klar iskeletin ve t\u00fcm v\u00fccudun sa\u011fl\u0131\u011f\u0131na katk\u0131da bulunur. Yer\u00e7ekimi, metabolik de\u011fi\u015fiklikler, fiziksel y\u00fck ve di\u011fer fakt\u00f6rler nedeniyle omurga e\u011filebilir ve bu t\u00fcm iskeleti etkiler. Sa\u011fl\u0131k sorunlar\u0131n\u0131n %80\u2019i bu sapmalarla ilgilidir.<\/span><span style=\"font-weight: 400;\"><br \/>\n<\/span><span style=\"font-weight: 400;\"><br \/>\n<\/span><span style=\"font-weight: 400;\"> Tabanl\u0131klar duru\u015fu d\u00fczeltir, ayaklara uygulanan bas\u0131nc\u0131 e\u015fit olarak da\u011f\u0131t\u0131r, refleks b\u00f6lgeleri uyar\u0131r, d\u00fcz tabanl\u0131\u011f\u0131 d\u00fczeltir ve ayaklar\u0131n ideal \u015feklini g\u00fc\u00e7lendirir.<\/span><\/p>\n<p>&nbsp;<\/p>\n<h3><b>Y\u00fcksek Teknoloji G\u00f6zl\u00fckler<\/b><\/h3>\n<p>&nbsp;<\/p>\n<p><span style=\"font-weight: 400;\">D\u00fcnya h\u0131zla geli\u015fiyor ve her g\u00fcn yeni \u00fcr\u00fcnler piyasaya \u00e7\u0131k\u0131yor. Ancak bizce bir \u00fcr\u00fcn yaln\u0131zca modaya uygun olmamal\u0131, ayn\u0131 zamanda sa\u011fl\u0131k a\u00e7\u0131s\u0131ndan fayda da sa\u011flamal\u0131d\u0131r. Bilgisayar i\u00e7in geli\u015ftirilmi\u015f bu teknolojik g\u00f6zl\u00fckler ekranlardan gelen radyasyona kar\u015f\u0131 koruma sa\u011flar.<\/span><\/p>\n<p><span style=\"font-weight: 400;\">G\u00f6z yorgunlu\u011funu azalt\u0131r, ekran \u00f6n\u00fcndeki deneyimi iyile\u015ftirir ve g\u00f6rmeyi optimize eden geli\u015fmi\u015f teknolojiyle tasarlanm\u0131\u015ft\u0131r.<\/span><\/p>\n<h3><\/h3>\n<h3><b>Enerji Veren \u015eal<\/b><\/h3>\n<p>&nbsp;<\/p>\n<p><span style=\"font-weight: 400;\">Bu \u015falda bulunan organik germanyum, k\u0131z\u0131l\u00f6tesi \u0131\u015f\u0131nlar yayar ve anion sal\u0131n\u0131m\u0131 yapar.<\/span><\/p>\n<ul>\n<li style=\"font-weight: 400;\" aria-level=\"1\"><span style=\"font-weight: 400;\">Kan dola\u015f\u0131m\u0131n\u0131 ve mikro dola\u015f\u0131m\u0131 iyile\u015ftirir.<\/span><\/li>\n<li style=\"font-weight: 400;\" aria-level=\"1\"><span style=\"font-weight: 400;\">Boyun ve omuzlarda rahats\u0131zl\u0131\u011f\u0131 azalt\u0131r, yorgunlu\u011fu giderir.<\/span><\/li>\n<li style=\"font-weight: 400;\" aria-level=\"1\"><span style=\"font-weight: 400;\">Cilt ya\u015flanmas\u0131n\u0131 yava\u015flat\u0131r ve sa\u011fl\u0131k g\u00f6stergelerini iyile\u015ftirir.<\/span><\/li>\n<li style=\"font-weight: 400;\" aria-level=\"1\"><span style=\"font-weight: 400;\">Yumu\u015fak, hafif ve nefes alabilir malzemeleri birle\u015ftiren \u00f6zel dokuma tekni\u011fiyle rahatl\u0131k ve cilt bak\u0131m\u0131 sunar.<\/span><\/li>\n<\/ul>\n<h3><\/h3>\n<h3><b>V\u00fccudu Tamamen Yenileyen Set<\/b><\/h3>\n<p>&nbsp;<\/p>\n<p><span style=\"font-weight: 400;\">\u00c7in t\u0131bb\u0131nda hastal\u0131k, sava\u015f\u0131lmas\u0131 gereken bir d\u00fc\u015fman de\u011fil, v\u00fccutta dengenin bozuldu\u011funun bir i\u015faretidir. Temel ilke, semptomu tedavi etmek de\u011fil; Yin ve Yang dengesini geri kazand\u0131rmak, v\u00fccudu ar\u0131nd\u0131rmak ve ya\u015fam enerjisiyle beslemektir.<\/span><\/p>\n<h4><\/h4>\n<p><b>S\u00fcre\u00e7:<\/b><\/p>\n<ol>\n<li style=\"font-weight: 400;\" aria-level=\"1\"><b>Dengeleme:<\/b><span style=\"font-weight: 400;\"> V\u00fccuttaki uyumu geri kazand\u0131r\u0131r.<\/span><\/li>\n<li style=\"font-weight: 400;\" aria-level=\"1\"><b>Ar\u0131nd\u0131rma:<\/b><span style=\"font-weight: 400;\"> Toksinleri ve at\u0131klar\u0131 ortadan kald\u0131r\u0131r.<\/span><\/li>\n<li style=\"font-weight: 400;\" aria-level=\"1\"><b>\u0130yile\u015ftirme:<\/b><span style=\"font-weight: 400;\"> V\u00fccudu besler ve ba\u011f\u0131\u015f\u0131kl\u0131k savunmalar\u0131n\u0131 g\u00fc\u00e7lendirir.<\/span><\/li>\n<\/ol>\n<p><span style=\"font-weight: 400;\">\u00c7in t\u0131bb\u0131 uzmanlar\u0131m\u0131z, WHIEDA \u015firketinin \u00fcr\u00fcnleriyle sa\u011fl\u0131\u011f\u0131 ve canl\u0131l\u0131\u011f\u0131 geri kazand\u0131rmak i\u00e7in eksiksiz bir iyile\u015fme program\u0131 geli\u015ftirdi.<\/span><\/p>\n","protected":false},"featured_media":274,"template":"","categories":[6,7],"class_list":["post-1205","product","type-product","status-publish","has-post-thumbnail","hentry","categories-vse-tovary","categories-nabory"],"acf":[],"_links":{"self":[{"href":"https:\/\/mywhieda.com\/tr\/wp-json\/wp\/v2\/product\/1205","targetHints":{"allow":["GET"]}}],"collection":[{"href":"https:\/\/mywhieda.com\/tr\/wp-json\/wp\/v2\/product"}],"about":[{"href":"https:\/\/mywhieda.com\/tr\/wp-json\/wp\/v2\/types\/product"}],"wp:featuredmedia":[{"embeddable":true,"href":"https:\/\/mywhieda.com\/tr\/wp-json\/wp\/v2\/media\/274"}],"wp:attachment":[{"href":"https:\/\/mywhieda.com\/tr\/wp-json\/wp\/v2\/media?parent=1205"}],"wp:term":[{"taxonomy":"categories","embeddable":true,"href":"https:\/\/mywhieda.com\/tr\/wp-json\/wp\/v2\/categories?post=1205"}],"curies":[{"name":"wp","href":"https:\/\/api.w.org\/{rel}","templated":true}]}}