{"id":1209,"date":"2025-05-25T19:37:09","date_gmt":"2025-05-25T16:37:09","guid":{"rendered":"https:\/\/mywhieda.com\/?post_type=product&#038;p=1209"},"modified":"2025-05-25T19:39:35","modified_gmt":"2025-05-25T16:39:35","slug":"dlya-muzhchin-zanyatyh-tyazhelym-fizicheskim-trudom-2-2-2-2-2","status":"publish","type":"product","link":"https:\/\/mywhieda.com\/tr\/product\/dlya-muzhchin-zanyatyh-tyazhelym-fizicheskim-trudom-2-2-2-2-2\/","title":{"rendered":"A\u011f\u0131r Fiziksel \u00c7al\u0131\u015fan Erkekler \u0130\u00e7in"},"content":{"rendered":"<p><span style=\"font-weight: 400;\">G\u00fc\u00e7 ve sa\u011fl\u0131k, uzun vadeli enerji ve esenlik i\u00e7in temeldir.<\/span><\/p>\n<p><span style=\"font-weight: 400;\">A\u011f\u0131r fiziksel i\u015flerde \u00e7al\u0131\u015fan erkekler \u2014 ta\u015f\u0131y\u0131c\u0131lar, \u015fof\u00f6rler, in\u015faat i\u015f\u00e7ileri ve benzerleri \u2014 toplumun bel kemi\u011fidir. Ancak, y\u0131llar boyunca canl\u0131l\u0131k ve g\u00fc\u00e7lerini koruyabilmeleri i\u00e7in sa\u011fl\u0131klar\u0131na \u00f6zen g\u00f6stermeleri hayati \u00f6nem ta\u015f\u0131r.<\/span><\/p>\n<p>&nbsp;<\/p>\n<p><b>A\u011f\u0131r fiziksel i\u015flerin yol a\u00e7abilece\u011fi sa\u011fl\u0131k sorunlar\u0131 nelerdir?<\/b><\/p>\n<ul>\n<li style=\"font-weight: 400;\" aria-level=\"1\"><b>Omurga sorunlar\u0131: <\/b><span style=\"font-weight: 400;\">S\u00fcrekli zorlanma ve yanl\u0131\u015f duru\u015ftan kaynaklanan s\u0131rt a\u011fr\u0131s\u0131, disk f\u0131t\u0131\u011f\u0131, osteokondroz.<\/span><\/li>\n<li style=\"font-weight: 400;\" aria-level=\"1\"><b>Eklem rahats\u0131zl\u0131klar\u0131: <\/b><span style=\"font-weight: 400;\">Diz ve omuz a\u011fr\u0131lar\u0131, osteoartrit, artrit.<\/span><\/li>\n<li style=\"font-weight: 400;\" aria-level=\"1\"><b>Kalp-damar hastal\u0131klar\u0131: <\/b><span style=\"font-weight: 400;\">D\u00fczensiz beslenme ve stresin neden oldu\u011fu y\u00fcksek tansiyon ve kalp iskemisi.<\/span><\/li>\n<li style=\"font-weight: 400;\" aria-level=\"1\"><b>Sindirim problemleri: <\/b><span style=\"font-weight: 400;\">Dengesiz beslenmeye ba\u011fl\u0131 gastrit, \u00fclser, kab\u0131zl\u0131k.<\/span><\/li>\n<li style=\"font-weight: 400;\" aria-level=\"1\"><b>Yorgunluk ve enerji kayb\u0131: <\/b><span style=\"font-weight: 400;\">Yetersiz dinlenme ve beslenme.<\/span><\/li>\n<li style=\"font-weight: 400;\" aria-level=\"1\"><b>Cilt sorunlar\u0131: <\/b><span style=\"font-weight: 400;\">D\u0131\u015f ko\u015fullardan kaynaklanan d\u00f6k\u00fcnt\u00fcler, dermatit, g\u00fcne\u015f yan\u0131klar\u0131.<\/span><\/li>\n<\/ul>\n<p><span style=\"font-weight: 400;\">Bat\u0131 t\u0131bb\u0131 \u00e7o\u011fu zaman yaln\u0131zca semptomlar\u0131 tedavi ederken, \u00c7in t\u0131bb\u0131 hastal\u0131\u011f\u0131 bir d\u00fc\u015fman de\u011fil, bedendeki dengesizli\u011fin bir i\u015fareti olarak g\u00f6r\u00fcr.<\/span><\/p>\n<p><span style=\"font-weight: 400;\">Bu nedenle siz de\u011ferli emek\u00e7iler i\u00e7in, sa\u011fl\u0131\u011f\u0131n\u0131z\u0131 g\u00fc\u00e7lendirmek ve v\u00fccudunuzdaki uyumu yeniden sa\u011flamak \u00fczere WHIEDA \u00fcr\u00fcnlerinden olu\u015fan \u00f6zel bir set haz\u0131rlad\u0131k.<\/span><\/p>\n<p><span style=\"font-weight: 400;\">Bug\u00fcn kendinize iyi bak\u0131n, yar\u0131n da g\u00fcc\u00fcn\u00fczle ilerleyin!<\/span><\/p>\n<p>&nbsp;<\/p>\n<h3><b>H\u00fccre Aktivat\u00f6r\u00fc<\/b><\/h3>\n<p>&nbsp;<\/p>\n<p><span style=\"font-weight: 400;\">H\u00fccre aktivat\u00f6r\u00fc, uyuyan h\u00fccreleri yeniden aktive eder, hasar g\u00f6rm\u00fc\u015f olanlar\u0131 onar\u0131r, serbest radikalleri yok eder, kendini onarma mekanizmalar\u0131n\u0131 uyar\u0131r, genel v\u00fccut tonusunu art\u0131r\u0131r, hastal\u0131klar\u0131 \u00f6nler, meridyenleri ve lenf sistemini h\u0131zla temizler. Cilt d\u00f6k\u00fcnt\u00fcleri, papillomlar, sedef hastal\u0131\u011f\u0131na kar\u015f\u0131 etkilidir ve k\u0131r\u0131\u015f\u0131kl\u0131klar\u0131n olu\u015fumunu \u00f6nler. Ayr\u0131ca ya\u015flanmay\u0131 geciktirir, yeni sa\u00e7lar\u0131n \u00e7\u0131kmas\u0131n\u0131 te\u015fvik eder, sa\u00e7 pigmentini geri kazand\u0131r\u0131r ve \u00f6demleri azaltmaya yard\u0131mc\u0131 olur. Yar\u0131m saatlik bir seans; 10 akupunktur, 20 vakum ya da 30 manuel masaj seans\u0131na e\u015fde\u011ferdir.<\/span><\/p>\n<p>&nbsp;<\/p>\n<h3><b>MAGIC FOHERB Biyoenerjik Masaj Cihaz\u0131<\/b><\/h3>\n<p>&nbsp;<\/p>\n<p><span style=\"font-weight: 400;\">Bu cihaz sayesinde bir klini\u011fe gitmeye gerek kalmadan evde \u00f6nleyici ve tedavi edici uygulamalar kolayca yap\u0131labilir: akupunktur, terapi masaj\u0131, vakumlu masaj, gua sha (kemik kaz\u0131y\u0131c\u0131yla uygulanan geleneksel \u00c7in t\u0131bb\u0131 masaj\u0131) ve di\u011fer i\u015flemler.<\/span><\/p>\n<p><span style=\"font-weight: 400;\"><br \/>\n<\/span><span style=\"font-weight: 400;\">\u00d6zellikle \u015fu durumlar i\u00e7in \u00f6nerilir:<\/span><\/p>\n<ul>\n<li style=\"font-weight: 400;\" aria-level=\"1\"><span style=\"font-weight: 400;\">Kas-iskelet sistemi rahats\u0131zl\u0131klar\u0131 (boyun b\u00f6lgesi, omuz eklemleri vb.);<\/span><\/li>\n<li style=\"font-weight: 400;\" aria-level=\"1\"><span style=\"font-weight: 400;\">Disk kaymas\u0131;<\/span><\/li>\n<li style=\"font-weight: 400;\" aria-level=\"1\"><span style=\"font-weight: 400;\">Romatoid artrit;<\/span><\/li>\n<li style=\"font-weight: 400;\" aria-level=\"1\"><span style=\"font-weight: 400;\">Nekroz;<\/span><\/li>\n<li style=\"font-weight: 400;\" aria-level=\"1\"><span style=\"font-weight: 400;\">A\u015f\u0131r\u0131 kilo ve sel\u00fclit ile m\u00fccadele;<\/span><\/li>\n<li style=\"font-weight: 400;\" aria-level=\"1\"><span style=\"font-weight: 400;\">Lenf drenaj\u0131 ve s\u0131k\u0131la\u015ft\u0131r\u0131c\u0131 prosed\u00fcrler;<\/span><\/li>\n<li style=\"font-weight: 400;\" aria-level=\"1\"><span style=\"font-weight: 400;\">Yaralanma sonras\u0131 ve fiziksel zorlama sonras\u0131 iyile\u015fme.<\/span><\/li>\n<\/ul>\n<h3><\/h3>\n<h3><b>&#171;Ba-Gua&#187; Saunas\u0131<\/b><\/h3>\n<p>&nbsp;<\/p>\n<p><span style=\"font-weight: 400;\">Sauna sadece rahatlatmakla kalmaz, ayn\u0131 zamanda sa\u011fl\u0131\u011f\u0131 g\u00fc\u00e7lendirir, metabolizmay\u0131 iyile\u015ftirir, kilo vermeye yard\u0131mc\u0131 olur ve a\u011fr\u0131lar\u0131 hafifletir. Ancak herkesin d\u00fczenli olarak saunaya gitme imk\u00e2n\u0131 yoktur. Bu nedenle evde kullan\u0131lmak \u00fczere tasarlanm\u0131\u015f \u00f6zel \u201cBa-Gua\u201d mini saunay\u0131 sunuyoruz.<\/span><\/p>\n<p><span style=\"font-weight: 400;\"><br \/>\n<\/span><span style=\"font-weight: 400;\"> Bu mini sauna, \u00f6zel teknolojiler ve turmalin ile siyah ye\u015fim gibi ta\u015flar\u0131n fiziksel \u00f6zelliklerini kullan\u0131r. Bu \u015fifal\u0131 ta\u015flar ve \u00f6zel kuma\u015f yap\u0131s\u0131 sayesinde v\u00fccuda terap\u00f6tik etkisi olan \u00f6zel bir mikroklima yarat\u0131r: kan mikrodola\u015f\u0131m\u0131n\u0131 ve metabolik s\u00fcre\u00e7leri iyile\u015ftirir, toksinleri ve at\u0131klar\u0131 v\u00fccuttan atar, cilt sa\u011fl\u0131\u011f\u0131n\u0131 destekler, iltihaplar\u0131 ve a\u011fr\u0131lar\u0131 azalt\u0131r, yorgunlu\u011fu giderir ve gev\u015femeyi te\u015fvik eder.<\/span><\/p>\n<p>&nbsp;<\/p>\n<h3><b>D\u00fczeltici Tabanl\u0131klar<\/b><\/h3>\n<p>&nbsp;<\/p>\n<p><span style=\"font-weight: 400;\">Ayaklar \u201cikinci kalptir\u201d. V\u00fccutta kan dola\u015f\u0131m\u0131 s\u00fcreci do\u011frudan ayaklarla ili\u015fkilidir; ayakta durma ve y\u00fcr\u00fcme s\u0131ras\u0131nda dola\u015f\u0131m\u0131n g\u00fcc\u00fc ve h\u0131z\u0131 etkilenir. Ayaklar sa\u011fl\u0131kl\u0131 de\u011filse, i\u00e7lerindeki damarlar d\u00fczg\u00fcn \u00e7al\u0131\u015famaz ve bu da alt uzuvlarda kan birikmesine ve sa\u011fl\u0131k sorunlar\u0131na neden olabilir.<\/span><\/p>\n<p><span style=\"font-weight: 400;\">D\u00fczeltici tabanl\u0131klar \u015funlar\u0131 destekler:<\/span><\/p>\n<ul>\n<li style=\"font-weight: 400;\" aria-level=\"1\"><span style=\"font-weight: 400;\">Daha iyi bir duru\u015f;<\/span><\/li>\n<li style=\"font-weight: 400;\" aria-level=\"1\"><span style=\"font-weight: 400;\">Aya\u011fa e\u015fit bask\u0131 da\u011f\u0131l\u0131m\u0131;<\/span><\/li>\n<li style=\"font-weight: 400;\" aria-level=\"1\"><span style=\"font-weight: 400;\">Ayaktaki refleks b\u00f6lgelerin masaj\u0131;<\/span><\/li>\n<li style=\"font-weight: 400;\" aria-level=\"1\"><span style=\"font-weight: 400;\">D\u00fcz tabanl\u0131k d\u00fczeltimi;<\/span><\/li>\n<li style=\"font-weight: 400;\" aria-level=\"1\"><span style=\"font-weight: 400;\">Aya\u011f\u0131n do\u011fru formunun g\u00fc\u00e7lendirilmesi.#<\/span><\/li>\n<\/ul>\n<p>&nbsp;<\/p>\n<h3><b>Y\u00fcksek Teknolojili G\u00f6zl\u00fckler<\/b><\/h3>\n<p>&nbsp;<\/p>\n<p><span style=\"font-weight: 400;\">Bilgisayar, televizyon ve di\u011fer ekranlardan yay\u0131lan radyasyona kar\u015f\u0131 koruma sa\u011flar. \u00d6nerilir: Bilgisayar ba\u015f\u0131nda uzun zaman ge\u00e7iren, okuma yapan, 40 ya\u015f \u00fcst\u00fc (ya\u015flanma s\u00fcreci ba\u015flad\u0131\u011f\u0131nda), g\u00f6z kurulu\u011fu, g\u00f6rsel yorgunluk, cam g\u00f6vde bulan\u0131kl\u0131\u011f\u0131, ambliyopi, presbiyopi, miyopi, g\u00f6zde parlamalar, katarakt, glokom veya mikrosirk\u00fclasyon sorunlar\u0131 ya\u015fayan ki\u015filer i\u00e7in. \u00c7er\u00e7evesi, g\u00f6z \u00e7evresindeki h\u00fccreleri aktive eden ve kan dola\u015f\u0131m\u0131n\u0131 uyaran, santimetrek\u00fcp ba\u015f\u0131na 1000-2200 anyon yayan PA6\/G grafen kompozit malzemeden yap\u0131lm\u0131\u015ft\u0131r.<\/span><\/p>\n<p>&nbsp;<\/p>\n<h3><b>Enerji \u015eal\u0131<\/b><\/h3>\n<p>&nbsp;<\/p>\n<p><span style=\"font-weight: 400;\">\u0130\u00e7eri\u011findeki organik germanyum, k\u0131z\u0131l\u00f6tesi radyasyon yayar ve anyon salar. Kan dola\u015f\u0131m\u0131n\u0131 ve mikrosirk\u00fclasyonu iyile\u015ftirir, boyun ve omuz b\u00f6lgesindeki rahats\u0131zl\u0131klar\u0131 ve yorgunlu\u011fu azalt\u0131r, cilt ya\u015flanmas\u0131n\u0131 yava\u015flat\u0131r ve genel sa\u011fl\u0131\u011f\u0131 iyile\u015ftirir.<\/span><\/p>\n<p>&nbsp;<\/p>\n<h3><b>V\u00fccudun Tam Yenilenmesi \u0130\u00e7in Set<\/b><\/h3>\n<p>&nbsp;<\/p>\n<p><span style=\"font-weight: 400;\">\u00c7in t\u0131bb\u0131 b\u00fct\u00fcnsel bir yakla\u015f\u0131m sunar<\/span><\/p>\n<ol>\n<li style=\"font-weight: 400;\" aria-level=\"1\"><b>Dengeleme<\/b><span style=\"font-weight: 400;\">: V\u00fccuttaki uyumun yeniden sa\u011flanmas\u0131.<\/span><\/li>\n<li style=\"font-weight: 400;\" aria-level=\"1\"><b>Temizlik<\/b><span style=\"font-weight: 400;\">: Toksinlerin ve at\u0131klar\u0131n uzakla\u015ft\u0131r\u0131lmas\u0131.<\/span><\/li>\n<li style=\"font-weight: 400;\" aria-level=\"1\"><b>Yenilenme<\/b><span style=\"font-weight: 400;\">: Enerji kazan\u0131m\u0131, beslenme ve ba\u011f\u0131\u015f\u0131kl\u0131\u011f\u0131n g\u00fc\u00e7lendirilmesi.<\/span><span style=\"font-weight: 400;\"><br \/>\n<\/span><span style=\"font-weight: 400;\"> WHIEDA uzmanlar\u0131, v\u00fccudun tam yenilenmesi i\u00e7in bu b\u00fct\u00fcnc\u00fcl yakla\u015f\u0131m\u0131 temel alarak \u00f6zel bir \u00fcr\u00fcn seti tasarlam\u0131\u015ft\u0131r.<\/span><\/li>\n<\/ol>\n<p><span style=\"font-weight: 400;\">WHIEDA \u00fcr\u00fcnleriyle v\u00fccudun tamamen yenilenmesi i\u00e7in uzmanlar\u0131m\u0131z kapsaml\u0131 bir set tasarlad\u0131.<\/span><\/p>\n","protected":false},"featured_media":293,"template":"","categories":[6,7],"class_list":["post-1209","product","type-product","status-publish","has-post-thumbnail","hentry","categories-vse-tovary","categories-nabory"],"acf":[],"_links":{"self":[{"href":"https:\/\/mywhieda.com\/tr\/wp-json\/wp\/v2\/product\/1209","targetHints":{"allow":["GET"]}}],"collection":[{"href":"https:\/\/mywhieda.com\/tr\/wp-json\/wp\/v2\/product"}],"about":[{"href":"https:\/\/mywhieda.com\/tr\/wp-json\/wp\/v2\/types\/product"}],"wp:featuredmedia":[{"embeddable":true,"href":"https:\/\/mywhieda.com\/tr\/wp-json\/wp\/v2\/media\/293"}],"wp:attachment":[{"href":"https:\/\/mywhieda.com\/tr\/wp-json\/wp\/v2\/media?parent=1209"}],"wp:term":[{"taxonomy":"categories","embeddable":true,"href":"https:\/\/mywhieda.com\/tr\/wp-json\/wp\/v2\/categories?post=1209"}],"curies":[{"name":"wp","href":"https:\/\/api.w.org\/{rel}","templated":true}]}}