{"id":1212,"date":"2025-05-25T19:40:55","date_gmt":"2025-05-25T16:40:55","guid":{"rendered":"https:\/\/mywhieda.com\/?post_type=product&#038;p=1212"},"modified":"2026-03-12T17:31:44","modified_gmt":"2026-03-12T14:31:44","slug":"ventun-2-2-2-2-2","status":"publish","type":"product","link":"https:\/\/mywhieda.com\/tr\/product\/ventun-2-2-2-2-2\/","title":{"rendered":"Wentong"},"content":{"rendered":"<h3><b>Wentong cihaz\u0131n\u0131n kullan\u0131m sonu\u00e7lar\u0131<\/b><\/h3>\n<p><b><br \/>\n<\/b><span style=\"font-weight: 400;\"> Geleneksel \u00c7in t\u0131bb\u0131na g\u00f6re, Wentong cihaz\u0131 v\u00fccuttaki so\u011fukluk ve nemi gideren, meridyenleri a\u00e7an ve kan dola\u015f\u0131m\u0131n\u0131 iyile\u015ftiren \u0131s\u0131 yoluyla tonikleme y\u00f6ntemlerini kullan\u0131r.<\/span><\/p>\n<p><b>1) Termal radyasyon<\/b><b><br \/>\n<\/b><span style=\"font-weight: 400;\"> Cihazda yer alan y\u00fcksek teknolojili enerji dalgas\u0131 jenerat\u00f6r\u00fc, a\u015fa\u011f\u0131dan yukar\u0131ya ve i\u00e7ten d\u0131\u015fa do\u011fru termal etki uygulayarak t\u00fcm v\u00fccuda n\u00fcfuz eder. Termal enerji dalgalar\u0131, ayaklardaki akupunktur noktalar\u0131n\u0131 uyar\u0131r, v\u00fccutta kan ve h\u00fccre hareketini h\u0131zland\u0131r\u0131r, v\u00fccut \u0131s\u0131s\u0131n\u0131 art\u0131r\u0131r.<\/span><\/p>\n<p><b>2) Is\u0131t\u0131c\u0131 kemer<\/b><b><br \/>\n<\/b><span style=\"font-weight: 400;\"> Uzak spektrumlu k\u0131z\u0131l\u00f6tesi radyasyon sayesinde v\u00fccudun derin dokular\u0131na etki eder, kaslar\u0131 yava\u015f\u00e7a ve s\u00fcrekli olarak \u0131s\u0131t\u0131r, kan dola\u015f\u0131m\u0131n\u0131 iyile\u015ftirir ve kas yorgunlu\u011funu hafifletir.<\/span><\/p>\n<p><b>3) LED terapi<\/b><b><br \/>\n<\/b><span style=\"font-weight: 400;\"> 633 nm k\u0131rm\u0131z\u0131 \u0131\u015f\u0131k ve 415 nm mavi \u0131\u015f\u0131k dalga boylar\u0131n\u0131 uygulayarak iltihap \u00f6nleyici ve antibakteriyel etki sa\u011flar, \u00f6demi giderir ve yara iyile\u015fmesini h\u0131zland\u0131r\u0131r. K\u0131rm\u0131z\u0131 ve mavi \u0131\u015f\u0131k ayn\u0131 anda da kullan\u0131labilir.<\/span><\/p>\n<p><b>4) Plazma<\/b><b><br \/>\n<\/b><span style=\"font-weight: 400;\"> Pozitif ve negatif iyonlar\u0131n y\u00fcksek yo\u011funlukta bulundu\u011fu bir ortam olu\u015fturarak havadaki bakterileri ar\u0131nd\u0131r\u0131r. Havan\u0131n temiz, ferah ve ho\u015f olmas\u0131n\u0131 sa\u011flar.<\/span><\/p>\n","protected":false},"featured_media":316,"template":"","categories":[6,29],"class_list":["post-1212","product","type-product","status-publish","has-post-thumbnail","hentry","categories-vse-tovary","categories-pribory"],"acf":[],"_links":{"self":[{"href":"https:\/\/mywhieda.com\/tr\/wp-json\/wp\/v2\/product\/1212","targetHints":{"allow":["GET"]}}],"collection":[{"href":"https:\/\/mywhieda.com\/tr\/wp-json\/wp\/v2\/product"}],"about":[{"href":"https:\/\/mywhieda.com\/tr\/wp-json\/wp\/v2\/types\/product"}],"wp:featuredmedia":[{"embeddable":true,"href":"https:\/\/mywhieda.com\/tr\/wp-json\/wp\/v2\/media\/316"}],"wp:attachment":[{"href":"https:\/\/mywhieda.com\/tr\/wp-json\/wp\/v2\/media?parent=1212"}],"wp:term":[{"taxonomy":"categories","embeddable":true,"href":"https:\/\/mywhieda.com\/tr\/wp-json\/wp\/v2\/categories?post=1212"}],"curies":[{"name":"wp","href":"https:\/\/api.w.org\/{rel}","templated":true}]}}