{"id":1214,"date":"2025-05-25T19:45:50","date_gmt":"2025-05-25T16:45:50","guid":{"rendered":"https:\/\/mywhieda.com\/?post_type=product&#038;p=1214"},"modified":"2025-09-13T18:01:33","modified_gmt":"2025-09-13T15:01:33","slug":"pasta-cinfen-4-2-3-2","status":"publish","type":"product","link":"https:\/\/mywhieda.com\/tr\/product\/pasta-cinfen-4-2-3-2\/","title":{"rendered":"Qingfeng pasta"},"content":{"rendered":"<p><b>Qingfeng Macunu Nedir?<\/b><\/p>\n<p>&nbsp;<\/p>\n<p><span style=\"font-weight: 400;\">Uluslararas\u0131 Sa\u011fl\u0131kl\u0131 Ya\u015fam Derne\u011fi Whieda&#8217;n\u0131n dan\u0131\u015fman\u0131 ve geleneksel \u00c7in t\u0131bb\u0131 profes\u00f6r\u00fc Zhang Danin, uzun y\u0131llara dayanan klinik deneyimine ve &#171;b\u00f6brekleri g\u00fc\u00e7lendirme ve kan dola\u015f\u0131m\u0131n\u0131 d\u00fczenleme&#187; y\u00f6ntemine dayanarak Qingfeng macununun form\u00fcl\u00fcn\u00fc geli\u015ftirmi\u015ftir. Macun, geleneksel \u00c7in t\u0131bb\u0131n\u0131n eski teknolojilerine g\u00f6re, \u00f6zenle se\u00e7ilen bile\u015fenlerle \u00fcretilmektedir. T\u00fcm bile\u015fenler \u015fu 8 geleneksel a\u015famadan ge\u00e7er: se\u00e7me, haz\u0131rlama, temizleme, \u0131slatma, kavurma, ekstraksiyon, s\u00fczme ve toplama. Bu i\u015flemler sonucunda ho\u015f bir tat ve yo\u011fun kremsi aroma elde edilir.<\/span><\/p>\n<p>&nbsp;<\/p>\n<p><b>Qingfeng macunu ne i\u015fe yarar?<\/b><\/p>\n<p>&nbsp;<\/p>\n<p><span style=\"font-weight: 400;\">Modern d\u00fcnyada, uyku bozukluklar\u0131, a\u011f\u0131r yemeklerden sonra mide rahats\u0131zl\u0131klar\u0131, hareketsiz ya\u015fam tarz\u0131, alkol ve sigara kullan\u0131m\u0131 gibi zararl\u0131 al\u0131\u015fkanl\u0131klarla s\u0131k\u00e7a kar\u015f\u0131la\u015f\u0131r\u0131z. Bunlar zamanla sa\u011fl\u0131\u011f\u0131 bozar, ya\u015fam kalitesini d\u00fc\u015f\u00fcr\u00fcr ve ciddi sa\u011fl\u0131k sorunlar\u0131na yol a\u00e7abilir. Qingfeng macunu, besleyici ve koruyucu \u00f6zellikleri bir arada sunan y\u00fcksek kaliteli bir \u00fcr\u00fcnd\u00fcr; ya\u015fam enerjisini yenilemeye yard\u0131mc\u0131 olur ve fiziksel ile zihinsel sa\u011fl\u0131\u011f\u0131 destekler.<\/span><\/p>\n<p>&nbsp;<\/p>\n<p><b>Qingfeng macununun faydalar\u0131:<\/b><\/p>\n<p>&nbsp;<\/p>\n<ol>\n<li style=\"font-weight: 400;\" aria-level=\"1\"><span style=\"font-weight: 400;\">Kardiyovask\u00fcler sistemi destekler.<\/span><\/li>\n<li style=\"font-weight: 400;\" aria-level=\"1\"><span style=\"font-weight: 400;\">Karaci\u011fer ve dala\u011f\u0131 korur.<\/span><\/li>\n<li style=\"font-weight: 400;\" aria-level=\"1\"><span style=\"font-weight: 400;\">Kan bas\u0131nc\u0131n\u0131 d\u00fc\u015f\u00fcr\u00fcr.<\/span><\/li>\n<li style=\"font-weight: 400;\" aria-level=\"1\"><span style=\"font-weight: 400;\">Kandaki ya\u011f seviyesini azaltmaya yard\u0131mc\u0131 olur.<\/span><\/li>\n<li style=\"font-weight: 400;\" aria-level=\"1\"><span style=\"font-weight: 400;\">Sindirimi ve mide salg\u0131s\u0131n\u0131 iyile\u015ftirir.<\/span><\/li>\n<li style=\"font-weight: 400;\" aria-level=\"1\"><span style=\"font-weight: 400;\">Kan dola\u015f\u0131m\u0131n\u0131 optimize eder.<\/span><\/li>\n<li style=\"font-weight: 400;\" aria-level=\"1\"><span style=\"font-weight: 400;\">\u0130drar s\u00f6kt\u00fcr\u00fcc\u00fcd\u00fcr ve \u00f6demi azalt\u0131r.<\/span><\/li>\n<li style=\"font-weight: 400;\" aria-level=\"1\"><span style=\"font-weight: 400;\">Antioksidan \u00f6zelliklere sahiptir.<\/span><\/li>\n<li style=\"font-weight: 400;\" aria-level=\"1\"><span style=\"font-weight: 400;\">Gut hastal\u0131\u011f\u0131 ve benzeri durumlar\u0131n semptomlar\u0131n\u0131 hafifletir.<\/span><\/li>\n<\/ol>\n<p>&nbsp;<\/p>\n<p><b>Kullan\u0131m endikasyonlar\u0131:<\/b><\/p>\n<p>&nbsp;<\/p>\n<ul>\n<li style=\"font-weight: 400;\" aria-level=\"1\"><span style=\"font-weight: 400;\">Sigara ve alkol kullan\u0131m\u0131<\/span><\/li>\n<li style=\"font-weight: 400;\" aria-level=\"1\"><span style=\"font-weight: 400;\">D\u00fczensiz beslenme<\/span><\/li>\n<li style=\"font-weight: 400;\" aria-level=\"1\"><span style=\"font-weight: 400;\">Fazla kilo<\/span><\/li>\n<li style=\"font-weight: 400;\" aria-level=\"1\"><span style=\"font-weight: 400;\">Stres ve gerginlik<\/span><\/li>\n<li style=\"font-weight: 400;\" aria-level=\"1\"><span style=\"font-weight: 400;\">Orta ve ileri ya\u015f<\/span><\/li>\n<li style=\"font-weight: 400;\" aria-level=\"1\"><span style=\"font-weight: 400;\">Kal\u0131tsal hastal\u0131klar<\/span><\/li>\n<li style=\"font-weight: 400;\" aria-level=\"1\"><span style=\"font-weight: 400;\">Kronik rahats\u0131zl\u0131klar<\/span><\/li>\n<li style=\"font-weight: 400;\" aria-level=\"1\"><span style=\"font-weight: 400;\">Eklem sorunlar\u0131<\/span><\/li>\n<li style=\"font-weight: 400;\" aria-level=\"1\"><span style=\"font-weight: 400;\">Hareketsiz ya\u015fam<\/span><\/li>\n<li style=\"font-weight: 400;\" aria-level=\"1\"><span style=\"font-weight: 400;\">Gut hastal\u0131\u011f\u0131<\/span><\/li>\n<\/ul>\n","protected":false},"featured_media":814,"template":"","categories":[6,32],"class_list":["post-1214","product","type-product","status-publish","has-post-thumbnail","hentry","categories-vse-tovary","categories-dieticheskie-dobavki"],"acf":[],"_links":{"self":[{"href":"https:\/\/mywhieda.com\/tr\/wp-json\/wp\/v2\/product\/1214","targetHints":{"allow":["GET"]}}],"collection":[{"href":"https:\/\/mywhieda.com\/tr\/wp-json\/wp\/v2\/product"}],"about":[{"href":"https:\/\/mywhieda.com\/tr\/wp-json\/wp\/v2\/types\/product"}],"wp:featuredmedia":[{"embeddable":true,"href":"https:\/\/mywhieda.com\/tr\/wp-json\/wp\/v2\/media\/814"}],"wp:attachment":[{"href":"https:\/\/mywhieda.com\/tr\/wp-json\/wp\/v2\/media?parent=1214"}],"wp:term":[{"taxonomy":"categories","embeddable":true,"href":"https:\/\/mywhieda.com\/tr\/wp-json\/wp\/v2\/categories?post=1214"}],"curies":[{"name":"wp","href":"https:\/\/api.w.org\/{rel}","templated":true}]}}