{"id":1242,"date":"2025-08-28T18:05:49","date_gmt":"2025-08-28T15:05:49","guid":{"rendered":"https:\/\/mywhieda.com\/?post_type=product&#038;p=1242"},"modified":"2025-08-29T21:14:00","modified_gmt":"2025-08-29T18:14:00","slug":"kapsuly-zhelezo-kalciy-cink-selen-7","status":"publish","type":"product","link":"https:\/\/mywhieda.com\/tr\/product\/kapsuly-zhelezo-kalciy-cink-selen-7\/","title":{"rendered":"Kalsiyum, Demir, \u00c7inko ve Selenyum Kaps\u00fclleri"},"content":{"rendered":"<p><span style=\"font-weight: 400;\">Bu kaps\u00fcller, kalsiyum a\u00e7\u0131s\u0131ndan do\u011fal olarak zengin olan deniz yosunlar\u0131ndan \u00fcretilmi\u015f olup, ek olarak porfirin demir, \u00e7inko glukonat, selenyumla zenginle\u015ftirilmi\u015f maya, demir glukonat ve di\u011fer faydal\u0131 minerallerle takviye edilmi\u015ftir. V\u00fccuda d\u00f6rt temel mineral sa\u011flar.<\/span><\/p>\n<p>&nbsp;<\/p>\n<p><b>Minerallerin insan v\u00fccudundaki rol\u00fc:<\/b><\/p>\n<ul>\n<li style=\"font-weight: 400;\" aria-level=\"1\"><b>Kalsiyum:<\/b><span style=\"font-weight: 400;\"> Kemik ve di\u015flerin hayati bir bile\u015fenidir; b\u00fcy\u00fcme, geli\u015fim, fizyolojik fonksiyonlar ve ba\u011f\u0131\u015f\u0131kl\u0131k sistemi performans\u0131 kalsiyum olmadan m\u00fcmk\u00fcn de\u011fildir.<\/span><\/li>\n<li style=\"font-weight: 400;\" aria-level=\"1\"><b>Demir:<\/b><span style=\"font-weight: 400;\"> Hemoglobinin temel bir par\u00e7as\u0131d\u0131r ve hematopoetik sistemin d\u00fczg\u00fcn \u00e7al\u0131\u015fmas\u0131n\u0131 destekler. Porfirin demir, hemoglobinin oksijen ta\u015f\u0131ma kapasitesini %25 art\u0131r\u0131r.<\/span><\/li>\n<li style=\"font-weight: 400;\" aria-level=\"1\"><b>\u00c7inko:<\/b><span style=\"font-weight: 400;\"> Beyin h\u00fccrelerinin geli\u015fiminde kritik rol oynar, genel ba\u011f\u0131\u015f\u0131kl\u0131\u011f\u0131 destekler, i\u015ftah\u0131 art\u0131r\u0131r ve tat alg\u0131s\u0131n\u0131 geli\u015ftirir.<\/span><\/li>\n<li style=\"font-weight: 400;\" aria-level=\"1\"><b>Selenyum:<\/b><span style=\"font-weight: 400;\"> Ba\u011f\u0131\u015f\u0131kl\u0131\u011f\u0131 g\u00fc\u00e7lendirir, oksidasyon kaynakl\u0131 ya\u015flanma s\u00fcre\u00e7lerini yava\u015flat\u0131r ve t\u00fcm\u00f6r b\u00fcy\u00fcmesini engeller.<\/span><\/li>\n<\/ul>\n<p>&nbsp;<\/p>\n<p><b>V\u00fccutta mineral eksiklikleri:<\/b><\/p>\n<ul>\n<li style=\"font-weight: 400;\" aria-level=\"1\"><b>Kalsiyum eksikli\u011fi:<\/b><span style=\"font-weight: 400;\"> Eklem a\u011fr\u0131s\u0131, s\u0131rt a\u011fr\u0131s\u0131, bacak g\u00fc\u00e7s\u00fczl\u00fc\u011f\u00fc, osteoporoz, di\u015f kayb\u0131, ba\u015f d\u00f6nmesi, uykusuzluk, sa\u00e7 d\u00f6k\u00fclmesi, b\u00fcy\u00fcme gerili\u011fi, uzuvlarda uyu\u015fma, ra\u015fitizm ve daha fazlas\u0131.<\/span><\/li>\n<li style=\"font-weight: 400;\" aria-level=\"1\"><b>Demir eksikli\u011fi:<\/b><span style=\"font-weight: 400;\"> Yorgunluk, sar\u0131ms\u0131 ten rengi, solukluk, anemi, i\u015ftah kayb\u0131, so\u011fuk ekstremiteler, b\u00fcy\u00fcme gerili\u011fi, zay\u0131f ba\u011f\u0131\u015f\u0131kl\u0131k vb.<\/span><\/li>\n<li style=\"font-weight: 400;\" aria-level=\"1\"><b>\u00c7inko eksikli\u011fi:<\/b><span style=\"font-weight: 400;\"> Haf\u0131za zay\u0131fl\u0131\u011f\u0131, dikkatsizlik, geli\u015fim gecikmesi, soluk cilt, di\u015f \u00e7\u00fcr\u00fcmesi, i\u015ftah kayb\u0131, hastal\u0131klara d\u00fc\u015f\u00fck diren\u00e7 vb.<\/span><\/li>\n<li style=\"font-weight: 400;\" aria-level=\"1\"><b>Selenyum eksikli\u011fi:<\/b><span style=\"font-weight: 400;\"> Zay\u0131f ba\u011f\u0131\u015f\u0131kl\u0131k, sa\u00e7 d\u00f6k\u00fclmesi, k\u0131r\u0131lgan t\u0131rnaklar, cilt sorunlar\u0131, n\u00f6rolojik problemler, \u00fcreme bozukluklar\u0131, kardiyovask\u00fcler hastal\u0131k, hipertansiyon, diyabet, t\u00fcm\u00f6rler vb.<\/span><\/li>\n<\/ul>\n<p>&nbsp;<\/p>\n<p><b>Ek mineral al\u0131m\u0131na ihtiya\u00e7:<\/b><b><br \/>\n<\/b><span style=\"font-weight: 400;\"> Kalsiyum, demir, \u00e7inko ve selenyum, insan v\u00fccudu i\u00e7in temel mineral elementleridir. \u00c7e\u015fitli sa\u011fl\u0131k sorunlar\u0131 s\u0131kl\u0131kla bu minerallerin dengesizli\u011fi ile ili\u015fkilidir. Bu elementler ba\u011f\u0131ms\u0131z olarak i\u015flev g\u00f6rse de birbirleriyle ba\u011flant\u0131l\u0131d\u0131r\u2014birinin eksikli\u011fi, sa\u011fl\u0131k problemleri zincirini tetikleyebilir.<\/span><span style=\"font-weight: 400;\"><br \/>\n<\/span><span style=\"font-weight: 400;\"> Ara\u015ft\u0131rmalar, bir\u00e7ok ki\u015finin ayn\u0131 anda kalsiyum, demir, \u00e7inko ve selenyum eksikli\u011fi ya\u015fad\u0131\u011f\u0131n\u0131 g\u00f6stermi\u015ftir. B\u00f6yle durumlarda yaln\u0131zca bir mineralin takviyesi sa\u011fl\u0131\u011f\u0131 \u00f6nemli \u00f6l\u00e7\u00fcde iyile\u015ftirmez.<\/span><\/p>\n<p>&nbsp;<\/p>\n<p><b>Demir, Kalsiyum, \u00c7inko ve Selenyum Kaps\u00fcllerinin Kullan\u0131m\u0131:<\/b><b><br \/>\n<\/b><span style=\"font-weight: 400;\"> Farmakokinetik \u00e7al\u0131\u015fmalar, bu d\u00f6rt elementin\u2014kalsiyum, demir, \u00e7inko ve selenyum\u2014insan v\u00fccudu taraf\u0131ndan ayn\u0131 anda emilebilece\u011fini do\u011frulam\u0131\u015ft\u0131r. Birbirlerinin emilimini engellemezler, aksine desteklerler!<\/span><\/p>\n<ul>\n<li style=\"font-weight: 400;\" aria-level=\"1\"><span style=\"font-weight: 400;\">Kalsiyum ile birlikte demir, \u00e7inko ve selenyum almak, kemikleri ve ba\u011f\u0131\u015f\u0131kl\u0131\u011f\u0131 g\u00fc\u00e7lendirir, v\u00fccudun enfeksiyonlara kar\u015f\u0131 direncini art\u0131r\u0131r ve metabolizmay\u0131 destekler.<\/span><\/li>\n<li style=\"font-weight: 400;\" aria-level=\"1\"><span style=\"font-weight: 400;\">Demir ile birlikte kalsiyum, \u00e7inko ve selenyum almak, anemi tedavisine yard\u0131mc\u0131 olur, hemoglobinin oksijen ta\u015f\u0131ma kapasitesini art\u0131r\u0131r, bili\u015fsel fonksiyonu g\u00fc\u00e7lendirir, ruh halini dengeler ve anemik hastalarda zihinsel, fiziksel ve i\u015f kapasitesini destekler.<\/span><\/li>\n<li style=\"font-weight: 400;\" aria-level=\"1\"><span style=\"font-weight: 400;\">\u00c7inko ile birlikte kalsiyum, demir ve selenyum almak, i\u015ftah\u0131, kalsiyum emilimini, dola\u015f\u0131m\u0131 ve genel sa\u011fl\u0131\u011f\u0131 iyile\u015ftirir.<\/span><\/li>\n<li style=\"font-weight: 400;\" aria-level=\"1\"><span style=\"font-weight: 400;\">Selenyum ile birlikte kalsiyum, demir ve \u00e7inko almak, ba\u011f\u0131\u015f\u0131kl\u0131k sistemi ve kemikleri g\u00fc\u00e7lendirir, besin emilimini, haf\u0131zay\u0131 ve uyku kalitesini art\u0131r\u0131r.<\/span><\/li>\n<\/ul>\n<p><span style=\"font-weight: 400;\">E\u011fer istersen, ben bunu daha <\/span><b>pazarlama odakl\u0131, okunmas\u0131 kolay bir T\u00fcrk\u00e7e versiyona<\/b><span style=\"font-weight: 400;\"> da \u00e7evirebilirim. \u0130ster misin?<\/span><\/p>\n","protected":false},"featured_media":321,"template":"","categories":[6,32],"class_list":["post-1242","product","type-product","status-publish","has-post-thumbnail","hentry","categories-vse-tovary","categories-dieticheskie-dobavki"],"acf":[],"_links":{"self":[{"href":"https:\/\/mywhieda.com\/tr\/wp-json\/wp\/v2\/product\/1242","targetHints":{"allow":["GET"]}}],"collection":[{"href":"https:\/\/mywhieda.com\/tr\/wp-json\/wp\/v2\/product"}],"about":[{"href":"https:\/\/mywhieda.com\/tr\/wp-json\/wp\/v2\/types\/product"}],"wp:featuredmedia":[{"embeddable":true,"href":"https:\/\/mywhieda.com\/tr\/wp-json\/wp\/v2\/media\/321"}],"wp:attachment":[{"href":"https:\/\/mywhieda.com\/tr\/wp-json\/wp\/v2\/media?parent=1242"}],"wp:term":[{"taxonomy":"categories","embeddable":true,"href":"https:\/\/mywhieda.com\/tr\/wp-json\/wp\/v2\/categories?post=1242"}],"curies":[{"name":"wp","href":"https:\/\/api.w.org\/{rel}","templated":true}]}}