{"id":1373,"date":"2025-12-02T14:36:25","date_gmt":"2025-12-02T11:36:25","guid":{"rendered":"https:\/\/mywhieda.com\/?post_type=product&#038;p=1373"},"modified":"2025-12-02T14:37:08","modified_gmt":"2025-12-02T11:37:08","slug":"omolazhivayushchiy-sprey-s-lifting-effektom-3-8-2","status":"publish","type":"product","link":"https:\/\/mywhieda.com\/tr\/product\/omolazhivayushchiy-sprey-s-lifting-effektom-3-8-2\/","title":{"rendered":"FUNDESEE Lifting Etkili Maske"},"content":{"rendered":"<p><span style=\"font-weight: 400;\">FUNDESEE lifting etkili maske, y\u00fcz i\u00e7in g\u00fcnl\u00fck olarak kullan\u0131lan premium bir bak\u0131m \u00fcr\u00fcn\u00fcd\u00fcr ve cilde komple bir lifting bak\u0131m\u0131 sa\u011flar, gen\u00e7li\u011fi destekler. Maske, y\u00fcksek konsantrasyonda su molek\u00fclleri i\u00e7erir ve cildi etkili bir \u015fekilde nemlendirir ve besler. Hidrolize ipek, kolajen \u00fcretimini destekler ve cildin s\u0131k\u0131l\u0131\u011f\u0131n\u0131 ve elastikiyetini art\u0131rmaya yard\u0131mc\u0131 olur.<\/span><span style=\"font-weight: 400;\"><br \/>\n<\/span><span style=\"font-weight: 400;\"> Kuru, gergin, pul pul d\u00f6k\u00fclen, hassasiyeti y\u00fcksek, mat g\u00f6r\u00fcn\u00fcmdeki ciltler i\u00e7in uygundur. Ayr\u0131ca k\u0131r\u0131\u015f\u0131kl\u0131klar\u0131n g\u00f6r\u00fcn\u00fcm\u00fcn\u00fc azalt\u0131r ve cildin p\u00fcr\u00fczs\u00fcz ve taze kalmas\u0131n\u0131 destekler.<\/span><\/p>\n<p>&nbsp;<\/p>\n<h3><b>D\u00f6rt ana bile\u015fen<\/b><\/h3>\n<p><b>Serisin<\/b><b><br \/>\n<\/b><span style=\"font-weight: 400;\"> 18 \u00e7e\u015fit amino asit i\u00e7eren protein. Cildi temizlemeye yard\u0131mc\u0131 olur ve epidermisin su-lipid dengesini destekler. Hidrolize ipekten elde edilen serisin, cilt tonunun e\u015fit kalmas\u0131na ve yumu\u015fak olmas\u0131na katk\u0131da bulunur.<\/span><\/p>\n<p><b>Fibroin<\/b><b><br \/>\n<\/b><span style=\"font-weight: 400;\"> \u0130pekten elde edilen do\u011fal bir lif. Optimal nem seviyesini korumaya yard\u0131mc\u0131 olur, cildi daha p\u00fcr\u00fczs\u00fcz, yumu\u015fak ve elastik yapar ve sa\u011fl\u0131kl\u0131 bir parlakl\u0131k kazand\u0131r\u0131r.<\/span><\/p>\n<p><b>Kitozan<\/b><b><br \/>\n<\/b><span style=\"font-weight: 400;\"> Y\u00fcksek adsorpsiyon kapasitesine sahip polisakkarit. Cildi kir ve makyaj kal\u0131nt\u0131lar\u0131ndan temizlemeye yard\u0131mc\u0131 olur, temizlik ve ferahl\u0131k hissi sa\u011flar.<\/span><\/p>\n<p><b>Sodyum Hiyal\u00fcronat<\/b><b><br \/>\n<\/b><span style=\"font-weight: 400;\"> Cildi nemlendirir ve daha p\u00fcr\u00fczs\u00fcz ve s\u0131k\u0131 hale getirir.<\/span><\/p>\n<p>&nbsp;<\/p>\n<p><b>FUNDESEE lifting etkili gen\u00e7le\u015ftirici maskenin etkileri:<\/b><b><br \/>\n<\/b><span style=\"font-weight: 400;\"> \u2022 Cildi nemlendirir<\/span><span style=\"font-weight: 400;\"><br \/>\n<\/span><span style=\"font-weight: 400;\"> \u2022 Temizler ve tazeler<\/span><span style=\"font-weight: 400;\"><br \/>\n<\/span><span style=\"font-weight: 400;\"> \u2022 Antioksidan \u00f6zelliklere sahiptir<\/span><span style=\"font-weight: 400;\"><br \/>\n<\/span><span style=\"font-weight: 400;\"> \u2022 \u015ei\u015flik ve g\u00f6z alt\u0131 morluklar\u0131n\u0131 azaltmaya yard\u0131mc\u0131 olur<\/span><span style=\"font-weight: 400;\"><br \/>\n<\/span><span style=\"font-weight: 400;\"> \u2022 Lifting etkisi sa\u011flar<\/span><span style=\"font-weight: 400;\"><br \/>\n<\/span><span style=\"font-weight: 400;\"> \u2022 Cildi daha p\u00fcr\u00fczs\u00fcz ve s\u0131k\u0131 hale getirir<\/span><\/p>\n<p>&nbsp;<\/p>\n<p><strong>Pakette \u2014 10 maske.<\/strong><\/p>\n","protected":false},"featured_media":1347,"template":"","categories":[6,33],"class_list":["post-1373","product","type-product","status-publish","has-post-thumbnail","hentry","categories-vse-tovary","categories-kosmetika"],"acf":[],"_links":{"self":[{"href":"https:\/\/mywhieda.com\/tr\/wp-json\/wp\/v2\/product\/1373","targetHints":{"allow":["GET"]}}],"collection":[{"href":"https:\/\/mywhieda.com\/tr\/wp-json\/wp\/v2\/product"}],"about":[{"href":"https:\/\/mywhieda.com\/tr\/wp-json\/wp\/v2\/types\/product"}],"wp:featuredmedia":[{"embeddable":true,"href":"https:\/\/mywhieda.com\/tr\/wp-json\/wp\/v2\/media\/1347"}],"wp:attachment":[{"href":"https:\/\/mywhieda.com\/tr\/wp-json\/wp\/v2\/media?parent=1373"}],"wp:term":[{"taxonomy":"categories","embeddable":true,"href":"https:\/\/mywhieda.com\/tr\/wp-json\/wp\/v2\/categories?post=1373"}],"curies":[{"name":"wp","href":"https:\/\/api.w.org\/{rel}","templated":true}]}}